{"id":143,"date":"2015-02-11T09:18:06","date_gmt":"2015-02-11T08:18:06","guid":{"rendered":"http:\/\/192.168.3.199:8888\/pfa001-web-profarma-2015\/trunk\/wp\/?page_id=143"},"modified":"2025-06-26T07:03:22","modified_gmt":"2025-06-26T05:03:22","slug":"home","status":"publish","type":"page","link":"https:\/\/recordati.ch\/de\/","title":{"rendered":"Recordati"},"content":{"rendered":"<p><span style=\"display: inline !important; float: none; background-color: transparent; color: #6f6f6f; font-family: 'Open Sans',Arial,sans-serif; font-size: 14px; font-style: normal; font-variant: normal; font-weight: 400; letter-spacing: 0.4px; line-height: 20px; orphans: 2; text-align: left; text-decoration: none; text-indent: 0px; text-transform: none; -webkit-text-stroke-width: 0px; white-space: normal; word-spacing: 0px;\">Recordati Schweiz vertreibt eigene und einlizenzierte Medikamente f\u00fcr unterschiedliche therapeutische Gebiete, welche vorallem verschreibungspflichtige Pr\u00e4parate beinhalten (Rx, OTx).<\/span><\/p>\n<p><span style=\"display: inline !important; float: none; background-color: transparent; color: #6f6f6f; font-family: 'Open Sans',Arial,sans-serif; font-size: 14px; font-style: normal; font-variant: normal; font-weight: 400; letter-spacing: 0.4px; line-height: 20px; orphans: 2; text-align: left; text-decoration: none; text-indent: 0px; text-transform: none; -webkit-text-stroke-width: 0px; white-space: normal; word-spacing: 0px;\">Unsere Kernkompetenzen und Engagements konzentrieren sich auf Erkrankungen der Prostata, Herz-Kreislauf-Erkrankungen und Schizophrenie.<\/span><\/p>\n<p><span style=\"display: inline !important; float: none; background-color: transparent; color: #6f6f6f; font-family: 'Open Sans',Arial,sans-serif; font-size: 14px; font-style: normal; font-variant: normal; font-weight: 400; letter-spacing: 0.4px; line-height: 20px; orphans: 2; text-align: left; text-decoration: none; text-indent: 0px; text-transform: none; -webkit-text-stroke-width: 0px; white-space: normal; word-spacing: 0px;\">Als Teil von Recordati ist es unsere Mission, dem Leistungserbringer bzw. Patienten bew\u00e4hrte und neue Medikamente f\u00fcr eine bestm\u00f6gliche Behandlung mit Lebensqualit\u00e4t zur Verf\u00fcgung zu stellen. Als Mitarbeiter engagieren wir uns jeden Tag aufs Neue um im Dienste aller unserer Ansprechgruppen diese Mission zu erf\u00fcllen.<\/span><\/p>\n","protected":false},"excerpt":{"rendered":"<p>Recordati Schweiz vertreibt eigene und einlizenzierte Medikamente f\u00fcr unterschiedliche therapeutische Gebiete, welche vorallem verschreibungspflichtige Pr\u00e4parate  &#8230; <a class=\"moretag\" href=\"https:\/\/recordati.ch\/de\/\"><span class=\"icon-arrow-read_more\"><\/span><\/a><\/p>\n","protected":false},"author":1,"featured_media":5293,"parent":0,"menu_order":10,"comment_status":"closed","ping_status":"closed","template":"","meta":{"_acf_changed":false,"footnotes":""},"class_list":["post-143","page","type-page","status-publish","has-post-thumbnail","hentry"],"acf":[],"yoast_head":"<!-- This site is optimized with the Yoast SEO plugin v27.2 - https:\/\/yoast.com\/product\/yoast-seo-wordpress\/ -->\n<title>Recordati - Recordati<\/title>\n<meta name=\"description\" content=\"Recordati Schweiz als Pharmaunternehmen vertreibt Medikamente f\u00fcr Bluthochdruck, Herzinsuffizienz, Dyslipid\u00e4mie, gutartige Prostatahyperplasie, Schizophrenie.\" \/>\n<meta name=\"robots\" content=\"index, follow, max-snippet:-1, max-image-preview:large, max-video-preview:-1\" \/>\n<link rel=\"canonical\" href=\"https:\/\/recordati.ch\/de\/\" \/>\n<meta property=\"og:locale\" content=\"de_DE\" \/>\n<meta property=\"og:type\" content=\"article\" \/>\n<meta property=\"og:title\" content=\"Recordati - Recordati\" \/>\n<meta property=\"og:description\" content=\"Recordati Schweiz als Pharmaunternehmen vertreibt Medikamente f\u00fcr Bluthochdruck, Herzinsuffizienz, Dyslipid\u00e4mie, gutartige Prostatahyperplasie, Schizophrenie.\" \/>\n<meta property=\"og:url\" content=\"https:\/\/recordati.ch\/de\/\" \/>\n<meta property=\"og:site_name\" content=\"Recordati\" \/>\n<meta property=\"article:modified_time\" content=\"2025-06-26T05:03:22+00:00\" \/>\n<meta property=\"og:image\" content=\"https:\/\/recordati.ch\/wp-content\/uploads\/2019\/04\/Start-Panorama.jpg\" \/>\n\t<meta property=\"og:image:width\" content=\"2314\" \/>\n\t<meta property=\"og:image:height\" content=\"429\" \/>\n\t<meta property=\"og:image:type\" content=\"image\/jpeg\" \/>\n<meta name=\"twitter:card\" content=\"summary_large_image\" \/>\n<meta name=\"twitter:label1\" content=\"Gesch\u00e4tzte Lesezeit\" \/>\n\t<meta name=\"twitter:data1\" content=\"1\u00a0Minute\" \/>\n<script type=\"application\/ld+json\" class=\"yoast-schema-graph\">{\"@context\":\"https:\/\/schema.org\",\"@graph\":[{\"@type\":\"WebPage\",\"@id\":\"https:\/\/recordati.ch\/de\/\",\"url\":\"https:\/\/recordati.ch\/de\/\",\"name\":\"Recordati - Recordati\",\"isPartOf\":{\"@id\":\"https:\/\/recordati.ch\/de\/#website\"},\"primaryImageOfPage\":{\"@id\":\"https:\/\/recordati.ch\/de\/#primaryimage\"},\"image\":{\"@id\":\"https:\/\/recordati.ch\/de\/#primaryimage\"},\"thumbnailUrl\":\"https:\/\/recordati.ch\/wp-content\/uploads\/2019\/04\/Start-Panorama.jpg\",\"datePublished\":\"2015-02-11T08:18:06+00:00\",\"dateModified\":\"2025-06-26T05:03:22+00:00\",\"description\":\"Recordati Schweiz als Pharmaunternehmen vertreibt Medikamente f\u00fcr Bluthochdruck, Herzinsuffizienz, Dyslipid\u00e4mie, gutartige Prostatahyperplasie, Schizophrenie.\",\"breadcrumb\":{\"@id\":\"https:\/\/recordati.ch\/de\/#breadcrumb\"},\"inLanguage\":\"de\",\"potentialAction\":[{\"@type\":\"ReadAction\",\"target\":[\"https:\/\/recordati.ch\/de\/\"]}]},{\"@type\":\"ImageObject\",\"inLanguage\":\"de\",\"@id\":\"https:\/\/recordati.ch\/de\/#primaryimage\",\"url\":\"https:\/\/recordati.ch\/wp-content\/uploads\/2019\/04\/Start-Panorama.jpg\",\"contentUrl\":\"https:\/\/recordati.ch\/wp-content\/uploads\/2019\/04\/Start-Panorama.jpg\",\"width\":2314,\"height\":429,\"caption\":\"Recordati Schweiz\"},{\"@type\":\"BreadcrumbList\",\"@id\":\"https:\/\/recordati.ch\/de\/#breadcrumb\",\"itemListElement\":[{\"@type\":\"ListItem\",\"position\":1,\"name\":\"Startseite\",\"item\":\"https:\/\/recordati.ch\/de\/\"},{\"@type\":\"ListItem\",\"position\":2,\"name\":\"Recordati\"}]},{\"@type\":\"WebSite\",\"@id\":\"https:\/\/recordati.ch\/de\/#website\",\"url\":\"https:\/\/recordati.ch\/de\/\",\"name\":\"Recordati\",\"description\":\"\",\"publisher\":{\"@id\":\"https:\/\/recordati.ch\/de\/#organization\"},\"potentialAction\":[{\"@type\":\"SearchAction\",\"target\":{\"@type\":\"EntryPoint\",\"urlTemplate\":\"https:\/\/recordati.ch\/de\/?s={search_term_string}\"},\"query-input\":{\"@type\":\"PropertyValueSpecification\",\"valueRequired\":true,\"valueName\":\"search_term_string\"}}],\"inLanguage\":\"de\"},{\"@type\":\"Organization\",\"@id\":\"https:\/\/recordati.ch\/de\/#organization\",\"name\":\"Recordati AG\",\"url\":\"https:\/\/recordati.ch\/de\/\",\"logo\":{\"@type\":\"ImageObject\",\"inLanguage\":\"de\",\"@id\":\"https:\/\/recordati.ch\/de\/#\/schema\/logo\/image\/\",\"url\":\"https:\/\/recordati.ch\/wp-content\/uploads\/2018\/07\/favicon.png\",\"contentUrl\":\"https:\/\/recordati.ch\/wp-content\/uploads\/2018\/07\/favicon.png\",\"width\":512,\"height\":512,\"caption\":\"Recordati AG\"},\"image\":{\"@id\":\"https:\/\/recordati.ch\/de\/#\/schema\/logo\/image\/\"}}]}<\/script>\n<!-- \/ Yoast SEO plugin. -->","yoast_head_json":{"title":"Recordati - Recordati","description":"Recordati Schweiz als Pharmaunternehmen vertreibt Medikamente f\u00fcr Bluthochdruck, Herzinsuffizienz, Dyslipid\u00e4mie, gutartige Prostatahyperplasie, Schizophrenie.","robots":{"index":"index","follow":"follow","max-snippet":"max-snippet:-1","max-image-preview":"max-image-preview:large","max-video-preview":"max-video-preview:-1"},"canonical":"https:\/\/recordati.ch\/de\/","og_locale":"de_DE","og_type":"article","og_title":"Recordati - Recordati","og_description":"Recordati Schweiz als Pharmaunternehmen vertreibt Medikamente f\u00fcr Bluthochdruck, Herzinsuffizienz, Dyslipid\u00e4mie, gutartige Prostatahyperplasie, Schizophrenie.","og_url":"https:\/\/recordati.ch\/de\/","og_site_name":"Recordati","article_modified_time":"2025-06-26T05:03:22+00:00","og_image":[{"width":2314,"height":429,"url":"https:\/\/recordati.ch\/wp-content\/uploads\/2019\/04\/Start-Panorama.jpg","type":"image\/jpeg"}],"twitter_card":"summary_large_image","twitter_misc":{"Gesch\u00e4tzte Lesezeit":"1\u00a0Minute"},"schema":{"@context":"https:\/\/schema.org","@graph":[{"@type":"WebPage","@id":"https:\/\/recordati.ch\/de\/","url":"https:\/\/recordati.ch\/de\/","name":"Recordati - Recordati","isPartOf":{"@id":"https:\/\/recordati.ch\/de\/#website"},"primaryImageOfPage":{"@id":"https:\/\/recordati.ch\/de\/#primaryimage"},"image":{"@id":"https:\/\/recordati.ch\/de\/#primaryimage"},"thumbnailUrl":"https:\/\/recordati.ch\/wp-content\/uploads\/2019\/04\/Start-Panorama.jpg","datePublished":"2015-02-11T08:18:06+00:00","dateModified":"2025-06-26T05:03:22+00:00","description":"Recordati Schweiz als Pharmaunternehmen vertreibt Medikamente f\u00fcr Bluthochdruck, Herzinsuffizienz, Dyslipid\u00e4mie, gutartige Prostatahyperplasie, Schizophrenie.","breadcrumb":{"@id":"https:\/\/recordati.ch\/de\/#breadcrumb"},"inLanguage":"de","potentialAction":[{"@type":"ReadAction","target":["https:\/\/recordati.ch\/de\/"]}]},{"@type":"ImageObject","inLanguage":"de","@id":"https:\/\/recordati.ch\/de\/#primaryimage","url":"https:\/\/recordati.ch\/wp-content\/uploads\/2019\/04\/Start-Panorama.jpg","contentUrl":"https:\/\/recordati.ch\/wp-content\/uploads\/2019\/04\/Start-Panorama.jpg","width":2314,"height":429,"caption":"Recordati Schweiz"},{"@type":"BreadcrumbList","@id":"https:\/\/recordati.ch\/de\/#breadcrumb","itemListElement":[{"@type":"ListItem","position":1,"name":"Startseite","item":"https:\/\/recordati.ch\/de\/"},{"@type":"ListItem","position":2,"name":"Recordati"}]},{"@type":"WebSite","@id":"https:\/\/recordati.ch\/de\/#website","url":"https:\/\/recordati.ch\/de\/","name":"Recordati","description":"","publisher":{"@id":"https:\/\/recordati.ch\/de\/#organization"},"potentialAction":[{"@type":"SearchAction","target":{"@type":"EntryPoint","urlTemplate":"https:\/\/recordati.ch\/de\/?s={search_term_string}"},"query-input":{"@type":"PropertyValueSpecification","valueRequired":true,"valueName":"search_term_string"}}],"inLanguage":"de"},{"@type":"Organization","@id":"https:\/\/recordati.ch\/de\/#organization","name":"Recordati AG","url":"https:\/\/recordati.ch\/de\/","logo":{"@type":"ImageObject","inLanguage":"de","@id":"https:\/\/recordati.ch\/de\/#\/schema\/logo\/image\/","url":"https:\/\/recordati.ch\/wp-content\/uploads\/2018\/07\/favicon.png","contentUrl":"https:\/\/recordati.ch\/wp-content\/uploads\/2018\/07\/favicon.png","width":512,"height":512,"caption":"Recordati AG"},"image":{"@id":"https:\/\/recordati.ch\/de\/#\/schema\/logo\/image\/"}}]}},"_links":{"self":[{"href":"https:\/\/recordati.ch\/de\/wp-json\/wp\/v2\/pages\/143","targetHints":{"allow":["GET"]}}],"collection":[{"href":"https:\/\/recordati.ch\/de\/wp-json\/wp\/v2\/pages"}],"about":[{"href":"https:\/\/recordati.ch\/de\/wp-json\/wp\/v2\/types\/page"}],"author":[{"embeddable":true,"href":"https:\/\/recordati.ch\/de\/wp-json\/wp\/v2\/users\/1"}],"replies":[{"embeddable":true,"href":"https:\/\/recordati.ch\/de\/wp-json\/wp\/v2\/comments?post=143"}],"version-history":[{"count":13,"href":"https:\/\/recordati.ch\/de\/wp-json\/wp\/v2\/pages\/143\/revisions"}],"predecessor-version":[{"id":10363,"href":"https:\/\/recordati.ch\/de\/wp-json\/wp\/v2\/pages\/143\/revisions\/10363"}],"wp:featuredmedia":[{"embeddable":true,"href":"https:\/\/recordati.ch\/de\/wp-json\/wp\/v2\/media\/5293"}],"wp:attachment":[{"href":"https:\/\/recordati.ch\/de\/wp-json\/wp\/v2\/media?parent=143"}],"curies":[{"name":"wp","href":"https:\/\/api.w.org\/{rel}","templated":true}]}}