{"id":2373,"date":"2018-06-19T13:40:51","date_gmt":"2018-06-19T11:40:51","guid":{"rendered":"http:\/\/recordati.ch\/?page_id=2373"},"modified":"2021-01-14T11:41:33","modified_gmt":"2021-01-14T10:41:33","slug":"zanidip","status":"publish","type":"page","link":"https:\/\/recordati.ch\/de\/aerzte_service\/herz-kreislauf\/zanidip\/","title":{"rendered":"Zanidip<sup>\u00ae<\/sup>"},"content":{"rendered":"<p><span style=\"font-size: 14pt;\">Lercanidipin<\/span><\/p>\n<h5><\/h5>\n<p>&nbsp;<\/p>\n<h5><span style=\"color: #808080;\"><strong>\u00dcberzeugende Blutdrucksenkung bei \u00fcberlegener Vertr\u00e4glichkeit.<sup>1-3<\/sup><\/strong><\/span><\/h5>\n","protected":false},"excerpt":{"rendered":"<p>Lercanidipin &nbsp; \u00dcberzeugende Blutdrucksenkung bei \u00fcberlegener Vertr\u00e4glichkeit.1-3<\/p>\n","protected":false},"author":22,"featured_media":5309,"parent":2475,"menu_order":107,"comment_status":"closed","ping_status":"closed","template":"templates\/page-produkt-fach.php","meta":{"_acf_changed":false,"footnotes":""},"class_list":["post-2373","page","type-page","status-publish","has-post-thumbnail","hentry"],"acf":[],"yoast_head":"<!-- This site is optimized with the Yoast SEO plugin v27.2 - https:\/\/yoast.com\/product\/yoast-seo-wordpress\/ -->\n<title>Zanidip\u00ae - Recordati<\/title>\n<meta name=\"robots\" content=\"noindex, nofollow\" \/>\n<meta property=\"og:locale\" content=\"de_DE\" \/>\n<meta property=\"og:type\" content=\"article\" \/>\n<meta property=\"og:title\" content=\"Zanidip\u00ae - Recordati\" \/>\n<meta property=\"og:description\" content=\"Lercanidipin &nbsp; \u00dcberzeugende Blutdrucksenkung bei \u00fcberlegener Vertr\u00e4glichkeit.1-3\" \/>\n<meta property=\"og:url\" content=\"https:\/\/recordati.ch\/de\/aerzte_service\/herz-kreislauf\/zanidip\/\" \/>\n<meta property=\"og:site_name\" content=\"Recordati\" \/>\n<meta property=\"article:modified_time\" content=\"2021-01-14T10:41:33+00:00\" \/>\n<meta property=\"og:image\" content=\"https:\/\/recordati.ch\/wp-content\/uploads\/2019\/04\/medizinisches-Fachpersonal.jpg\" \/>\n\t<meta property=\"og:image:width\" content=\"2272\" \/>\n\t<meta property=\"og:image:height\" content=\"869\" \/>\n\t<meta property=\"og:image:type\" content=\"image\/jpeg\" \/>\n<meta name=\"twitter:card\" content=\"summary_large_image\" \/>\n<script type=\"application\/ld+json\" class=\"yoast-schema-graph\">{\"@context\":\"https:\/\/schema.org\",\"@graph\":[{\"@type\":\"WebPage\",\"@id\":\"https:\/\/recordati.ch\/de\/aerzte_service\/herz-kreislauf\/zanidip\/\",\"url\":\"https:\/\/recordati.ch\/de\/aerzte_service\/herz-kreislauf\/zanidip\/\",\"name\":\"Zanidip\u00ae - Recordati\",\"isPartOf\":{\"@id\":\"https:\/\/recordati.ch\/de\/#website\"},\"primaryImageOfPage\":{\"@id\":\"https:\/\/recordati.ch\/de\/aerzte_service\/herz-kreislauf\/zanidip\/#primaryimage\"},\"image\":{\"@id\":\"https:\/\/recordati.ch\/de\/aerzte_service\/herz-kreislauf\/zanidip\/#primaryimage\"},\"thumbnailUrl\":\"https:\/\/recordati.ch\/wp-content\/uploads\/2019\/04\/medizinisches-Fachpersonal.jpg\",\"datePublished\":\"2018-06-19T11:40:51+00:00\",\"dateModified\":\"2021-01-14T10:41:33+00:00\",\"breadcrumb\":{\"@id\":\"https:\/\/recordati.ch\/de\/aerzte_service\/herz-kreislauf\/zanidip\/#breadcrumb\"},\"inLanguage\":\"de\",\"potentialAction\":[{\"@type\":\"ReadAction\",\"target\":[\"https:\/\/recordati.ch\/de\/aerzte_service\/herz-kreislauf\/zanidip\/\"]}]},{\"@type\":\"ImageObject\",\"inLanguage\":\"de\",\"@id\":\"https:\/\/recordati.ch\/de\/aerzte_service\/herz-kreislauf\/zanidip\/#primaryimage\",\"url\":\"https:\/\/recordati.ch\/wp-content\/uploads\/2019\/04\/medizinisches-Fachpersonal.jpg\",\"contentUrl\":\"https:\/\/recordati.ch\/wp-content\/uploads\/2019\/04\/medizinisches-Fachpersonal.jpg\",\"width\":2272,\"height\":869},{\"@type\":\"BreadcrumbList\",\"@id\":\"https:\/\/recordati.ch\/de\/aerzte_service\/herz-kreislauf\/zanidip\/#breadcrumb\",\"itemListElement\":[{\"@type\":\"ListItem\",\"position\":1,\"name\":\"Startseite\",\"item\":\"https:\/\/recordati.ch\/de\/\"},{\"@type\":\"ListItem\",\"position\":2,\"name\":\"Medizinische Fachpersonen\",\"item\":\"https:\/\/recordati.ch\/de\/aerzte_service\/\"},{\"@type\":\"ListItem\",\"position\":3,\"name\":\"Kardiologie\",\"item\":\"https:\/\/recordati.ch\/de\/aerzte_service\/herz-kreislauf\/\"},{\"@type\":\"ListItem\",\"position\":4,\"name\":\"Zanidip\u00ae\"}]},{\"@type\":\"WebSite\",\"@id\":\"https:\/\/recordati.ch\/de\/#website\",\"url\":\"https:\/\/recordati.ch\/de\/\",\"name\":\"Recordati\",\"description\":\"\",\"publisher\":{\"@id\":\"https:\/\/recordati.ch\/de\/#organization\"},\"potentialAction\":[{\"@type\":\"SearchAction\",\"target\":{\"@type\":\"EntryPoint\",\"urlTemplate\":\"https:\/\/recordati.ch\/de\/?s={search_term_string}\"},\"query-input\":{\"@type\":\"PropertyValueSpecification\",\"valueRequired\":true,\"valueName\":\"search_term_string\"}}],\"inLanguage\":\"de\"},{\"@type\":\"Organization\",\"@id\":\"https:\/\/recordati.ch\/de\/#organization\",\"name\":\"Recordati AG\",\"url\":\"https:\/\/recordati.ch\/de\/\",\"logo\":{\"@type\":\"ImageObject\",\"inLanguage\":\"de\",\"@id\":\"https:\/\/recordati.ch\/de\/#\/schema\/logo\/image\/\",\"url\":\"https:\/\/recordati.ch\/wp-content\/uploads\/2018\/07\/favicon.png\",\"contentUrl\":\"https:\/\/recordati.ch\/wp-content\/uploads\/2018\/07\/favicon.png\",\"width\":512,\"height\":512,\"caption\":\"Recordati AG\"},\"image\":{\"@id\":\"https:\/\/recordati.ch\/de\/#\/schema\/logo\/image\/\"}}]}<\/script>\n<!-- \/ Yoast SEO plugin. -->","yoast_head_json":{"title":"Zanidip\u00ae - Recordati","robots":{"index":"noindex","follow":"nofollow"},"og_locale":"de_DE","og_type":"article","og_title":"Zanidip\u00ae - Recordati","og_description":"Lercanidipin &nbsp; \u00dcberzeugende Blutdrucksenkung bei \u00fcberlegener Vertr\u00e4glichkeit.1-3","og_url":"https:\/\/recordati.ch\/de\/aerzte_service\/herz-kreislauf\/zanidip\/","og_site_name":"Recordati","article_modified_time":"2021-01-14T10:41:33+00:00","og_image":[{"width":2272,"height":869,"url":"https:\/\/recordati.ch\/wp-content\/uploads\/2019\/04\/medizinisches-Fachpersonal.jpg","type":"image\/jpeg"}],"twitter_card":"summary_large_image","schema":{"@context":"https:\/\/schema.org","@graph":[{"@type":"WebPage","@id":"https:\/\/recordati.ch\/de\/aerzte_service\/herz-kreislauf\/zanidip\/","url":"https:\/\/recordati.ch\/de\/aerzte_service\/herz-kreislauf\/zanidip\/","name":"Zanidip\u00ae - Recordati","isPartOf":{"@id":"https:\/\/recordati.ch\/de\/#website"},"primaryImageOfPage":{"@id":"https:\/\/recordati.ch\/de\/aerzte_service\/herz-kreislauf\/zanidip\/#primaryimage"},"image":{"@id":"https:\/\/recordati.ch\/de\/aerzte_service\/herz-kreislauf\/zanidip\/#primaryimage"},"thumbnailUrl":"https:\/\/recordati.ch\/wp-content\/uploads\/2019\/04\/medizinisches-Fachpersonal.jpg","datePublished":"2018-06-19T11:40:51+00:00","dateModified":"2021-01-14T10:41:33+00:00","breadcrumb":{"@id":"https:\/\/recordati.ch\/de\/aerzte_service\/herz-kreislauf\/zanidip\/#breadcrumb"},"inLanguage":"de","potentialAction":[{"@type":"ReadAction","target":["https:\/\/recordati.ch\/de\/aerzte_service\/herz-kreislauf\/zanidip\/"]}]},{"@type":"ImageObject","inLanguage":"de","@id":"https:\/\/recordati.ch\/de\/aerzte_service\/herz-kreislauf\/zanidip\/#primaryimage","url":"https:\/\/recordati.ch\/wp-content\/uploads\/2019\/04\/medizinisches-Fachpersonal.jpg","contentUrl":"https:\/\/recordati.ch\/wp-content\/uploads\/2019\/04\/medizinisches-Fachpersonal.jpg","width":2272,"height":869},{"@type":"BreadcrumbList","@id":"https:\/\/recordati.ch\/de\/aerzte_service\/herz-kreislauf\/zanidip\/#breadcrumb","itemListElement":[{"@type":"ListItem","position":1,"name":"Startseite","item":"https:\/\/recordati.ch\/de\/"},{"@type":"ListItem","position":2,"name":"Medizinische Fachpersonen","item":"https:\/\/recordati.ch\/de\/aerzte_service\/"},{"@type":"ListItem","position":3,"name":"Kardiologie","item":"https:\/\/recordati.ch\/de\/aerzte_service\/herz-kreislauf\/"},{"@type":"ListItem","position":4,"name":"Zanidip\u00ae"}]},{"@type":"WebSite","@id":"https:\/\/recordati.ch\/de\/#website","url":"https:\/\/recordati.ch\/de\/","name":"Recordati","description":"","publisher":{"@id":"https:\/\/recordati.ch\/de\/#organization"},"potentialAction":[{"@type":"SearchAction","target":{"@type":"EntryPoint","urlTemplate":"https:\/\/recordati.ch\/de\/?s={search_term_string}"},"query-input":{"@type":"PropertyValueSpecification","valueRequired":true,"valueName":"search_term_string"}}],"inLanguage":"de"},{"@type":"Organization","@id":"https:\/\/recordati.ch\/de\/#organization","name":"Recordati AG","url":"https:\/\/recordati.ch\/de\/","logo":{"@type":"ImageObject","inLanguage":"de","@id":"https:\/\/recordati.ch\/de\/#\/schema\/logo\/image\/","url":"https:\/\/recordati.ch\/wp-content\/uploads\/2018\/07\/favicon.png","contentUrl":"https:\/\/recordati.ch\/wp-content\/uploads\/2018\/07\/favicon.png","width":512,"height":512,"caption":"Recordati AG"},"image":{"@id":"https:\/\/recordati.ch\/de\/#\/schema\/logo\/image\/"}}]}},"_links":{"self":[{"href":"https:\/\/recordati.ch\/de\/wp-json\/wp\/v2\/pages\/2373","targetHints":{"allow":["GET"]}}],"collection":[{"href":"https:\/\/recordati.ch\/de\/wp-json\/wp\/v2\/pages"}],"about":[{"href":"https:\/\/recordati.ch\/de\/wp-json\/wp\/v2\/types\/page"}],"author":[{"embeddable":true,"href":"https:\/\/recordati.ch\/de\/wp-json\/wp\/v2\/users\/22"}],"replies":[{"embeddable":true,"href":"https:\/\/recordati.ch\/de\/wp-json\/wp\/v2\/comments?post=2373"}],"version-history":[{"count":10,"href":"https:\/\/recordati.ch\/de\/wp-json\/wp\/v2\/pages\/2373\/revisions"}],"predecessor-version":[{"id":7341,"href":"https:\/\/recordati.ch\/de\/wp-json\/wp\/v2\/pages\/2373\/revisions\/7341"}],"up":[{"embeddable":true,"href":"https:\/\/recordati.ch\/de\/wp-json\/wp\/v2\/pages\/2475"}],"wp:featuredmedia":[{"embeddable":true,"href":"https:\/\/recordati.ch\/de\/wp-json\/wp\/v2\/media\/5309"}],"wp:attachment":[{"href":"https:\/\/recordati.ch\/de\/wp-json\/wp\/v2\/media?parent=2373"}],"curies":[{"name":"wp","href":"https:\/\/api.w.org\/{rel}","templated":true}]}}