{"id":2392,"date":"2018-06-20T08:09:20","date_gmt":"2018-06-20T06:09:20","guid":{"rendered":"http:\/\/recordati.ch\/?page_id=2392"},"modified":"2020-06-16T14:42:50","modified_gmt":"2020-06-16T12:42:50","slug":"erhoehte-blutfettwerte","status":"publish","type":"page","link":"https:\/\/recordati.ch\/de\/therapiegebiete\/kardiologie\/erhoehte-blutfettwerte\/","title":{"rendered":"Erh\u00f6hte Blutfettwerte"},"content":{"rendered":"","protected":false},"excerpt":{"rendered":"","protected":false},"author":22,"featured_media":5306,"parent":2499,"menu_order":64,"comment_status":"closed","ping_status":"closed","template":"","meta":{"_acf_changed":false,"footnotes":""},"class_list":["post-2392","page","type-page","status-publish","has-post-thumbnail","hentry"],"acf":[],"yoast_head":"<!-- This site is optimized with the Yoast SEO plugin v27.2 - https:\/\/yoast.com\/product\/yoast-seo-wordpress\/ -->\n<title>Erh\u00f6hte Blutfettwerte - Recordati<\/title>\n<meta name=\"description\" content=\"Blutfettwerte erh\u00f6ht. Recordati Schweiz hilft dank Livazo mit dem Molek\u00fcl Pitavastatin.\" \/>\n<meta name=\"robots\" content=\"index, follow, max-snippet:-1, max-image-preview:large, max-video-preview:-1\" \/>\n<link rel=\"canonical\" href=\"https:\/\/recordati.ch\/de\/therapiegebiete\/kardiologie\/erhoehte-blutfettwerte\/\" \/>\n<meta property=\"og:locale\" content=\"de_DE\" \/>\n<meta property=\"og:type\" content=\"article\" \/>\n<meta property=\"og:title\" content=\"Erh\u00f6hte Blutfettwerte - Recordati\" \/>\n<meta property=\"og:description\" content=\"Blutfettwerte erh\u00f6ht. Recordati Schweiz hilft dank Livazo mit dem Molek\u00fcl Pitavastatin.\" \/>\n<meta property=\"og:url\" content=\"https:\/\/recordati.ch\/de\/therapiegebiete\/kardiologie\/erhoehte-blutfettwerte\/\" \/>\n<meta property=\"og:site_name\" content=\"Recordati\" \/>\n<meta property=\"article:modified_time\" content=\"2020-06-16T12:42:50+00:00\" \/>\n<meta property=\"og:image\" content=\"https:\/\/recordati.ch\/wp-content\/uploads\/2019\/04\/20181220_162108-1.jpg\" \/>\n\t<meta property=\"og:image:width\" content=\"1719\" \/>\n\t<meta property=\"og:image:height\" content=\"392\" \/>\n\t<meta property=\"og:image:type\" content=\"image\/jpeg\" \/>\n<meta name=\"twitter:card\" content=\"summary_large_image\" \/>\n<script type=\"application\/ld+json\" class=\"yoast-schema-graph\">{\"@context\":\"https:\/\/schema.org\",\"@graph\":[{\"@type\":\"WebPage\",\"@id\":\"https:\/\/recordati.ch\/de\/therapiegebiete\/kardiologie\/erhoehte-blutfettwerte\/\",\"url\":\"https:\/\/recordati.ch\/de\/therapiegebiete\/kardiologie\/erhoehte-blutfettwerte\/\",\"name\":\"Erh\u00f6hte Blutfettwerte - Recordati\",\"isPartOf\":{\"@id\":\"https:\/\/recordati.ch\/de\/#website\"},\"primaryImageOfPage\":{\"@id\":\"https:\/\/recordati.ch\/de\/therapiegebiete\/kardiologie\/erhoehte-blutfettwerte\/#primaryimage\"},\"image\":{\"@id\":\"https:\/\/recordati.ch\/de\/therapiegebiete\/kardiologie\/erhoehte-blutfettwerte\/#primaryimage\"},\"thumbnailUrl\":\"https:\/\/recordati.ch\/wp-content\/uploads\/2019\/04\/20181220_162108-1.jpg\",\"datePublished\":\"2018-06-20T06:09:20+00:00\",\"dateModified\":\"2020-06-16T12:42:50+00:00\",\"description\":\"Blutfettwerte erh\u00f6ht. Recordati Schweiz hilft dank Livazo mit dem Molek\u00fcl Pitavastatin.\",\"breadcrumb\":{\"@id\":\"https:\/\/recordati.ch\/de\/therapiegebiete\/kardiologie\/erhoehte-blutfettwerte\/#breadcrumb\"},\"inLanguage\":\"de\",\"potentialAction\":[{\"@type\":\"ReadAction\",\"target\":[\"https:\/\/recordati.ch\/de\/therapiegebiete\/kardiologie\/erhoehte-blutfettwerte\/\"]}]},{\"@type\":\"ImageObject\",\"inLanguage\":\"de\",\"@id\":\"https:\/\/recordati.ch\/de\/therapiegebiete\/kardiologie\/erhoehte-blutfettwerte\/#primaryimage\",\"url\":\"https:\/\/recordati.ch\/wp-content\/uploads\/2019\/04\/20181220_162108-1.jpg\",\"contentUrl\":\"https:\/\/recordati.ch\/wp-content\/uploads\/2019\/04\/20181220_162108-1.jpg\",\"width\":1719,\"height\":392},{\"@type\":\"BreadcrumbList\",\"@id\":\"https:\/\/recordati.ch\/de\/therapiegebiete\/kardiologie\/erhoehte-blutfettwerte\/#breadcrumb\",\"itemListElement\":[{\"@type\":\"ListItem\",\"position\":1,\"name\":\"Startseite\",\"item\":\"https:\/\/recordati.ch\/de\/\"},{\"@type\":\"ListItem\",\"position\":2,\"name\":\"Therapiegebiete\",\"item\":\"https:\/\/recordati.ch\/de\/therapiegebiete\/\"},{\"@type\":\"ListItem\",\"position\":3,\"name\":\"Kardiologie\",\"item\":\"https:\/\/recordati.ch\/de\/therapiegebiete\/kardiologie\/\"},{\"@type\":\"ListItem\",\"position\":4,\"name\":\"Erh\u00f6hte Blutfettwerte\"}]},{\"@type\":\"WebSite\",\"@id\":\"https:\/\/recordati.ch\/de\/#website\",\"url\":\"https:\/\/recordati.ch\/de\/\",\"name\":\"Recordati\",\"description\":\"\",\"publisher\":{\"@id\":\"https:\/\/recordati.ch\/de\/#organization\"},\"potentialAction\":[{\"@type\":\"SearchAction\",\"target\":{\"@type\":\"EntryPoint\",\"urlTemplate\":\"https:\/\/recordati.ch\/de\/?s={search_term_string}\"},\"query-input\":{\"@type\":\"PropertyValueSpecification\",\"valueRequired\":true,\"valueName\":\"search_term_string\"}}],\"inLanguage\":\"de\"},{\"@type\":\"Organization\",\"@id\":\"https:\/\/recordati.ch\/de\/#organization\",\"name\":\"Recordati AG\",\"url\":\"https:\/\/recordati.ch\/de\/\",\"logo\":{\"@type\":\"ImageObject\",\"inLanguage\":\"de\",\"@id\":\"https:\/\/recordati.ch\/de\/#\/schema\/logo\/image\/\",\"url\":\"https:\/\/recordati.ch\/wp-content\/uploads\/2018\/07\/favicon.png\",\"contentUrl\":\"https:\/\/recordati.ch\/wp-content\/uploads\/2018\/07\/favicon.png\",\"width\":512,\"height\":512,\"caption\":\"Recordati AG\"},\"image\":{\"@id\":\"https:\/\/recordati.ch\/de\/#\/schema\/logo\/image\/\"}}]}<\/script>\n<!-- \/ Yoast SEO plugin. -->","yoast_head_json":{"title":"Erh\u00f6hte Blutfettwerte - Recordati","description":"Blutfettwerte erh\u00f6ht. Recordati Schweiz hilft dank Livazo mit dem Molek\u00fcl Pitavastatin.","robots":{"index":"index","follow":"follow","max-snippet":"max-snippet:-1","max-image-preview":"max-image-preview:large","max-video-preview":"max-video-preview:-1"},"canonical":"https:\/\/recordati.ch\/de\/therapiegebiete\/kardiologie\/erhoehte-blutfettwerte\/","og_locale":"de_DE","og_type":"article","og_title":"Erh\u00f6hte Blutfettwerte - Recordati","og_description":"Blutfettwerte erh\u00f6ht. Recordati Schweiz hilft dank Livazo mit dem Molek\u00fcl Pitavastatin.","og_url":"https:\/\/recordati.ch\/de\/therapiegebiete\/kardiologie\/erhoehte-blutfettwerte\/","og_site_name":"Recordati","article_modified_time":"2020-06-16T12:42:50+00:00","og_image":[{"width":1719,"height":392,"url":"https:\/\/recordati.ch\/wp-content\/uploads\/2019\/04\/20181220_162108-1.jpg","type":"image\/jpeg"}],"twitter_card":"summary_large_image","schema":{"@context":"https:\/\/schema.org","@graph":[{"@type":"WebPage","@id":"https:\/\/recordati.ch\/de\/therapiegebiete\/kardiologie\/erhoehte-blutfettwerte\/","url":"https:\/\/recordati.ch\/de\/therapiegebiete\/kardiologie\/erhoehte-blutfettwerte\/","name":"Erh\u00f6hte Blutfettwerte - Recordati","isPartOf":{"@id":"https:\/\/recordati.ch\/de\/#website"},"primaryImageOfPage":{"@id":"https:\/\/recordati.ch\/de\/therapiegebiete\/kardiologie\/erhoehte-blutfettwerte\/#primaryimage"},"image":{"@id":"https:\/\/recordati.ch\/de\/therapiegebiete\/kardiologie\/erhoehte-blutfettwerte\/#primaryimage"},"thumbnailUrl":"https:\/\/recordati.ch\/wp-content\/uploads\/2019\/04\/20181220_162108-1.jpg","datePublished":"2018-06-20T06:09:20+00:00","dateModified":"2020-06-16T12:42:50+00:00","description":"Blutfettwerte erh\u00f6ht. Recordati Schweiz hilft dank Livazo mit dem Molek\u00fcl Pitavastatin.","breadcrumb":{"@id":"https:\/\/recordati.ch\/de\/therapiegebiete\/kardiologie\/erhoehte-blutfettwerte\/#breadcrumb"},"inLanguage":"de","potentialAction":[{"@type":"ReadAction","target":["https:\/\/recordati.ch\/de\/therapiegebiete\/kardiologie\/erhoehte-blutfettwerte\/"]}]},{"@type":"ImageObject","inLanguage":"de","@id":"https:\/\/recordati.ch\/de\/therapiegebiete\/kardiologie\/erhoehte-blutfettwerte\/#primaryimage","url":"https:\/\/recordati.ch\/wp-content\/uploads\/2019\/04\/20181220_162108-1.jpg","contentUrl":"https:\/\/recordati.ch\/wp-content\/uploads\/2019\/04\/20181220_162108-1.jpg","width":1719,"height":392},{"@type":"BreadcrumbList","@id":"https:\/\/recordati.ch\/de\/therapiegebiete\/kardiologie\/erhoehte-blutfettwerte\/#breadcrumb","itemListElement":[{"@type":"ListItem","position":1,"name":"Startseite","item":"https:\/\/recordati.ch\/de\/"},{"@type":"ListItem","position":2,"name":"Therapiegebiete","item":"https:\/\/recordati.ch\/de\/therapiegebiete\/"},{"@type":"ListItem","position":3,"name":"Kardiologie","item":"https:\/\/recordati.ch\/de\/therapiegebiete\/kardiologie\/"},{"@type":"ListItem","position":4,"name":"Erh\u00f6hte Blutfettwerte"}]},{"@type":"WebSite","@id":"https:\/\/recordati.ch\/de\/#website","url":"https:\/\/recordati.ch\/de\/","name":"Recordati","description":"","publisher":{"@id":"https:\/\/recordati.ch\/de\/#organization"},"potentialAction":[{"@type":"SearchAction","target":{"@type":"EntryPoint","urlTemplate":"https:\/\/recordati.ch\/de\/?s={search_term_string}"},"query-input":{"@type":"PropertyValueSpecification","valueRequired":true,"valueName":"search_term_string"}}],"inLanguage":"de"},{"@type":"Organization","@id":"https:\/\/recordati.ch\/de\/#organization","name":"Recordati AG","url":"https:\/\/recordati.ch\/de\/","logo":{"@type":"ImageObject","inLanguage":"de","@id":"https:\/\/recordati.ch\/de\/#\/schema\/logo\/image\/","url":"https:\/\/recordati.ch\/wp-content\/uploads\/2018\/07\/favicon.png","contentUrl":"https:\/\/recordati.ch\/wp-content\/uploads\/2018\/07\/favicon.png","width":512,"height":512,"caption":"Recordati AG"},"image":{"@id":"https:\/\/recordati.ch\/de\/#\/schema\/logo\/image\/"}}]}},"_links":{"self":[{"href":"https:\/\/recordati.ch\/de\/wp-json\/wp\/v2\/pages\/2392","targetHints":{"allow":["GET"]}}],"collection":[{"href":"https:\/\/recordati.ch\/de\/wp-json\/wp\/v2\/pages"}],"about":[{"href":"https:\/\/recordati.ch\/de\/wp-json\/wp\/v2\/types\/page"}],"author":[{"embeddable":true,"href":"https:\/\/recordati.ch\/de\/wp-json\/wp\/v2\/users\/22"}],"replies":[{"embeddable":true,"href":"https:\/\/recordati.ch\/de\/wp-json\/wp\/v2\/comments?post=2392"}],"version-history":[{"count":3,"href":"https:\/\/recordati.ch\/de\/wp-json\/wp\/v2\/pages\/2392\/revisions"}],"predecessor-version":[{"id":2630,"href":"https:\/\/recordati.ch\/de\/wp-json\/wp\/v2\/pages\/2392\/revisions\/2630"}],"up":[{"embeddable":true,"href":"https:\/\/recordati.ch\/de\/wp-json\/wp\/v2\/pages\/2499"}],"wp:featuredmedia":[{"embeddable":true,"href":"https:\/\/recordati.ch\/de\/wp-json\/wp\/v2\/media\/5306"}],"wp:attachment":[{"href":"https:\/\/recordati.ch\/de\/wp-json\/wp\/v2\/media?parent=2392"}],"curies":[{"name":"wp","href":"https:\/\/api.w.org\/{rel}","templated":true}]}}