{"id":2614,"date":"2018-06-29T15:35:14","date_gmt":"2018-06-29T13:35:14","guid":{"rendered":"http:\/\/recordati.ch\/?page_id=2614"},"modified":"2020-07-06T16:24:11","modified_gmt":"2020-07-06T14:24:11","slug":"neurologie","status":"publish","type":"page","link":"https:\/\/recordati.ch\/de\/therapiegebiete\/neurologie\/","title":{"rendered":"Neurologie"},"content":{"rendered":"<p><a href=\"http:\/\/recordati.ch\/de\/therapiegebiete\/neurologie\/migraene\/\">Migr\u00e4ne<\/a><\/p>\n","protected":false},"excerpt":{"rendered":"<p>Migr\u00e4ne<\/p>\n","protected":false},"author":22,"featured_media":5306,"parent":221,"menu_order":87,"comment_status":"closed","ping_status":"closed","template":"","meta":{"_acf_changed":false,"footnotes":""},"class_list":["post-2614","page","type-page","status-publish","has-post-thumbnail","hentry"],"acf":[],"yoast_head":"<!-- This site is optimized with the Yoast SEO plugin v27.2 - https:\/\/yoast.com\/product\/yoast-seo-wordpress\/ -->\n<title>Neurologie - Recordati<\/title>\n<meta name=\"description\" content=\"Recordati Schweiz mit einem Pr\u00e4parat gegen Migr\u00e4ne. Menamig als Serotonin-Antagonist gegen Migr\u00e4neanf\u00e4lle.\" \/>\n<meta name=\"robots\" content=\"index, follow, max-snippet:-1, max-image-preview:large, max-video-preview:-1\" \/>\n<link rel=\"canonical\" href=\"https:\/\/recordati.ch\/de\/therapiegebiete\/neurologie\/\" \/>\n<meta property=\"og:locale\" content=\"de_DE\" \/>\n<meta property=\"og:type\" content=\"article\" \/>\n<meta property=\"og:title\" content=\"Neurologie - Recordati\" \/>\n<meta property=\"og:description\" content=\"Recordati Schweiz mit einem Pr\u00e4parat gegen Migr\u00e4ne. Menamig als Serotonin-Antagonist gegen Migr\u00e4neanf\u00e4lle.\" \/>\n<meta property=\"og:url\" content=\"https:\/\/recordati.ch\/de\/therapiegebiete\/neurologie\/\" \/>\n<meta property=\"og:site_name\" content=\"Recordati\" \/>\n<meta property=\"article:modified_time\" content=\"2020-07-06T14:24:11+00:00\" \/>\n<meta property=\"og:image\" content=\"https:\/\/recordati.ch\/wp-content\/uploads\/2019\/04\/20181220_162108-1.jpg\" \/>\n\t<meta property=\"og:image:width\" content=\"1719\" \/>\n\t<meta property=\"og:image:height\" content=\"392\" \/>\n\t<meta property=\"og:image:type\" content=\"image\/jpeg\" \/>\n<meta name=\"twitter:card\" content=\"summary_large_image\" \/>\n<script type=\"application\/ld+json\" class=\"yoast-schema-graph\">{\"@context\":\"https:\/\/schema.org\",\"@graph\":[{\"@type\":\"WebPage\",\"@id\":\"https:\/\/recordati.ch\/de\/therapiegebiete\/neurologie\/\",\"url\":\"https:\/\/recordati.ch\/de\/therapiegebiete\/neurologie\/\",\"name\":\"Neurologie - Recordati\",\"isPartOf\":{\"@id\":\"https:\/\/recordati.ch\/de\/#website\"},\"primaryImageOfPage\":{\"@id\":\"https:\/\/recordati.ch\/de\/therapiegebiete\/neurologie\/#primaryimage\"},\"image\":{\"@id\":\"https:\/\/recordati.ch\/de\/therapiegebiete\/neurologie\/#primaryimage\"},\"thumbnailUrl\":\"https:\/\/recordati.ch\/wp-content\/uploads\/2019\/04\/20181220_162108-1.jpg\",\"datePublished\":\"2018-06-29T13:35:14+00:00\",\"dateModified\":\"2020-07-06T14:24:11+00:00\",\"description\":\"Recordati Schweiz mit einem Pr\u00e4parat gegen Migr\u00e4ne. Menamig als Serotonin-Antagonist gegen Migr\u00e4neanf\u00e4lle.\",\"breadcrumb\":{\"@id\":\"https:\/\/recordati.ch\/de\/therapiegebiete\/neurologie\/#breadcrumb\"},\"inLanguage\":\"de\",\"potentialAction\":[{\"@type\":\"ReadAction\",\"target\":[\"https:\/\/recordati.ch\/de\/therapiegebiete\/neurologie\/\"]}]},{\"@type\":\"ImageObject\",\"inLanguage\":\"de\",\"@id\":\"https:\/\/recordati.ch\/de\/therapiegebiete\/neurologie\/#primaryimage\",\"url\":\"https:\/\/recordati.ch\/wp-content\/uploads\/2019\/04\/20181220_162108-1.jpg\",\"contentUrl\":\"https:\/\/recordati.ch\/wp-content\/uploads\/2019\/04\/20181220_162108-1.jpg\",\"width\":1719,\"height\":392},{\"@type\":\"BreadcrumbList\",\"@id\":\"https:\/\/recordati.ch\/de\/therapiegebiete\/neurologie\/#breadcrumb\",\"itemListElement\":[{\"@type\":\"ListItem\",\"position\":1,\"name\":\"Startseite\",\"item\":\"https:\/\/recordati.ch\/de\/\"},{\"@type\":\"ListItem\",\"position\":2,\"name\":\"Therapiegebiete\",\"item\":\"https:\/\/recordati.ch\/de\/therapiegebiete\/\"},{\"@type\":\"ListItem\",\"position\":3,\"name\":\"Neurologie\"}]},{\"@type\":\"WebSite\",\"@id\":\"https:\/\/recordati.ch\/de\/#website\",\"url\":\"https:\/\/recordati.ch\/de\/\",\"name\":\"Recordati\",\"description\":\"\",\"publisher\":{\"@id\":\"https:\/\/recordati.ch\/de\/#organization\"},\"potentialAction\":[{\"@type\":\"SearchAction\",\"target\":{\"@type\":\"EntryPoint\",\"urlTemplate\":\"https:\/\/recordati.ch\/de\/?s={search_term_string}\"},\"query-input\":{\"@type\":\"PropertyValueSpecification\",\"valueRequired\":true,\"valueName\":\"search_term_string\"}}],\"inLanguage\":\"de\"},{\"@type\":\"Organization\",\"@id\":\"https:\/\/recordati.ch\/de\/#organization\",\"name\":\"Recordati AG\",\"url\":\"https:\/\/recordati.ch\/de\/\",\"logo\":{\"@type\":\"ImageObject\",\"inLanguage\":\"de\",\"@id\":\"https:\/\/recordati.ch\/de\/#\/schema\/logo\/image\/\",\"url\":\"https:\/\/recordati.ch\/wp-content\/uploads\/2018\/07\/favicon.png\",\"contentUrl\":\"https:\/\/recordati.ch\/wp-content\/uploads\/2018\/07\/favicon.png\",\"width\":512,\"height\":512,\"caption\":\"Recordati AG\"},\"image\":{\"@id\":\"https:\/\/recordati.ch\/de\/#\/schema\/logo\/image\/\"}}]}<\/script>\n<!-- \/ Yoast SEO plugin. -->","yoast_head_json":{"title":"Neurologie - Recordati","description":"Recordati Schweiz mit einem Pr\u00e4parat gegen Migr\u00e4ne. Menamig als Serotonin-Antagonist gegen Migr\u00e4neanf\u00e4lle.","robots":{"index":"index","follow":"follow","max-snippet":"max-snippet:-1","max-image-preview":"max-image-preview:large","max-video-preview":"max-video-preview:-1"},"canonical":"https:\/\/recordati.ch\/de\/therapiegebiete\/neurologie\/","og_locale":"de_DE","og_type":"article","og_title":"Neurologie - Recordati","og_description":"Recordati Schweiz mit einem Pr\u00e4parat gegen Migr\u00e4ne. Menamig als Serotonin-Antagonist gegen Migr\u00e4neanf\u00e4lle.","og_url":"https:\/\/recordati.ch\/de\/therapiegebiete\/neurologie\/","og_site_name":"Recordati","article_modified_time":"2020-07-06T14:24:11+00:00","og_image":[{"width":1719,"height":392,"url":"https:\/\/recordati.ch\/wp-content\/uploads\/2019\/04\/20181220_162108-1.jpg","type":"image\/jpeg"}],"twitter_card":"summary_large_image","schema":{"@context":"https:\/\/schema.org","@graph":[{"@type":"WebPage","@id":"https:\/\/recordati.ch\/de\/therapiegebiete\/neurologie\/","url":"https:\/\/recordati.ch\/de\/therapiegebiete\/neurologie\/","name":"Neurologie - Recordati","isPartOf":{"@id":"https:\/\/recordati.ch\/de\/#website"},"primaryImageOfPage":{"@id":"https:\/\/recordati.ch\/de\/therapiegebiete\/neurologie\/#primaryimage"},"image":{"@id":"https:\/\/recordati.ch\/de\/therapiegebiete\/neurologie\/#primaryimage"},"thumbnailUrl":"https:\/\/recordati.ch\/wp-content\/uploads\/2019\/04\/20181220_162108-1.jpg","datePublished":"2018-06-29T13:35:14+00:00","dateModified":"2020-07-06T14:24:11+00:00","description":"Recordati Schweiz mit einem Pr\u00e4parat gegen Migr\u00e4ne. Menamig als Serotonin-Antagonist gegen Migr\u00e4neanf\u00e4lle.","breadcrumb":{"@id":"https:\/\/recordati.ch\/de\/therapiegebiete\/neurologie\/#breadcrumb"},"inLanguage":"de","potentialAction":[{"@type":"ReadAction","target":["https:\/\/recordati.ch\/de\/therapiegebiete\/neurologie\/"]}]},{"@type":"ImageObject","inLanguage":"de","@id":"https:\/\/recordati.ch\/de\/therapiegebiete\/neurologie\/#primaryimage","url":"https:\/\/recordati.ch\/wp-content\/uploads\/2019\/04\/20181220_162108-1.jpg","contentUrl":"https:\/\/recordati.ch\/wp-content\/uploads\/2019\/04\/20181220_162108-1.jpg","width":1719,"height":392},{"@type":"BreadcrumbList","@id":"https:\/\/recordati.ch\/de\/therapiegebiete\/neurologie\/#breadcrumb","itemListElement":[{"@type":"ListItem","position":1,"name":"Startseite","item":"https:\/\/recordati.ch\/de\/"},{"@type":"ListItem","position":2,"name":"Therapiegebiete","item":"https:\/\/recordati.ch\/de\/therapiegebiete\/"},{"@type":"ListItem","position":3,"name":"Neurologie"}]},{"@type":"WebSite","@id":"https:\/\/recordati.ch\/de\/#website","url":"https:\/\/recordati.ch\/de\/","name":"Recordati","description":"","publisher":{"@id":"https:\/\/recordati.ch\/de\/#organization"},"potentialAction":[{"@type":"SearchAction","target":{"@type":"EntryPoint","urlTemplate":"https:\/\/recordati.ch\/de\/?s={search_term_string}"},"query-input":{"@type":"PropertyValueSpecification","valueRequired":true,"valueName":"search_term_string"}}],"inLanguage":"de"},{"@type":"Organization","@id":"https:\/\/recordati.ch\/de\/#organization","name":"Recordati AG","url":"https:\/\/recordati.ch\/de\/","logo":{"@type":"ImageObject","inLanguage":"de","@id":"https:\/\/recordati.ch\/de\/#\/schema\/logo\/image\/","url":"https:\/\/recordati.ch\/wp-content\/uploads\/2018\/07\/favicon.png","contentUrl":"https:\/\/recordati.ch\/wp-content\/uploads\/2018\/07\/favicon.png","width":512,"height":512,"caption":"Recordati AG"},"image":{"@id":"https:\/\/recordati.ch\/de\/#\/schema\/logo\/image\/"}}]}},"_links":{"self":[{"href":"https:\/\/recordati.ch\/de\/wp-json\/wp\/v2\/pages\/2614","targetHints":{"allow":["GET"]}}],"collection":[{"href":"https:\/\/recordati.ch\/de\/wp-json\/wp\/v2\/pages"}],"about":[{"href":"https:\/\/recordati.ch\/de\/wp-json\/wp\/v2\/types\/page"}],"author":[{"embeddable":true,"href":"https:\/\/recordati.ch\/de\/wp-json\/wp\/v2\/users\/22"}],"replies":[{"embeddable":true,"href":"https:\/\/recordati.ch\/de\/wp-json\/wp\/v2\/comments?post=2614"}],"version-history":[{"count":5,"href":"https:\/\/recordati.ch\/de\/wp-json\/wp\/v2\/pages\/2614\/revisions"}],"predecessor-version":[{"id":5233,"href":"https:\/\/recordati.ch\/de\/wp-json\/wp\/v2\/pages\/2614\/revisions\/5233"}],"up":[{"embeddable":true,"href":"https:\/\/recordati.ch\/de\/wp-json\/wp\/v2\/pages\/221"}],"wp:featuredmedia":[{"embeddable":true,"href":"https:\/\/recordati.ch\/de\/wp-json\/wp\/v2\/media\/5306"}],"wp:attachment":[{"href":"https:\/\/recordati.ch\/de\/wp-json\/wp\/v2\/media?parent=2614"}],"curies":[{"name":"wp","href":"https:\/\/api.w.org\/{rel}","templated":true}]}}