{"id":4810,"date":"2018-07-20T11:12:47","date_gmt":"2018-07-20T09:12:47","guid":{"rendered":"http:\/\/recordati.ch\/?page_id=4810"},"modified":"2020-06-16T14:50:47","modified_gmt":"2020-06-16T12:50:47","slug":"ueberaktive-blase","status":"publish","type":"page","link":"https:\/\/recordati.ch\/de\/therapiegebiete\/urologie\/ueberaktive-blase\/","title":{"rendered":"\u00dcberaktive Blase"},"content":{"rendered":"","protected":false},"excerpt":{"rendered":"","protected":false},"author":22,"featured_media":5306,"parent":2502,"menu_order":60,"comment_status":"closed","ping_status":"closed","template":"","meta":{"_acf_changed":false,"footnotes":""},"class_list":["post-4810","page","type-page","status-publish","has-post-thumbnail","hentry"],"acf":[],"yoast_head":"<!-- This site is optimized with the Yoast SEO plugin v27.2 - https:\/\/yoast.com\/product\/yoast-seo-wordpress\/ -->\n<title>\u00dcberaktive Blase - Recordati<\/title>\n<meta name=\"description\" content=\"Gereizte Harnblase. Recordati Schweiz hilft mit dem Pr\u00e4parat Urispas, mit dem Molek\u00fcl Flavoxathydrochlorid\" \/>\n<meta name=\"robots\" content=\"index, follow, max-snippet:-1, max-image-preview:large, max-video-preview:-1\" \/>\n<link rel=\"canonical\" href=\"https:\/\/recordati.ch\/de\/therapiegebiete\/urologie\/ueberaktive-blase\/\" \/>\n<meta property=\"og:locale\" content=\"de_DE\" \/>\n<meta property=\"og:type\" content=\"article\" \/>\n<meta property=\"og:title\" content=\"\u00dcberaktive Blase - Recordati\" \/>\n<meta property=\"og:description\" content=\"Gereizte Harnblase. Recordati Schweiz hilft mit dem Pr\u00e4parat Urispas, mit dem Molek\u00fcl Flavoxathydrochlorid\" \/>\n<meta property=\"og:url\" content=\"https:\/\/recordati.ch\/de\/therapiegebiete\/urologie\/ueberaktive-blase\/\" \/>\n<meta property=\"og:site_name\" content=\"Recordati\" \/>\n<meta property=\"article:modified_time\" content=\"2020-06-16T12:50:47+00:00\" \/>\n<meta property=\"og:image\" content=\"https:\/\/recordati.ch\/wp-content\/uploads\/2019\/04\/20181220_162108-1.jpg\" \/>\n\t<meta property=\"og:image:width\" content=\"1719\" \/>\n\t<meta property=\"og:image:height\" content=\"392\" \/>\n\t<meta property=\"og:image:type\" content=\"image\/jpeg\" \/>\n<meta name=\"twitter:card\" content=\"summary_large_image\" \/>\n<script type=\"application\/ld+json\" class=\"yoast-schema-graph\">{\"@context\":\"https:\/\/schema.org\",\"@graph\":[{\"@type\":\"WebPage\",\"@id\":\"https:\/\/recordati.ch\/de\/therapiegebiete\/urologie\/ueberaktive-blase\/\",\"url\":\"https:\/\/recordati.ch\/de\/therapiegebiete\/urologie\/ueberaktive-blase\/\",\"name\":\"\u00dcberaktive Blase - Recordati\",\"isPartOf\":{\"@id\":\"https:\/\/recordati.ch\/de\/#website\"},\"primaryImageOfPage\":{\"@id\":\"https:\/\/recordati.ch\/de\/therapiegebiete\/urologie\/ueberaktive-blase\/#primaryimage\"},\"image\":{\"@id\":\"https:\/\/recordati.ch\/de\/therapiegebiete\/urologie\/ueberaktive-blase\/#primaryimage\"},\"thumbnailUrl\":\"https:\/\/recordati.ch\/wp-content\/uploads\/2019\/04\/20181220_162108-1.jpg\",\"datePublished\":\"2018-07-20T09:12:47+00:00\",\"dateModified\":\"2020-06-16T12:50:47+00:00\",\"description\":\"Gereizte Harnblase. Recordati Schweiz hilft mit dem Pr\u00e4parat Urispas, mit dem Molek\u00fcl Flavoxathydrochlorid\",\"breadcrumb\":{\"@id\":\"https:\/\/recordati.ch\/de\/therapiegebiete\/urologie\/ueberaktive-blase\/#breadcrumb\"},\"inLanguage\":\"de\",\"potentialAction\":[{\"@type\":\"ReadAction\",\"target\":[\"https:\/\/recordati.ch\/de\/therapiegebiete\/urologie\/ueberaktive-blase\/\"]}]},{\"@type\":\"ImageObject\",\"inLanguage\":\"de\",\"@id\":\"https:\/\/recordati.ch\/de\/therapiegebiete\/urologie\/ueberaktive-blase\/#primaryimage\",\"url\":\"https:\/\/recordati.ch\/wp-content\/uploads\/2019\/04\/20181220_162108-1.jpg\",\"contentUrl\":\"https:\/\/recordati.ch\/wp-content\/uploads\/2019\/04\/20181220_162108-1.jpg\",\"width\":1719,\"height\":392},{\"@type\":\"BreadcrumbList\",\"@id\":\"https:\/\/recordati.ch\/de\/therapiegebiete\/urologie\/ueberaktive-blase\/#breadcrumb\",\"itemListElement\":[{\"@type\":\"ListItem\",\"position\":1,\"name\":\"Startseite\",\"item\":\"https:\/\/recordati.ch\/de\/\"},{\"@type\":\"ListItem\",\"position\":2,\"name\":\"Therapiegebiete\",\"item\":\"https:\/\/recordati.ch\/de\/therapiegebiete\/\"},{\"@type\":\"ListItem\",\"position\":3,\"name\":\"Urologie\",\"item\":\"https:\/\/recordati.ch\/de\/therapiegebiete\/urologie\/\"},{\"@type\":\"ListItem\",\"position\":4,\"name\":\"\u00dcberaktive Blase\"}]},{\"@type\":\"WebSite\",\"@id\":\"https:\/\/recordati.ch\/de\/#website\",\"url\":\"https:\/\/recordati.ch\/de\/\",\"name\":\"Recordati\",\"description\":\"\",\"publisher\":{\"@id\":\"https:\/\/recordati.ch\/de\/#organization\"},\"potentialAction\":[{\"@type\":\"SearchAction\",\"target\":{\"@type\":\"EntryPoint\",\"urlTemplate\":\"https:\/\/recordati.ch\/de\/?s={search_term_string}\"},\"query-input\":{\"@type\":\"PropertyValueSpecification\",\"valueRequired\":true,\"valueName\":\"search_term_string\"}}],\"inLanguage\":\"de\"},{\"@type\":\"Organization\",\"@id\":\"https:\/\/recordati.ch\/de\/#organization\",\"name\":\"Recordati AG\",\"url\":\"https:\/\/recordati.ch\/de\/\",\"logo\":{\"@type\":\"ImageObject\",\"inLanguage\":\"de\",\"@id\":\"https:\/\/recordati.ch\/de\/#\/schema\/logo\/image\/\",\"url\":\"https:\/\/recordati.ch\/wp-content\/uploads\/2018\/07\/favicon.png\",\"contentUrl\":\"https:\/\/recordati.ch\/wp-content\/uploads\/2018\/07\/favicon.png\",\"width\":512,\"height\":512,\"caption\":\"Recordati AG\"},\"image\":{\"@id\":\"https:\/\/recordati.ch\/de\/#\/schema\/logo\/image\/\"}}]}<\/script>\n<!-- \/ Yoast SEO plugin. -->","yoast_head_json":{"title":"\u00dcberaktive Blase - Recordati","description":"Gereizte Harnblase. Recordati Schweiz hilft mit dem Pr\u00e4parat Urispas, mit dem Molek\u00fcl Flavoxathydrochlorid","robots":{"index":"index","follow":"follow","max-snippet":"max-snippet:-1","max-image-preview":"max-image-preview:large","max-video-preview":"max-video-preview:-1"},"canonical":"https:\/\/recordati.ch\/de\/therapiegebiete\/urologie\/ueberaktive-blase\/","og_locale":"de_DE","og_type":"article","og_title":"\u00dcberaktive Blase - Recordati","og_description":"Gereizte Harnblase. Recordati Schweiz hilft mit dem Pr\u00e4parat Urispas, mit dem Molek\u00fcl Flavoxathydrochlorid","og_url":"https:\/\/recordati.ch\/de\/therapiegebiete\/urologie\/ueberaktive-blase\/","og_site_name":"Recordati","article_modified_time":"2020-06-16T12:50:47+00:00","og_image":[{"width":1719,"height":392,"url":"https:\/\/recordati.ch\/wp-content\/uploads\/2019\/04\/20181220_162108-1.jpg","type":"image\/jpeg"}],"twitter_card":"summary_large_image","schema":{"@context":"https:\/\/schema.org","@graph":[{"@type":"WebPage","@id":"https:\/\/recordati.ch\/de\/therapiegebiete\/urologie\/ueberaktive-blase\/","url":"https:\/\/recordati.ch\/de\/therapiegebiete\/urologie\/ueberaktive-blase\/","name":"\u00dcberaktive Blase - Recordati","isPartOf":{"@id":"https:\/\/recordati.ch\/de\/#website"},"primaryImageOfPage":{"@id":"https:\/\/recordati.ch\/de\/therapiegebiete\/urologie\/ueberaktive-blase\/#primaryimage"},"image":{"@id":"https:\/\/recordati.ch\/de\/therapiegebiete\/urologie\/ueberaktive-blase\/#primaryimage"},"thumbnailUrl":"https:\/\/recordati.ch\/wp-content\/uploads\/2019\/04\/20181220_162108-1.jpg","datePublished":"2018-07-20T09:12:47+00:00","dateModified":"2020-06-16T12:50:47+00:00","description":"Gereizte Harnblase. Recordati Schweiz hilft mit dem Pr\u00e4parat Urispas, mit dem Molek\u00fcl Flavoxathydrochlorid","breadcrumb":{"@id":"https:\/\/recordati.ch\/de\/therapiegebiete\/urologie\/ueberaktive-blase\/#breadcrumb"},"inLanguage":"de","potentialAction":[{"@type":"ReadAction","target":["https:\/\/recordati.ch\/de\/therapiegebiete\/urologie\/ueberaktive-blase\/"]}]},{"@type":"ImageObject","inLanguage":"de","@id":"https:\/\/recordati.ch\/de\/therapiegebiete\/urologie\/ueberaktive-blase\/#primaryimage","url":"https:\/\/recordati.ch\/wp-content\/uploads\/2019\/04\/20181220_162108-1.jpg","contentUrl":"https:\/\/recordati.ch\/wp-content\/uploads\/2019\/04\/20181220_162108-1.jpg","width":1719,"height":392},{"@type":"BreadcrumbList","@id":"https:\/\/recordati.ch\/de\/therapiegebiete\/urologie\/ueberaktive-blase\/#breadcrumb","itemListElement":[{"@type":"ListItem","position":1,"name":"Startseite","item":"https:\/\/recordati.ch\/de\/"},{"@type":"ListItem","position":2,"name":"Therapiegebiete","item":"https:\/\/recordati.ch\/de\/therapiegebiete\/"},{"@type":"ListItem","position":3,"name":"Urologie","item":"https:\/\/recordati.ch\/de\/therapiegebiete\/urologie\/"},{"@type":"ListItem","position":4,"name":"\u00dcberaktive Blase"}]},{"@type":"WebSite","@id":"https:\/\/recordati.ch\/de\/#website","url":"https:\/\/recordati.ch\/de\/","name":"Recordati","description":"","publisher":{"@id":"https:\/\/recordati.ch\/de\/#organization"},"potentialAction":[{"@type":"SearchAction","target":{"@type":"EntryPoint","urlTemplate":"https:\/\/recordati.ch\/de\/?s={search_term_string}"},"query-input":{"@type":"PropertyValueSpecification","valueRequired":true,"valueName":"search_term_string"}}],"inLanguage":"de"},{"@type":"Organization","@id":"https:\/\/recordati.ch\/de\/#organization","name":"Recordati AG","url":"https:\/\/recordati.ch\/de\/","logo":{"@type":"ImageObject","inLanguage":"de","@id":"https:\/\/recordati.ch\/de\/#\/schema\/logo\/image\/","url":"https:\/\/recordati.ch\/wp-content\/uploads\/2018\/07\/favicon.png","contentUrl":"https:\/\/recordati.ch\/wp-content\/uploads\/2018\/07\/favicon.png","width":512,"height":512,"caption":"Recordati AG"},"image":{"@id":"https:\/\/recordati.ch\/de\/#\/schema\/logo\/image\/"}}]}},"_links":{"self":[{"href":"https:\/\/recordati.ch\/de\/wp-json\/wp\/v2\/pages\/4810","targetHints":{"allow":["GET"]}}],"collection":[{"href":"https:\/\/recordati.ch\/de\/wp-json\/wp\/v2\/pages"}],"about":[{"href":"https:\/\/recordati.ch\/de\/wp-json\/wp\/v2\/types\/page"}],"author":[{"embeddable":true,"href":"https:\/\/recordati.ch\/de\/wp-json\/wp\/v2\/users\/22"}],"replies":[{"embeddable":true,"href":"https:\/\/recordati.ch\/de\/wp-json\/wp\/v2\/comments?post=4810"}],"version-history":[{"count":3,"href":"https:\/\/recordati.ch\/de\/wp-json\/wp\/v2\/pages\/4810\/revisions"}],"predecessor-version":[{"id":5845,"href":"https:\/\/recordati.ch\/de\/wp-json\/wp\/v2\/pages\/4810\/revisions\/5845"}],"up":[{"embeddable":true,"href":"https:\/\/recordati.ch\/de\/wp-json\/wp\/v2\/pages\/2502"}],"wp:featuredmedia":[{"embeddable":true,"href":"https:\/\/recordati.ch\/de\/wp-json\/wp\/v2\/media\/5306"}],"wp:attachment":[{"href":"https:\/\/recordati.ch\/de\/wp-json\/wp\/v2\/media?parent=4810"}],"curies":[{"name":"wp","href":"https:\/\/api.w.org\/{rel}","templated":true}]}}