{"id":1408,"date":"2015-02-19T15:17:46","date_gmt":"2015-02-19T14:17:46","guid":{"rendered":"http:\/\/recordati.ch\/therapiegebiete-2\/"},"modified":"2020-07-07T13:16:29","modified_gmt":"2020-07-07T11:16:29","slug":"domaines-therapeutiques","status":"publish","type":"page","link":"https:\/\/recordati.ch\/fr\/domaines-therapeutiques\/","title":{"rendered":"Domaines th\u00e9rapeutiques"},"content":{"rendered":"<p>Nous sommes sp\u00e9cialis\u00e9s dans des domaines d\u2019indications s\u00e9lectionn\u00e9s. Des troubles chroniques, r\u00e9cidivants pendant une p\u00e9riode de temps prolong\u00e9e ou d\u2019intensit\u00e9 croissante, mettent \u00e0 rude \u00e9preuve les personnes qui en souffrent. C\u2019est pourquoi nous tenons \u00e0 contribuer \u00e0 une am\u00e9lioration des possibilit\u00e9s th\u00e9rapeutiques dans les domaines list\u00e9s \u00e0 cot\u00e9.<\/p>\n","protected":false},"excerpt":{"rendered":"<p>Nous sommes sp\u00e9cialis\u00e9s dans des domaines d\u2019indications s\u00e9lectionn\u00e9s. Des troubles chroniques, r\u00e9cidivants pendant une p\u00e9riode  &#8230; <a class=\"moretag\" href=\"https:\/\/recordati.ch\/fr\/domaines-therapeutiques\/\"><span class=\"icon-arrow-read_more\"><\/span><\/a><\/p>\n","protected":false},"author":1,"featured_media":5304,"parent":0,"menu_order":42,"comment_status":"closed","ping_status":"closed","template":"","meta":{"_acf_changed":false,"footnotes":""},"class_list":["post-1408","page","type-page","status-publish","has-post-thumbnail","hentry"],"acf":[],"yoast_head":"<!-- This site is optimized with the Yoast SEO plugin v27.4 - https:\/\/yoast.com\/product\/yoast-seo-wordpress\/ -->\n<title>Domaines th\u00e9rapeutiques - Recordati<\/title>\n<meta name=\"description\" content=\"Domaines therapeutiques Recordati Suisse cardiologie, urologie, psychiatrie, gastroenterologie, dermatologie. Reagila, Urorec, Livazo, Tretinac\" \/>\n<meta name=\"robots\" content=\"index, follow, max-snippet:-1, max-image-preview:large, max-video-preview:-1\" \/>\n<link rel=\"canonical\" href=\"https:\/\/recordati.ch\/fr\/domaines-therapeutiques\/\" \/>\n<meta property=\"og:locale\" content=\"fr_FR\" \/>\n<meta property=\"og:type\" content=\"article\" \/>\n<meta property=\"og:title\" content=\"Domaines th\u00e9rapeutiques - Recordati\" \/>\n<meta property=\"og:description\" content=\"Domaines therapeutiques Recordati Suisse cardiologie, urologie, psychiatrie, gastroenterologie, dermatologie. Reagila, Urorec, Livazo, Tretinac\" \/>\n<meta property=\"og:url\" content=\"https:\/\/recordati.ch\/fr\/domaines-therapeutiques\/\" \/>\n<meta property=\"og:site_name\" content=\"Recordati\" \/>\n<meta property=\"article:modified_time\" content=\"2020-07-07T11:16:29+00:00\" \/>\n<meta property=\"og:image\" content=\"https:\/\/recordati.ch\/wp-content\/uploads\/2019\/04\/20181220_162108.jpg\" \/>\n\t<meta property=\"og:image:width\" content=\"1719\" \/>\n\t<meta property=\"og:image:height\" content=\"392\" \/>\n\t<meta property=\"og:image:type\" content=\"image\/jpeg\" \/>\n<meta name=\"twitter:card\" content=\"summary_large_image\" \/>\n<script type=\"application\/ld+json\" class=\"yoast-schema-graph\">{\"@context\":\"https:\\\/\\\/schema.org\",\"@graph\":[{\"@type\":\"WebPage\",\"@id\":\"https:\\\/\\\/recordati.ch\\\/fr\\\/domaines-therapeutiques\\\/\",\"url\":\"https:\\\/\\\/recordati.ch\\\/fr\\\/domaines-therapeutiques\\\/\",\"name\":\"Domaines th\u00e9rapeutiques - Recordati\",\"isPartOf\":{\"@id\":\"https:\\\/\\\/recordati.ch\\\/de\\\/#website\"},\"primaryImageOfPage\":{\"@id\":\"https:\\\/\\\/recordati.ch\\\/fr\\\/domaines-therapeutiques\\\/#primaryimage\"},\"image\":{\"@id\":\"https:\\\/\\\/recordati.ch\\\/fr\\\/domaines-therapeutiques\\\/#primaryimage\"},\"thumbnailUrl\":\"https:\\\/\\\/recordati.ch\\\/wp-content\\\/uploads\\\/2019\\\/04\\\/20181220_162108.jpg\",\"datePublished\":\"2015-02-19T14:17:46+00:00\",\"dateModified\":\"2020-07-07T11:16:29+00:00\",\"description\":\"Domaines therapeutiques Recordati Suisse cardiologie, urologie, psychiatrie, gastroenterologie, dermatologie. Reagila, Urorec, Livazo, Tretinac\",\"breadcrumb\":{\"@id\":\"https:\\\/\\\/recordati.ch\\\/fr\\\/domaines-therapeutiques\\\/#breadcrumb\"},\"inLanguage\":\"fr-FR\",\"potentialAction\":[{\"@type\":\"ReadAction\",\"target\":[\"https:\\\/\\\/recordati.ch\\\/fr\\\/domaines-therapeutiques\\\/\"]}]},{\"@type\":\"ImageObject\",\"inLanguage\":\"fr-FR\",\"@id\":\"https:\\\/\\\/recordati.ch\\\/fr\\\/domaines-therapeutiques\\\/#primaryimage\",\"url\":\"https:\\\/\\\/recordati.ch\\\/wp-content\\\/uploads\\\/2019\\\/04\\\/20181220_162108.jpg\",\"contentUrl\":\"https:\\\/\\\/recordati.ch\\\/wp-content\\\/uploads\\\/2019\\\/04\\\/20181220_162108.jpg\",\"width\":1719,\"height\":392},{\"@type\":\"BreadcrumbList\",\"@id\":\"https:\\\/\\\/recordati.ch\\\/fr\\\/domaines-therapeutiques\\\/#breadcrumb\",\"itemListElement\":[{\"@type\":\"ListItem\",\"position\":1,\"name\":\"Startseite\",\"item\":\"https:\\\/\\\/recordati.ch\\\/fr\\\/\"},{\"@type\":\"ListItem\",\"position\":2,\"name\":\"Domaines th\u00e9rapeutiques\"}]},{\"@type\":\"WebSite\",\"@id\":\"https:\\\/\\\/recordati.ch\\\/de\\\/#website\",\"url\":\"https:\\\/\\\/recordati.ch\\\/de\\\/\",\"name\":\"Recordati\",\"description\":\"\",\"publisher\":{\"@id\":\"https:\\\/\\\/recordati.ch\\\/de\\\/#organization\"},\"potentialAction\":[{\"@type\":\"SearchAction\",\"target\":{\"@type\":\"EntryPoint\",\"urlTemplate\":\"https:\\\/\\\/recordati.ch\\\/de\\\/?s={search_term_string}\"},\"query-input\":{\"@type\":\"PropertyValueSpecification\",\"valueRequired\":true,\"valueName\":\"search_term_string\"}}],\"inLanguage\":\"fr-FR\"},{\"@type\":\"Organization\",\"@id\":\"https:\\\/\\\/recordati.ch\\\/de\\\/#organization\",\"name\":\"Recordati AG\",\"url\":\"https:\\\/\\\/recordati.ch\\\/de\\\/\",\"logo\":{\"@type\":\"ImageObject\",\"inLanguage\":\"fr-FR\",\"@id\":\"https:\\\/\\\/recordati.ch\\\/de\\\/#\\\/schema\\\/logo\\\/image\\\/\",\"url\":\"https:\\\/\\\/recordati.ch\\\/wp-content\\\/uploads\\\/2018\\\/07\\\/favicon.png\",\"contentUrl\":\"https:\\\/\\\/recordati.ch\\\/wp-content\\\/uploads\\\/2018\\\/07\\\/favicon.png\",\"width\":512,\"height\":512,\"caption\":\"Recordati AG\"},\"image\":{\"@id\":\"https:\\\/\\\/recordati.ch\\\/de\\\/#\\\/schema\\\/logo\\\/image\\\/\"}}]}<\/script>\n<!-- \/ Yoast SEO plugin. -->","yoast_head_json":{"title":"Domaines th\u00e9rapeutiques - Recordati","description":"Domaines therapeutiques Recordati Suisse cardiologie, urologie, psychiatrie, gastroenterologie, dermatologie. Reagila, Urorec, Livazo, Tretinac","robots":{"index":"index","follow":"follow","max-snippet":"max-snippet:-1","max-image-preview":"max-image-preview:large","max-video-preview":"max-video-preview:-1"},"canonical":"https:\/\/recordati.ch\/fr\/domaines-therapeutiques\/","og_locale":"fr_FR","og_type":"article","og_title":"Domaines th\u00e9rapeutiques - Recordati","og_description":"Domaines therapeutiques Recordati Suisse cardiologie, urologie, psychiatrie, gastroenterologie, dermatologie. Reagila, Urorec, Livazo, Tretinac","og_url":"https:\/\/recordati.ch\/fr\/domaines-therapeutiques\/","og_site_name":"Recordati","article_modified_time":"2020-07-07T11:16:29+00:00","og_image":[{"width":1719,"height":392,"url":"https:\/\/recordati.ch\/wp-content\/uploads\/2019\/04\/20181220_162108.jpg","type":"image\/jpeg"}],"twitter_card":"summary_large_image","schema":{"@context":"https:\/\/schema.org","@graph":[{"@type":"WebPage","@id":"https:\/\/recordati.ch\/fr\/domaines-therapeutiques\/","url":"https:\/\/recordati.ch\/fr\/domaines-therapeutiques\/","name":"Domaines th\u00e9rapeutiques - Recordati","isPartOf":{"@id":"https:\/\/recordati.ch\/de\/#website"},"primaryImageOfPage":{"@id":"https:\/\/recordati.ch\/fr\/domaines-therapeutiques\/#primaryimage"},"image":{"@id":"https:\/\/recordati.ch\/fr\/domaines-therapeutiques\/#primaryimage"},"thumbnailUrl":"https:\/\/recordati.ch\/wp-content\/uploads\/2019\/04\/20181220_162108.jpg","datePublished":"2015-02-19T14:17:46+00:00","dateModified":"2020-07-07T11:16:29+00:00","description":"Domaines therapeutiques Recordati Suisse cardiologie, urologie, psychiatrie, gastroenterologie, dermatologie. Reagila, Urorec, Livazo, Tretinac","breadcrumb":{"@id":"https:\/\/recordati.ch\/fr\/domaines-therapeutiques\/#breadcrumb"},"inLanguage":"fr-FR","potentialAction":[{"@type":"ReadAction","target":["https:\/\/recordati.ch\/fr\/domaines-therapeutiques\/"]}]},{"@type":"ImageObject","inLanguage":"fr-FR","@id":"https:\/\/recordati.ch\/fr\/domaines-therapeutiques\/#primaryimage","url":"https:\/\/recordati.ch\/wp-content\/uploads\/2019\/04\/20181220_162108.jpg","contentUrl":"https:\/\/recordati.ch\/wp-content\/uploads\/2019\/04\/20181220_162108.jpg","width":1719,"height":392},{"@type":"BreadcrumbList","@id":"https:\/\/recordati.ch\/fr\/domaines-therapeutiques\/#breadcrumb","itemListElement":[{"@type":"ListItem","position":1,"name":"Startseite","item":"https:\/\/recordati.ch\/fr\/"},{"@type":"ListItem","position":2,"name":"Domaines th\u00e9rapeutiques"}]},{"@type":"WebSite","@id":"https:\/\/recordati.ch\/de\/#website","url":"https:\/\/recordati.ch\/de\/","name":"Recordati","description":"","publisher":{"@id":"https:\/\/recordati.ch\/de\/#organization"},"potentialAction":[{"@type":"SearchAction","target":{"@type":"EntryPoint","urlTemplate":"https:\/\/recordati.ch\/de\/?s={search_term_string}"},"query-input":{"@type":"PropertyValueSpecification","valueRequired":true,"valueName":"search_term_string"}}],"inLanguage":"fr-FR"},{"@type":"Organization","@id":"https:\/\/recordati.ch\/de\/#organization","name":"Recordati AG","url":"https:\/\/recordati.ch\/de\/","logo":{"@type":"ImageObject","inLanguage":"fr-FR","@id":"https:\/\/recordati.ch\/de\/#\/schema\/logo\/image\/","url":"https:\/\/recordati.ch\/wp-content\/uploads\/2018\/07\/favicon.png","contentUrl":"https:\/\/recordati.ch\/wp-content\/uploads\/2018\/07\/favicon.png","width":512,"height":512,"caption":"Recordati AG"},"image":{"@id":"https:\/\/recordati.ch\/de\/#\/schema\/logo\/image\/"}}]}},"_links":{"self":[{"href":"https:\/\/recordati.ch\/fr\/wp-json\/wp\/v2\/pages\/1408","targetHints":{"allow":["GET"]}}],"collection":[{"href":"https:\/\/recordati.ch\/fr\/wp-json\/wp\/v2\/pages"}],"about":[{"href":"https:\/\/recordati.ch\/fr\/wp-json\/wp\/v2\/types\/page"}],"author":[{"embeddable":true,"href":"https:\/\/recordati.ch\/fr\/wp-json\/wp\/v2\/users\/1"}],"replies":[{"embeddable":true,"href":"https:\/\/recordati.ch\/fr\/wp-json\/wp\/v2\/comments?post=1408"}],"version-history":[{"count":4,"href":"https:\/\/recordati.ch\/fr\/wp-json\/wp\/v2\/pages\/1408\/revisions"}],"predecessor-version":[{"id":5559,"href":"https:\/\/recordati.ch\/fr\/wp-json\/wp\/v2\/pages\/1408\/revisions\/5559"}],"wp:featuredmedia":[{"embeddable":true,"href":"https:\/\/recordati.ch\/fr\/wp-json\/wp\/v2\/media\/5304"}],"wp:attachment":[{"href":"https:\/\/recordati.ch\/fr\/wp-json\/wp\/v2\/media?parent=1408"}],"curies":[{"name":"wp","href":"https:\/\/api.w.org\/{rel}","templated":true}]}}