{"id":1426,"date":"2015-02-19T15:45:08","date_gmt":"2015-02-19T14:45:08","guid":{"rendered":"http:\/\/recordati.ch\/aerzte_service-2\/"},"modified":"2022-12-19T14:08:16","modified_gmt":"2022-12-19T13:08:16","slug":"services-pour-medecins","status":"publish","type":"page","link":"https:\/\/recordati.ch\/fr\/services-pour-medecins\/","title":{"rendered":"Services pour m\u00e9decins"},"content":{"rendered":"<p><span style=\"color: #808080;\">Nous mettons \u00e0 votre disposition de nombreuses informations diversifi\u00e9es relatives \u00e0 nos pr\u00e9parations telles qu\u2019<a href=\"https:\/\/recordati.ch\/fr\/services-pour-medecins\/bestellung\/\">une documentation d\u00e9taill\u00e9e pr\u00e9sentant nos prestations de services<\/a>\u00a0et nos\u00a0<a href=\"https:\/\/recordati.ch\/fr\/services-pour-medecins\/bestellungen\/\">listes de commande et de prix.<\/a><\/span><\/p>\n<p><span style=\"color: #808080;\">Les <a href=\"https:\/\/recordati.ch\/fr\/services-pour-medecins\/mediatheque\/\">enregistrements<\/a>\u00a0de nos formations m\u00e9dicales continues\u00a0vous tiennent inform\u00e9s. Une\u00a0<a href=\"\/\/recordati.ch\/fr\/services-pour-medecins\/litterature\/\">litt\u00e9rature<\/a>\u00a0tr\u00e8s int\u00e9ressante vous permet d\u2019approfondir vos connaissances sur les pr\u00e9parations les plus importantes de notre portefeuille.<\/span><\/p>\n<p><a href=\"https:\/\/recordati.ch\/fr\/home\/contact-profarma\/\">N\u2019h\u00e9sitez pas \u00e0 nous contacter si vous avez des questions.<\/a><\/p>\n","protected":false},"excerpt":{"rendered":"<p>Nous mettons \u00e0 votre disposition de nombreuses informations diversifi\u00e9es relatives \u00e0 nos pr\u00e9parations telles qu\u2019une  &#8230; <a class=\"moretag\" href=\"https:\/\/recordati.ch\/fr\/services-pour-medecins\/\"><span class=\"icon-arrow-read_more\"><\/span><\/a><\/p>\n","protected":false},"author":1,"featured_media":4705,"parent":0,"menu_order":133,"comment_status":"closed","ping_status":"closed","template":"templates\/page-swissrxlogin.php","meta":{"_acf_changed":false,"footnotes":""},"class_list":["post-1426","page","type-page","status-publish","has-post-thumbnail","hentry"],"acf":[],"yoast_head":"<!-- This site is optimized with the Yoast SEO plugin v27.2 - https:\/\/yoast.com\/product\/yoast-seo-wordpress\/ -->\n<title>Services pour m\u00e9decins - Recordati<\/title>\n<meta name=\"robots\" content=\"index, follow, max-snippet:-1, max-image-preview:large, max-video-preview:-1\" \/>\n<link rel=\"canonical\" href=\"https:\/\/recordati.ch\/fr\/services-pour-medecins\/\" \/>\n<meta property=\"og:locale\" content=\"fr_FR\" \/>\n<meta property=\"og:type\" content=\"article\" \/>\n<meta property=\"og:title\" content=\"Services pour m\u00e9decins - Recordati\" \/>\n<meta property=\"og:description\" content=\"Nous mettons \u00e0 votre disposition de nombreuses informations diversifi\u00e9es relatives \u00e0 nos pr\u00e9parations telles qu\u2019une ...\" \/>\n<meta property=\"og:url\" content=\"https:\/\/recordati.ch\/fr\/services-pour-medecins\/\" \/>\n<meta property=\"og:site_name\" content=\"Recordati\" \/>\n<meta property=\"article:modified_time\" content=\"2022-12-19T13:08:16+00:00\" \/>\n<meta property=\"og:image\" content=\"https:\/\/recordati.ch\/wp-content\/uploads\/2018\/07\/header_fachfachinformationen.jpg\" \/>\n\t<meta property=\"og:image:width\" content=\"3264\" \/>\n\t<meta property=\"og:image:height\" content=\"2448\" \/>\n\t<meta property=\"og:image:type\" content=\"image\/jpeg\" \/>\n<meta name=\"twitter:card\" content=\"summary_large_image\" \/>\n<meta name=\"twitter:label1\" content=\"Dur\u00e9e de lecture estim\u00e9e\" \/>\n\t<meta name=\"twitter:data1\" content=\"1 minute\" \/>\n<script type=\"application\/ld+json\" class=\"yoast-schema-graph\">{\"@context\":\"https:\/\/schema.org\",\"@graph\":[{\"@type\":\"WebPage\",\"@id\":\"https:\/\/recordati.ch\/fr\/services-pour-medecins\/\",\"url\":\"https:\/\/recordati.ch\/fr\/services-pour-medecins\/\",\"name\":\"Services pour m\u00e9decins - Recordati\",\"isPartOf\":{\"@id\":\"https:\/\/recordati.ch\/de\/#website\"},\"primaryImageOfPage\":{\"@id\":\"https:\/\/recordati.ch\/fr\/services-pour-medecins\/#primaryimage\"},\"image\":{\"@id\":\"https:\/\/recordati.ch\/fr\/services-pour-medecins\/#primaryimage\"},\"thumbnailUrl\":\"https:\/\/recordati.ch\/wp-content\/uploads\/2018\/07\/header_fachfachinformationen.jpg\",\"datePublished\":\"2015-02-19T14:45:08+00:00\",\"dateModified\":\"2022-12-19T13:08:16+00:00\",\"breadcrumb\":{\"@id\":\"https:\/\/recordati.ch\/fr\/services-pour-medecins\/#breadcrumb\"},\"inLanguage\":\"fr-FR\",\"potentialAction\":[{\"@type\":\"ReadAction\",\"target\":[\"https:\/\/recordati.ch\/fr\/services-pour-medecins\/\"]}]},{\"@type\":\"ImageObject\",\"inLanguage\":\"fr-FR\",\"@id\":\"https:\/\/recordati.ch\/fr\/services-pour-medecins\/#primaryimage\",\"url\":\"https:\/\/recordati.ch\/wp-content\/uploads\/2018\/07\/header_fachfachinformationen.jpg\",\"contentUrl\":\"https:\/\/recordati.ch\/wp-content\/uploads\/2018\/07\/header_fachfachinformationen.jpg\",\"width\":3264,\"height\":2448},{\"@type\":\"BreadcrumbList\",\"@id\":\"https:\/\/recordati.ch\/fr\/services-pour-medecins\/#breadcrumb\",\"itemListElement\":[{\"@type\":\"ListItem\",\"position\":1,\"name\":\"Startseite\",\"item\":\"https:\/\/recordati.ch\/fr\/\"},{\"@type\":\"ListItem\",\"position\":2,\"name\":\"Services pour m\u00e9decins\"}]},{\"@type\":\"WebSite\",\"@id\":\"https:\/\/recordati.ch\/de\/#website\",\"url\":\"https:\/\/recordati.ch\/de\/\",\"name\":\"Recordati\",\"description\":\"\",\"publisher\":{\"@id\":\"https:\/\/recordati.ch\/de\/#organization\"},\"potentialAction\":[{\"@type\":\"SearchAction\",\"target\":{\"@type\":\"EntryPoint\",\"urlTemplate\":\"https:\/\/recordati.ch\/de\/?s={search_term_string}\"},\"query-input\":{\"@type\":\"PropertyValueSpecification\",\"valueRequired\":true,\"valueName\":\"search_term_string\"}}],\"inLanguage\":\"fr-FR\"},{\"@type\":\"Organization\",\"@id\":\"https:\/\/recordati.ch\/de\/#organization\",\"name\":\"Recordati AG\",\"url\":\"https:\/\/recordati.ch\/de\/\",\"logo\":{\"@type\":\"ImageObject\",\"inLanguage\":\"fr-FR\",\"@id\":\"https:\/\/recordati.ch\/de\/#\/schema\/logo\/image\/\",\"url\":\"https:\/\/recordati.ch\/wp-content\/uploads\/2018\/07\/favicon.png\",\"contentUrl\":\"https:\/\/recordati.ch\/wp-content\/uploads\/2018\/07\/favicon.png\",\"width\":512,\"height\":512,\"caption\":\"Recordati AG\"},\"image\":{\"@id\":\"https:\/\/recordati.ch\/de\/#\/schema\/logo\/image\/\"}}]}<\/script>\n<!-- \/ Yoast SEO plugin. -->","yoast_head_json":{"title":"Services pour m\u00e9decins - Recordati","robots":{"index":"index","follow":"follow","max-snippet":"max-snippet:-1","max-image-preview":"max-image-preview:large","max-video-preview":"max-video-preview:-1"},"canonical":"https:\/\/recordati.ch\/fr\/services-pour-medecins\/","og_locale":"fr_FR","og_type":"article","og_title":"Services pour m\u00e9decins - Recordati","og_description":"Nous mettons \u00e0 votre disposition de nombreuses informations diversifi\u00e9es relatives \u00e0 nos pr\u00e9parations telles qu\u2019une ...","og_url":"https:\/\/recordati.ch\/fr\/services-pour-medecins\/","og_site_name":"Recordati","article_modified_time":"2022-12-19T13:08:16+00:00","og_image":[{"width":3264,"height":2448,"url":"https:\/\/recordati.ch\/wp-content\/uploads\/2018\/07\/header_fachfachinformationen.jpg","type":"image\/jpeg"}],"twitter_card":"summary_large_image","twitter_misc":{"Dur\u00e9e de lecture estim\u00e9e":"1 minute"},"schema":{"@context":"https:\/\/schema.org","@graph":[{"@type":"WebPage","@id":"https:\/\/recordati.ch\/fr\/services-pour-medecins\/","url":"https:\/\/recordati.ch\/fr\/services-pour-medecins\/","name":"Services pour m\u00e9decins - Recordati","isPartOf":{"@id":"https:\/\/recordati.ch\/de\/#website"},"primaryImageOfPage":{"@id":"https:\/\/recordati.ch\/fr\/services-pour-medecins\/#primaryimage"},"image":{"@id":"https:\/\/recordati.ch\/fr\/services-pour-medecins\/#primaryimage"},"thumbnailUrl":"https:\/\/recordati.ch\/wp-content\/uploads\/2018\/07\/header_fachfachinformationen.jpg","datePublished":"2015-02-19T14:45:08+00:00","dateModified":"2022-12-19T13:08:16+00:00","breadcrumb":{"@id":"https:\/\/recordati.ch\/fr\/services-pour-medecins\/#breadcrumb"},"inLanguage":"fr-FR","potentialAction":[{"@type":"ReadAction","target":["https:\/\/recordati.ch\/fr\/services-pour-medecins\/"]}]},{"@type":"ImageObject","inLanguage":"fr-FR","@id":"https:\/\/recordati.ch\/fr\/services-pour-medecins\/#primaryimage","url":"https:\/\/recordati.ch\/wp-content\/uploads\/2018\/07\/header_fachfachinformationen.jpg","contentUrl":"https:\/\/recordati.ch\/wp-content\/uploads\/2018\/07\/header_fachfachinformationen.jpg","width":3264,"height":2448},{"@type":"BreadcrumbList","@id":"https:\/\/recordati.ch\/fr\/services-pour-medecins\/#breadcrumb","itemListElement":[{"@type":"ListItem","position":1,"name":"Startseite","item":"https:\/\/recordati.ch\/fr\/"},{"@type":"ListItem","position":2,"name":"Services pour m\u00e9decins"}]},{"@type":"WebSite","@id":"https:\/\/recordati.ch\/de\/#website","url":"https:\/\/recordati.ch\/de\/","name":"Recordati","description":"","publisher":{"@id":"https:\/\/recordati.ch\/de\/#organization"},"potentialAction":[{"@type":"SearchAction","target":{"@type":"EntryPoint","urlTemplate":"https:\/\/recordati.ch\/de\/?s={search_term_string}"},"query-input":{"@type":"PropertyValueSpecification","valueRequired":true,"valueName":"search_term_string"}}],"inLanguage":"fr-FR"},{"@type":"Organization","@id":"https:\/\/recordati.ch\/de\/#organization","name":"Recordati AG","url":"https:\/\/recordati.ch\/de\/","logo":{"@type":"ImageObject","inLanguage":"fr-FR","@id":"https:\/\/recordati.ch\/de\/#\/schema\/logo\/image\/","url":"https:\/\/recordati.ch\/wp-content\/uploads\/2018\/07\/favicon.png","contentUrl":"https:\/\/recordati.ch\/wp-content\/uploads\/2018\/07\/favicon.png","width":512,"height":512,"caption":"Recordati AG"},"image":{"@id":"https:\/\/recordati.ch\/de\/#\/schema\/logo\/image\/"}}]}},"_links":{"self":[{"href":"https:\/\/recordati.ch\/fr\/wp-json\/wp\/v2\/pages\/1426","targetHints":{"allow":["GET"]}}],"collection":[{"href":"https:\/\/recordati.ch\/fr\/wp-json\/wp\/v2\/pages"}],"about":[{"href":"https:\/\/recordati.ch\/fr\/wp-json\/wp\/v2\/types\/page"}],"author":[{"embeddable":true,"href":"https:\/\/recordati.ch\/fr\/wp-json\/wp\/v2\/users\/1"}],"replies":[{"embeddable":true,"href":"https:\/\/recordati.ch\/fr\/wp-json\/wp\/v2\/comments?post=1426"}],"version-history":[{"count":12,"href":"https:\/\/recordati.ch\/fr\/wp-json\/wp\/v2\/pages\/1426\/revisions"}],"predecessor-version":[{"id":10071,"href":"https:\/\/recordati.ch\/fr\/wp-json\/wp\/v2\/pages\/1426\/revisions\/10071"}],"wp:featuredmedia":[{"embeddable":true,"href":"https:\/\/recordati.ch\/fr\/wp-json\/wp\/v2\/media\/4705"}],"wp:attachment":[{"href":"https:\/\/recordati.ch\/fr\/wp-json\/wp\/v2\/media?parent=1426"}],"curies":[{"name":"wp","href":"https:\/\/api.w.org\/{rel}","templated":true}]}}