{"id":3498,"date":"2015-02-11T09:18:06","date_gmt":"2015-02-11T08:18:06","guid":{"rendered":"http:\/\/recordati.ch\/home\/"},"modified":"2025-06-26T07:01:39","modified_gmt":"2025-06-26T05:01:39","slug":"home","status":"publish","type":"page","link":"https:\/\/recordati.ch\/fr\/","title":{"rendered":"Recordati"},"content":{"rendered":"<p><span style=\"display: inline !important; float: none; background-color: transparent; color: #6f6f6f; font-family: 'Open Sans',Arial,sans-serif; font-size: 14px; font-style: normal; font-variant: normal; font-weight: 400; letter-spacing: 0.4px; line-height: 20px; orphans: 2; text-align: left; text-decoration: none; text-indent: 0px; text-transform: none; -webkit-text-stroke-width: 0px; white-space: normal; word-spacing: 0px;\">Recordati Suisse distribue ses propres m\u00e9dicaments et des produits sous licence dans divers domaines th\u00e9rapeutiques, principalement des m\u00e9dicaments soumis \u00e0 ordonnance (Rx, Otx).<\/span><\/p>\n<p><span style=\"display: inline !important; float: none; background-color: transparent; color: #6f6f6f; font-family: 'Open Sans',Arial,sans-serif; font-size: 14px; font-style: normal; font-variant: normal; font-weight: 400; letter-spacing: 0.4px; line-height: 20px; orphans: 2; text-align: left; text-decoration: none; text-indent: 0px; text-transform: none; -webkit-text-stroke-width: 0px; white-space: normal; word-spacing: 0px;\">Nos comp\u00e9tences centrales et nos engagements se concentrent sur les maladies de la prostate, les maladies cardiovasculaires et la schizophr\u00e9nie.<\/span><\/p>\n<p><span style=\"display: inline !important; float: none; background-color: transparent; color: #6f6f6f; font-family: 'Open Sans',Arial,sans-serif; font-size: 14px; font-style: normal; font-variant: normal; font-weight: 400; letter-spacing: 0.4px; line-height: 20px; orphans: 2; text-align: left; text-decoration: none; text-indent: 0px; text-transform: none; -webkit-text-stroke-width: 0px; white-space: normal; word-spacing: 0px;\">Chez Recordati, notre mission est d&#8217;offrir aux prestataires et aux patients des m\u00e9dicaments nouveaux et \u00e9prouv\u00e9s pour le meilleur traitement possible tout en pr\u00e9servant une bonne qualit\u00e9 de vie. En tant que collaborateurs et collaboratrice, nous nous engageons chaque jour \u00e0 remplir cette mission aupr\u00e8s de tous nos interlocuteurs.<\/span><\/p>\n","protected":false},"excerpt":{"rendered":"<p>Recordati Suisse distribue ses propres m\u00e9dicaments et des produits sous licence dans divers domaines th\u00e9rapeutiques,  &#8230; <a class=\"moretag\" href=\"https:\/\/recordati.ch\/fr\/\"><span class=\"icon-arrow-read_more\"><\/span><\/a><\/p>\n","protected":false},"author":1,"featured_media":5295,"parent":0,"menu_order":11,"comment_status":"closed","ping_status":"closed","template":"","meta":{"_acf_changed":false,"footnotes":""},"class_list":["post-3498","page","type-page","status-publish","has-post-thumbnail","hentry"],"acf":[],"yoast_head":"<!-- This site is optimized with the Yoast SEO plugin v27.4 - https:\/\/yoast.com\/product\/yoast-seo-wordpress\/ -->\n<title>Recordati - Recordati<\/title>\n<meta name=\"description\" content=\"Recordati Suisse distribue des m\u00e9dicaments et des produits sous licence dans divers domaines th\u00e9rapeutique concernent des maladies telles que l&#039;hypertension, l&#039;insuffisance cardiaque, la dyslipid\u00e9mie, l&#039;hyperplasie b\u00e9nigne de la prostate et la schizophr\u00e9nie, dont le Reagila.\u00a0\u00a0\" \/>\n<meta name=\"robots\" content=\"index, follow, max-snippet:-1, max-image-preview:large, max-video-preview:-1\" \/>\n<link rel=\"canonical\" href=\"https:\/\/recordati.ch\/fr\/\" \/>\n<meta property=\"og:locale\" content=\"fr_FR\" \/>\n<meta property=\"og:type\" content=\"article\" \/>\n<meta property=\"og:title\" content=\"Recordati - Recordati\" \/>\n<meta property=\"og:description\" content=\"Recordati Suisse distribue des m\u00e9dicaments et des produits sous licence dans divers domaines th\u00e9rapeutique concernent des maladies telles que l&#039;hypertension, l&#039;insuffisance cardiaque, la dyslipid\u00e9mie, l&#039;hyperplasie b\u00e9nigne de la prostate et la schizophr\u00e9nie, dont le Reagila.\u00a0\u00a0\" \/>\n<meta property=\"og:url\" content=\"https:\/\/recordati.ch\/fr\/\" \/>\n<meta property=\"og:site_name\" content=\"Recordati\" \/>\n<meta property=\"article:modified_time\" content=\"2025-06-26T05:01:39+00:00\" \/>\n<meta property=\"og:image\" content=\"https:\/\/recordati.ch\/wp-content\/uploads\/2019\/04\/Start-Panorama.jpg\" \/>\n\t<meta property=\"og:image:width\" content=\"2314\" \/>\n\t<meta property=\"og:image:height\" content=\"429\" \/>\n\t<meta property=\"og:image:type\" content=\"image\/jpeg\" \/>\n<meta name=\"twitter:card\" content=\"summary_large_image\" \/>\n<meta name=\"twitter:label1\" content=\"Dur\u00e9e de lecture estim\u00e9e\" \/>\n\t<meta name=\"twitter:data1\" content=\"1 minute\" \/>\n<script type=\"application\/ld+json\" class=\"yoast-schema-graph\">{\"@context\":\"https:\\\/\\\/schema.org\",\"@graph\":[{\"@type\":\"WebPage\",\"@id\":\"https:\\\/\\\/recordati.ch\\\/fr\\\/\",\"url\":\"https:\\\/\\\/recordati.ch\\\/fr\\\/\",\"name\":\"Recordati - Recordati\",\"isPartOf\":{\"@id\":\"https:\\\/\\\/recordati.ch\\\/de\\\/#website\"},\"primaryImageOfPage\":{\"@id\":\"https:\\\/\\\/recordati.ch\\\/fr\\\/#primaryimage\"},\"image\":{\"@id\":\"https:\\\/\\\/recordati.ch\\\/fr\\\/#primaryimage\"},\"thumbnailUrl\":\"https:\\\/\\\/recordati.ch\\\/wp-content\\\/uploads\\\/2019\\\/04\\\/Start-Panorama.jpg\",\"datePublished\":\"2015-02-11T08:18:06+00:00\",\"dateModified\":\"2025-06-26T05:01:39+00:00\",\"description\":\"Recordati Suisse distribue des m\u00e9dicaments et des produits sous licence dans divers domaines th\u00e9rapeutique concernent des maladies telles que l'hypertension, l'insuffisance cardiaque, la dyslipid\u00e9mie, l'hyperplasie b\u00e9nigne de la prostate et la schizophr\u00e9nie, dont le Reagila.\u00a0\u00a0\",\"breadcrumb\":{\"@id\":\"https:\\\/\\\/recordati.ch\\\/fr\\\/#breadcrumb\"},\"inLanguage\":\"fr-FR\",\"potentialAction\":[{\"@type\":\"ReadAction\",\"target\":[\"https:\\\/\\\/recordati.ch\\\/fr\\\/\"]}]},{\"@type\":\"ImageObject\",\"inLanguage\":\"fr-FR\",\"@id\":\"https:\\\/\\\/recordati.ch\\\/fr\\\/#primaryimage\",\"url\":\"https:\\\/\\\/recordati.ch\\\/wp-content\\\/uploads\\\/2019\\\/04\\\/Start-Panorama.jpg\",\"contentUrl\":\"https:\\\/\\\/recordati.ch\\\/wp-content\\\/uploads\\\/2019\\\/04\\\/Start-Panorama.jpg\",\"width\":2314,\"height\":429,\"caption\":\"Recordati Schweiz\"},{\"@type\":\"BreadcrumbList\",\"@id\":\"https:\\\/\\\/recordati.ch\\\/fr\\\/#breadcrumb\",\"itemListElement\":[{\"@type\":\"ListItem\",\"position\":1,\"name\":\"Startseite\",\"item\":\"https:\\\/\\\/recordati.ch\\\/fr\\\/\"},{\"@type\":\"ListItem\",\"position\":2,\"name\":\"Recordati\"}]},{\"@type\":\"WebSite\",\"@id\":\"https:\\\/\\\/recordati.ch\\\/de\\\/#website\",\"url\":\"https:\\\/\\\/recordati.ch\\\/de\\\/\",\"name\":\"Recordati\",\"description\":\"\",\"publisher\":{\"@id\":\"https:\\\/\\\/recordati.ch\\\/de\\\/#organization\"},\"potentialAction\":[{\"@type\":\"SearchAction\",\"target\":{\"@type\":\"EntryPoint\",\"urlTemplate\":\"https:\\\/\\\/recordati.ch\\\/de\\\/?s={search_term_string}\"},\"query-input\":{\"@type\":\"PropertyValueSpecification\",\"valueRequired\":true,\"valueName\":\"search_term_string\"}}],\"inLanguage\":\"fr-FR\"},{\"@type\":\"Organization\",\"@id\":\"https:\\\/\\\/recordati.ch\\\/de\\\/#organization\",\"name\":\"Recordati AG\",\"url\":\"https:\\\/\\\/recordati.ch\\\/de\\\/\",\"logo\":{\"@type\":\"ImageObject\",\"inLanguage\":\"fr-FR\",\"@id\":\"https:\\\/\\\/recordati.ch\\\/de\\\/#\\\/schema\\\/logo\\\/image\\\/\",\"url\":\"https:\\\/\\\/recordati.ch\\\/wp-content\\\/uploads\\\/2018\\\/07\\\/favicon.png\",\"contentUrl\":\"https:\\\/\\\/recordati.ch\\\/wp-content\\\/uploads\\\/2018\\\/07\\\/favicon.png\",\"width\":512,\"height\":512,\"caption\":\"Recordati AG\"},\"image\":{\"@id\":\"https:\\\/\\\/recordati.ch\\\/de\\\/#\\\/schema\\\/logo\\\/image\\\/\"}}]}<\/script>\n<!-- \/ Yoast SEO plugin. -->","yoast_head_json":{"title":"Recordati - Recordati","description":"Recordati Suisse distribue des m\u00e9dicaments et des produits sous licence dans divers domaines th\u00e9rapeutique concernent des maladies telles que l'hypertension, l'insuffisance cardiaque, la dyslipid\u00e9mie, l'hyperplasie b\u00e9nigne de la prostate et la schizophr\u00e9nie, dont le Reagila.\u00a0\u00a0","robots":{"index":"index","follow":"follow","max-snippet":"max-snippet:-1","max-image-preview":"max-image-preview:large","max-video-preview":"max-video-preview:-1"},"canonical":"https:\/\/recordati.ch\/fr\/","og_locale":"fr_FR","og_type":"article","og_title":"Recordati - Recordati","og_description":"Recordati Suisse distribue des m\u00e9dicaments et des produits sous licence dans divers domaines th\u00e9rapeutique concernent des maladies telles que l'hypertension, l'insuffisance cardiaque, la dyslipid\u00e9mie, l'hyperplasie b\u00e9nigne de la prostate et la schizophr\u00e9nie, dont le Reagila.\u00a0\u00a0","og_url":"https:\/\/recordati.ch\/fr\/","og_site_name":"Recordati","article_modified_time":"2025-06-26T05:01:39+00:00","og_image":[{"width":2314,"height":429,"url":"https:\/\/recordati.ch\/wp-content\/uploads\/2019\/04\/Start-Panorama.jpg","type":"image\/jpeg"}],"twitter_card":"summary_large_image","twitter_misc":{"Dur\u00e9e de lecture estim\u00e9e":"1 minute"},"schema":{"@context":"https:\/\/schema.org","@graph":[{"@type":"WebPage","@id":"https:\/\/recordati.ch\/fr\/","url":"https:\/\/recordati.ch\/fr\/","name":"Recordati - Recordati","isPartOf":{"@id":"https:\/\/recordati.ch\/de\/#website"},"primaryImageOfPage":{"@id":"https:\/\/recordati.ch\/fr\/#primaryimage"},"image":{"@id":"https:\/\/recordati.ch\/fr\/#primaryimage"},"thumbnailUrl":"https:\/\/recordati.ch\/wp-content\/uploads\/2019\/04\/Start-Panorama.jpg","datePublished":"2015-02-11T08:18:06+00:00","dateModified":"2025-06-26T05:01:39+00:00","description":"Recordati Suisse distribue des m\u00e9dicaments et des produits sous licence dans divers domaines th\u00e9rapeutique concernent des maladies telles que l'hypertension, l'insuffisance cardiaque, la dyslipid\u00e9mie, l'hyperplasie b\u00e9nigne de la prostate et la schizophr\u00e9nie, dont le Reagila.\u00a0\u00a0","breadcrumb":{"@id":"https:\/\/recordati.ch\/fr\/#breadcrumb"},"inLanguage":"fr-FR","potentialAction":[{"@type":"ReadAction","target":["https:\/\/recordati.ch\/fr\/"]}]},{"@type":"ImageObject","inLanguage":"fr-FR","@id":"https:\/\/recordati.ch\/fr\/#primaryimage","url":"https:\/\/recordati.ch\/wp-content\/uploads\/2019\/04\/Start-Panorama.jpg","contentUrl":"https:\/\/recordati.ch\/wp-content\/uploads\/2019\/04\/Start-Panorama.jpg","width":2314,"height":429,"caption":"Recordati Schweiz"},{"@type":"BreadcrumbList","@id":"https:\/\/recordati.ch\/fr\/#breadcrumb","itemListElement":[{"@type":"ListItem","position":1,"name":"Startseite","item":"https:\/\/recordati.ch\/fr\/"},{"@type":"ListItem","position":2,"name":"Recordati"}]},{"@type":"WebSite","@id":"https:\/\/recordati.ch\/de\/#website","url":"https:\/\/recordati.ch\/de\/","name":"Recordati","description":"","publisher":{"@id":"https:\/\/recordati.ch\/de\/#organization"},"potentialAction":[{"@type":"SearchAction","target":{"@type":"EntryPoint","urlTemplate":"https:\/\/recordati.ch\/de\/?s={search_term_string}"},"query-input":{"@type":"PropertyValueSpecification","valueRequired":true,"valueName":"search_term_string"}}],"inLanguage":"fr-FR"},{"@type":"Organization","@id":"https:\/\/recordati.ch\/de\/#organization","name":"Recordati AG","url":"https:\/\/recordati.ch\/de\/","logo":{"@type":"ImageObject","inLanguage":"fr-FR","@id":"https:\/\/recordati.ch\/de\/#\/schema\/logo\/image\/","url":"https:\/\/recordati.ch\/wp-content\/uploads\/2018\/07\/favicon.png","contentUrl":"https:\/\/recordati.ch\/wp-content\/uploads\/2018\/07\/favicon.png","width":512,"height":512,"caption":"Recordati AG"},"image":{"@id":"https:\/\/recordati.ch\/de\/#\/schema\/logo\/image\/"}}]}},"_links":{"self":[{"href":"https:\/\/recordati.ch\/fr\/wp-json\/wp\/v2\/pages\/3498","targetHints":{"allow":["GET"]}}],"collection":[{"href":"https:\/\/recordati.ch\/fr\/wp-json\/wp\/v2\/pages"}],"about":[{"href":"https:\/\/recordati.ch\/fr\/wp-json\/wp\/v2\/types\/page"}],"author":[{"embeddable":true,"href":"https:\/\/recordati.ch\/fr\/wp-json\/wp\/v2\/users\/1"}],"replies":[{"embeddable":true,"href":"https:\/\/recordati.ch\/fr\/wp-json\/wp\/v2\/comments?post=3498"}],"version-history":[{"count":11,"href":"https:\/\/recordati.ch\/fr\/wp-json\/wp\/v2\/pages\/3498\/revisions"}],"predecessor-version":[{"id":10360,"href":"https:\/\/recordati.ch\/fr\/wp-json\/wp\/v2\/pages\/3498\/revisions\/10360"}],"wp:featuredmedia":[{"embeddable":true,"href":"https:\/\/recordati.ch\/fr\/wp-json\/wp\/v2\/media\/5295"}],"wp:attachment":[{"href":"https:\/\/recordati.ch\/fr\/wp-json\/wp\/v2\/media?parent=3498"}],"curies":[{"name":"wp","href":"https:\/\/api.w.org\/{rel}","templated":true}]}}