{"id":5513,"date":"2020-04-17T09:42:09","date_gmt":"2020-04-17T07:42:09","guid":{"rendered":"https:\/\/recordati.ch\/?page_id=5513"},"modified":"2022-03-21T16:26:27","modified_gmt":"2022-03-21T15:26:27","slug":"recordati-sa-suisse","status":"publish","type":"page","link":"https:\/\/recordati.ch\/fr\/home\/recordati-sa-suisse\/","title":{"rendered":"Recordati Suisse"},"content":{"rendered":"<p>Recordati Suisse distribue ses propres m\u00e9dicaments et des produits sous licence dans divers domaines th\u00e9rapeutiques, principalement des m\u00e9dicaments soumis \u00e0 ordonnance (Rx, Otx).<\/p>\n<p>Nos principales comp\u00e9tences et l&#8217;essentiel de notre engagement concernent des maladies telles que l&#8217;hypertension, l&#8217;insuffisance cardiaque, la dyslipid\u00e9mie, l&#8217;hyperplasie b\u00e9nigne de la prostate et la schizophr\u00e9nie.<\/p>\n<p>Notre mission chez Recordati est de proposer aux prestataires et aux patients de nouveaux m\u00e9dicaments, qui ont fait leurs preuves, pour le meilleur traitement possible, tout en pr\u00e9servant une bonne qualit\u00e9 de vie. En tant que collaborateurs, nous nous engageons tous les jours pour nous acquitter de cette mission aupr\u00e8s de nos interlocuteurs.<\/p>\n","protected":false},"excerpt":{"rendered":"<p>Recordati Suisse distribue ses propres m\u00e9dicaments et des produits sous licence dans divers domaines th\u00e9rapeutiques,  &#8230; <a class=\"moretag\" href=\"https:\/\/recordati.ch\/fr\/home\/recordati-sa-suisse\/\"><span class=\"icon-arrow-read_more\"><\/span><\/a><\/p>\n","protected":false},"author":1,"featured_media":5295,"parent":3498,"menu_order":14,"comment_status":"closed","ping_status":"closed","template":"","meta":{"_acf_changed":false,"footnotes":""},"class_list":["post-5513","page","type-page","status-publish","has-post-thumbnail","hentry"],"acf":[],"yoast_head":"<!-- This site is optimized with the Yoast SEO plugin v27.4 - https:\/\/yoast.com\/product\/yoast-seo-wordpress\/ -->\n<title>Recordati Suisse - Recordati<\/title>\n<meta name=\"description\" content=\"Recordati Suisse distribue des m\u00e9dicaments et des produits sous licence dans divers domaines th\u00e9rapeutique concernent des maladies telles que l&#039;hypertension, l&#039;insuffisance cardiaque, la dyslipid\u00e9mie, l&#039;hyperplasie b\u00e9nigne de la prostate et la schizophr\u00e9nie, dont le Reagila.\" \/>\n<meta name=\"robots\" content=\"index, follow, max-snippet:-1, max-image-preview:large, max-video-preview:-1\" \/>\n<link rel=\"canonical\" href=\"https:\/\/recordati.ch\/fr\/home\/recordati-sa-suisse\/\" \/>\n<meta property=\"og:locale\" content=\"fr_FR\" \/>\n<meta property=\"og:type\" content=\"article\" \/>\n<meta property=\"og:title\" content=\"Recordati Suisse - Recordati\" \/>\n<meta property=\"og:description\" content=\"Recordati Suisse distribue des m\u00e9dicaments et des produits sous licence dans divers domaines th\u00e9rapeutique concernent des maladies telles que l&#039;hypertension, l&#039;insuffisance cardiaque, la dyslipid\u00e9mie, l&#039;hyperplasie b\u00e9nigne de la prostate et la schizophr\u00e9nie, dont le Reagila.\" \/>\n<meta property=\"og:url\" content=\"https:\/\/recordati.ch\/fr\/home\/recordati-sa-suisse\/\" \/>\n<meta property=\"og:site_name\" content=\"Recordati\" \/>\n<meta property=\"article:modified_time\" content=\"2022-03-21T15:26:27+00:00\" \/>\n<meta property=\"og:image\" content=\"https:\/\/recordati.ch\/wp-content\/uploads\/2019\/04\/Start-Panorama.jpg\" \/>\n\t<meta property=\"og:image:width\" content=\"2314\" \/>\n\t<meta property=\"og:image:height\" content=\"429\" \/>\n\t<meta property=\"og:image:type\" content=\"image\/jpeg\" \/>\n<meta name=\"twitter:card\" content=\"summary_large_image\" \/>\n<meta name=\"twitter:label1\" content=\"Dur\u00e9e de lecture estim\u00e9e\" \/>\n\t<meta name=\"twitter:data1\" content=\"1 minute\" \/>\n<script type=\"application\/ld+json\" class=\"yoast-schema-graph\">{\"@context\":\"https:\\\/\\\/schema.org\",\"@graph\":[{\"@type\":\"WebPage\",\"@id\":\"https:\\\/\\\/recordati.ch\\\/fr\\\/home\\\/recordati-sa-suisse\\\/\",\"url\":\"https:\\\/\\\/recordati.ch\\\/fr\\\/home\\\/recordati-sa-suisse\\\/\",\"name\":\"Recordati Suisse - Recordati\",\"isPartOf\":{\"@id\":\"https:\\\/\\\/recordati.ch\\\/de\\\/#website\"},\"primaryImageOfPage\":{\"@id\":\"https:\\\/\\\/recordati.ch\\\/fr\\\/home\\\/recordati-sa-suisse\\\/#primaryimage\"},\"image\":{\"@id\":\"https:\\\/\\\/recordati.ch\\\/fr\\\/home\\\/recordati-sa-suisse\\\/#primaryimage\"},\"thumbnailUrl\":\"https:\\\/\\\/recordati.ch\\\/wp-content\\\/uploads\\\/2019\\\/04\\\/Start-Panorama.jpg\",\"datePublished\":\"2020-04-17T07:42:09+00:00\",\"dateModified\":\"2022-03-21T15:26:27+00:00\",\"description\":\"Recordati Suisse distribue des m\u00e9dicaments et des produits sous licence dans divers domaines th\u00e9rapeutique concernent des maladies telles que l'hypertension, l'insuffisance cardiaque, la dyslipid\u00e9mie, l'hyperplasie b\u00e9nigne de la prostate et la schizophr\u00e9nie, dont le Reagila.\",\"breadcrumb\":{\"@id\":\"https:\\\/\\\/recordati.ch\\\/fr\\\/home\\\/recordati-sa-suisse\\\/#breadcrumb\"},\"inLanguage\":\"fr-FR\",\"potentialAction\":[{\"@type\":\"ReadAction\",\"target\":[\"https:\\\/\\\/recordati.ch\\\/fr\\\/home\\\/recordati-sa-suisse\\\/\"]}]},{\"@type\":\"ImageObject\",\"inLanguage\":\"fr-FR\",\"@id\":\"https:\\\/\\\/recordati.ch\\\/fr\\\/home\\\/recordati-sa-suisse\\\/#primaryimage\",\"url\":\"https:\\\/\\\/recordati.ch\\\/wp-content\\\/uploads\\\/2019\\\/04\\\/Start-Panorama.jpg\",\"contentUrl\":\"https:\\\/\\\/recordati.ch\\\/wp-content\\\/uploads\\\/2019\\\/04\\\/Start-Panorama.jpg\",\"width\":2314,\"height\":429,\"caption\":\"Recordati Schweiz\"},{\"@type\":\"BreadcrumbList\",\"@id\":\"https:\\\/\\\/recordati.ch\\\/fr\\\/home\\\/recordati-sa-suisse\\\/#breadcrumb\",\"itemListElement\":[{\"@type\":\"ListItem\",\"position\":1,\"name\":\"Startseite\",\"item\":\"https:\\\/\\\/recordati.ch\\\/fr\\\/\"},{\"@type\":\"ListItem\",\"position\":2,\"name\":\"Recordati\",\"item\":\"https:\\\/\\\/recordati.ch\\\/fr\\\/\"},{\"@type\":\"ListItem\",\"position\":3,\"name\":\"Recordati Suisse\"}]},{\"@type\":\"WebSite\",\"@id\":\"https:\\\/\\\/recordati.ch\\\/de\\\/#website\",\"url\":\"https:\\\/\\\/recordati.ch\\\/de\\\/\",\"name\":\"Recordati\",\"description\":\"\",\"publisher\":{\"@id\":\"https:\\\/\\\/recordati.ch\\\/de\\\/#organization\"},\"potentialAction\":[{\"@type\":\"SearchAction\",\"target\":{\"@type\":\"EntryPoint\",\"urlTemplate\":\"https:\\\/\\\/recordati.ch\\\/de\\\/?s={search_term_string}\"},\"query-input\":{\"@type\":\"PropertyValueSpecification\",\"valueRequired\":true,\"valueName\":\"search_term_string\"}}],\"inLanguage\":\"fr-FR\"},{\"@type\":\"Organization\",\"@id\":\"https:\\\/\\\/recordati.ch\\\/de\\\/#organization\",\"name\":\"Recordati AG\",\"url\":\"https:\\\/\\\/recordati.ch\\\/de\\\/\",\"logo\":{\"@type\":\"ImageObject\",\"inLanguage\":\"fr-FR\",\"@id\":\"https:\\\/\\\/recordati.ch\\\/de\\\/#\\\/schema\\\/logo\\\/image\\\/\",\"url\":\"https:\\\/\\\/recordati.ch\\\/wp-content\\\/uploads\\\/2018\\\/07\\\/favicon.png\",\"contentUrl\":\"https:\\\/\\\/recordati.ch\\\/wp-content\\\/uploads\\\/2018\\\/07\\\/favicon.png\",\"width\":512,\"height\":512,\"caption\":\"Recordati AG\"},\"image\":{\"@id\":\"https:\\\/\\\/recordati.ch\\\/de\\\/#\\\/schema\\\/logo\\\/image\\\/\"}}]}<\/script>\n<!-- \/ Yoast SEO plugin. -->","yoast_head_json":{"title":"Recordati Suisse - Recordati","description":"Recordati Suisse distribue des m\u00e9dicaments et des produits sous licence dans divers domaines th\u00e9rapeutique concernent des maladies telles que l'hypertension, l'insuffisance cardiaque, la dyslipid\u00e9mie, l'hyperplasie b\u00e9nigne de la prostate et la schizophr\u00e9nie, dont le Reagila.","robots":{"index":"index","follow":"follow","max-snippet":"max-snippet:-1","max-image-preview":"max-image-preview:large","max-video-preview":"max-video-preview:-1"},"canonical":"https:\/\/recordati.ch\/fr\/home\/recordati-sa-suisse\/","og_locale":"fr_FR","og_type":"article","og_title":"Recordati Suisse - Recordati","og_description":"Recordati Suisse distribue des m\u00e9dicaments et des produits sous licence dans divers domaines th\u00e9rapeutique concernent des maladies telles que l'hypertension, l'insuffisance cardiaque, la dyslipid\u00e9mie, l'hyperplasie b\u00e9nigne de la prostate et la schizophr\u00e9nie, dont le Reagila.","og_url":"https:\/\/recordati.ch\/fr\/home\/recordati-sa-suisse\/","og_site_name":"Recordati","article_modified_time":"2022-03-21T15:26:27+00:00","og_image":[{"width":2314,"height":429,"url":"https:\/\/recordati.ch\/wp-content\/uploads\/2019\/04\/Start-Panorama.jpg","type":"image\/jpeg"}],"twitter_card":"summary_large_image","twitter_misc":{"Dur\u00e9e de lecture estim\u00e9e":"1 minute"},"schema":{"@context":"https:\/\/schema.org","@graph":[{"@type":"WebPage","@id":"https:\/\/recordati.ch\/fr\/home\/recordati-sa-suisse\/","url":"https:\/\/recordati.ch\/fr\/home\/recordati-sa-suisse\/","name":"Recordati Suisse - Recordati","isPartOf":{"@id":"https:\/\/recordati.ch\/de\/#website"},"primaryImageOfPage":{"@id":"https:\/\/recordati.ch\/fr\/home\/recordati-sa-suisse\/#primaryimage"},"image":{"@id":"https:\/\/recordati.ch\/fr\/home\/recordati-sa-suisse\/#primaryimage"},"thumbnailUrl":"https:\/\/recordati.ch\/wp-content\/uploads\/2019\/04\/Start-Panorama.jpg","datePublished":"2020-04-17T07:42:09+00:00","dateModified":"2022-03-21T15:26:27+00:00","description":"Recordati Suisse distribue des m\u00e9dicaments et des produits sous licence dans divers domaines th\u00e9rapeutique concernent des maladies telles que l'hypertension, l'insuffisance cardiaque, la dyslipid\u00e9mie, l'hyperplasie b\u00e9nigne de la prostate et la schizophr\u00e9nie, dont le Reagila.","breadcrumb":{"@id":"https:\/\/recordati.ch\/fr\/home\/recordati-sa-suisse\/#breadcrumb"},"inLanguage":"fr-FR","potentialAction":[{"@type":"ReadAction","target":["https:\/\/recordati.ch\/fr\/home\/recordati-sa-suisse\/"]}]},{"@type":"ImageObject","inLanguage":"fr-FR","@id":"https:\/\/recordati.ch\/fr\/home\/recordati-sa-suisse\/#primaryimage","url":"https:\/\/recordati.ch\/wp-content\/uploads\/2019\/04\/Start-Panorama.jpg","contentUrl":"https:\/\/recordati.ch\/wp-content\/uploads\/2019\/04\/Start-Panorama.jpg","width":2314,"height":429,"caption":"Recordati Schweiz"},{"@type":"BreadcrumbList","@id":"https:\/\/recordati.ch\/fr\/home\/recordati-sa-suisse\/#breadcrumb","itemListElement":[{"@type":"ListItem","position":1,"name":"Startseite","item":"https:\/\/recordati.ch\/fr\/"},{"@type":"ListItem","position":2,"name":"Recordati","item":"https:\/\/recordati.ch\/fr\/"},{"@type":"ListItem","position":3,"name":"Recordati Suisse"}]},{"@type":"WebSite","@id":"https:\/\/recordati.ch\/de\/#website","url":"https:\/\/recordati.ch\/de\/","name":"Recordati","description":"","publisher":{"@id":"https:\/\/recordati.ch\/de\/#organization"},"potentialAction":[{"@type":"SearchAction","target":{"@type":"EntryPoint","urlTemplate":"https:\/\/recordati.ch\/de\/?s={search_term_string}"},"query-input":{"@type":"PropertyValueSpecification","valueRequired":true,"valueName":"search_term_string"}}],"inLanguage":"fr-FR"},{"@type":"Organization","@id":"https:\/\/recordati.ch\/de\/#organization","name":"Recordati AG","url":"https:\/\/recordati.ch\/de\/","logo":{"@type":"ImageObject","inLanguage":"fr-FR","@id":"https:\/\/recordati.ch\/de\/#\/schema\/logo\/image\/","url":"https:\/\/recordati.ch\/wp-content\/uploads\/2018\/07\/favicon.png","contentUrl":"https:\/\/recordati.ch\/wp-content\/uploads\/2018\/07\/favicon.png","width":512,"height":512,"caption":"Recordati AG"},"image":{"@id":"https:\/\/recordati.ch\/de\/#\/schema\/logo\/image\/"}}]}},"_links":{"self":[{"href":"https:\/\/recordati.ch\/fr\/wp-json\/wp\/v2\/pages\/5513","targetHints":{"allow":["GET"]}}],"collection":[{"href":"https:\/\/recordati.ch\/fr\/wp-json\/wp\/v2\/pages"}],"about":[{"href":"https:\/\/recordati.ch\/fr\/wp-json\/wp\/v2\/types\/page"}],"author":[{"embeddable":true,"href":"https:\/\/recordati.ch\/fr\/wp-json\/wp\/v2\/users\/1"}],"replies":[{"embeddable":true,"href":"https:\/\/recordati.ch\/fr\/wp-json\/wp\/v2\/comments?post=5513"}],"version-history":[{"count":8,"href":"https:\/\/recordati.ch\/fr\/wp-json\/wp\/v2\/pages\/5513\/revisions"}],"predecessor-version":[{"id":9758,"href":"https:\/\/recordati.ch\/fr\/wp-json\/wp\/v2\/pages\/5513\/revisions\/9758"}],"up":[{"embeddable":true,"href":"https:\/\/recordati.ch\/fr\/wp-json\/wp\/v2\/pages\/3498"}],"wp:featuredmedia":[{"embeddable":true,"href":"https:\/\/recordati.ch\/fr\/wp-json\/wp\/v2\/media\/5295"}],"wp:attachment":[{"href":"https:\/\/recordati.ch\/fr\/wp-json\/wp\/v2\/media?parent=5513"}],"curies":[{"name":"wp","href":"https:\/\/api.w.org\/{rel}","templated":true}]}}