{"id":5520,"date":"2020-04-17T13:54:28","date_gmt":"2020-04-17T11:54:28","guid":{"rendered":"https:\/\/recordati.ch\/?page_id=5520"},"modified":"2025-08-31T15:06:13","modified_gmt":"2025-08-31T13:06:13","slug":"pharmacovigilance","status":"publish","type":"page","link":"https:\/\/recordati.ch\/fr\/home\/pharmacovigilance\/","title":{"rendered":"Pharmacovigilance"},"content":{"rendered":"<p>Pour signaler un effet ind\u00e9sirable ou une information relevant de la s\u00e9curit\u00e9 au sujet de m\u00e9dicaments de Recordati SA, veuillez nous contacter \u00e0 l&#8217;adresse mail suivante, ou nous appeler au num\u00e9ro suivant:<\/p>\n<p>Email: <a href=\"mailto:pharmakovigilanz@recordati.com\">pharmakovigilanz@recordati.com<\/a><\/p>\n<p>T\u00e9l.: <span style=\"color: #ad0e0e;\">+41 61 205 61 00<\/span><\/p>\n","protected":false},"excerpt":{"rendered":"<p>Pour signaler un effet ind\u00e9sirable ou une information relevant de la s\u00e9curit\u00e9 au sujet de  &#8230; <a class=\"moretag\" href=\"https:\/\/recordati.ch\/fr\/home\/pharmacovigilance\/\"><span class=\"icon-arrow-read_more\"><\/span><\/a><\/p>\n","protected":false},"author":1,"featured_media":5295,"parent":3498,"menu_order":20,"comment_status":"closed","ping_status":"closed","template":"","meta":{"_acf_changed":false,"footnotes":""},"class_list":["post-5520","page","type-page","status-publish","has-post-thumbnail","hentry"],"acf":[],"yoast_head":"<!-- This site is optimized with the Yoast SEO plugin v27.2 - https:\/\/yoast.com\/product\/yoast-seo-wordpress\/ -->\n<title>Pharmacovigilance - Recordati<\/title>\n<meta name=\"description\" content=\"Pour signaler un effet ind\u00e9sirable, une information relevant de la s\u00e9curit\u00e9 au sujet de m\u00e9dicaments contacter: +41 41 769 10 0\" \/>\n<meta name=\"robots\" content=\"index, follow, max-snippet:-1, max-image-preview:large, max-video-preview:-1\" \/>\n<link rel=\"canonical\" href=\"https:\/\/recordati.ch\/fr\/home\/pharmacovigilance\/\" \/>\n<meta property=\"og:locale\" content=\"fr_FR\" \/>\n<meta property=\"og:type\" content=\"article\" \/>\n<meta property=\"og:title\" content=\"Pharmacovigilance - Recordati\" \/>\n<meta property=\"og:description\" content=\"Pour signaler un effet ind\u00e9sirable, une information relevant de la s\u00e9curit\u00e9 au sujet de m\u00e9dicaments contacter: +41 41 769 10 0\" \/>\n<meta property=\"og:url\" content=\"https:\/\/recordati.ch\/fr\/home\/pharmacovigilance\/\" \/>\n<meta property=\"og:site_name\" content=\"Recordati\" \/>\n<meta property=\"article:modified_time\" content=\"2025-08-31T13:06:13+00:00\" \/>\n<meta property=\"og:image\" content=\"https:\/\/recordati.ch\/wp-content\/uploads\/2019\/04\/Start-Panorama.jpg\" \/>\n\t<meta property=\"og:image:width\" content=\"2314\" \/>\n\t<meta property=\"og:image:height\" content=\"429\" \/>\n\t<meta property=\"og:image:type\" content=\"image\/jpeg\" \/>\n<meta name=\"twitter:card\" content=\"summary_large_image\" \/>\n<meta name=\"twitter:label1\" content=\"Dur\u00e9e de lecture estim\u00e9e\" \/>\n\t<meta name=\"twitter:data1\" content=\"1 minute\" \/>\n<script type=\"application\/ld+json\" class=\"yoast-schema-graph\">{\"@context\":\"https:\/\/schema.org\",\"@graph\":[{\"@type\":\"WebPage\",\"@id\":\"https:\/\/recordati.ch\/fr\/home\/pharmacovigilance\/\",\"url\":\"https:\/\/recordati.ch\/fr\/home\/pharmacovigilance\/\",\"name\":\"Pharmacovigilance - Recordati\",\"isPartOf\":{\"@id\":\"https:\/\/recordati.ch\/de\/#website\"},\"primaryImageOfPage\":{\"@id\":\"https:\/\/recordati.ch\/fr\/home\/pharmacovigilance\/#primaryimage\"},\"image\":{\"@id\":\"https:\/\/recordati.ch\/fr\/home\/pharmacovigilance\/#primaryimage\"},\"thumbnailUrl\":\"https:\/\/recordati.ch\/wp-content\/uploads\/2019\/04\/Start-Panorama.jpg\",\"datePublished\":\"2020-04-17T11:54:28+00:00\",\"dateModified\":\"2025-08-31T13:06:13+00:00\",\"description\":\"Pour signaler un effet ind\u00e9sirable, une information relevant de la s\u00e9curit\u00e9 au sujet de m\u00e9dicaments contacter: +41 41 769 10 0\",\"breadcrumb\":{\"@id\":\"https:\/\/recordati.ch\/fr\/home\/pharmacovigilance\/#breadcrumb\"},\"inLanguage\":\"fr-FR\",\"potentialAction\":[{\"@type\":\"ReadAction\",\"target\":[\"https:\/\/recordati.ch\/fr\/home\/pharmacovigilance\/\"]}]},{\"@type\":\"ImageObject\",\"inLanguage\":\"fr-FR\",\"@id\":\"https:\/\/recordati.ch\/fr\/home\/pharmacovigilance\/#primaryimage\",\"url\":\"https:\/\/recordati.ch\/wp-content\/uploads\/2019\/04\/Start-Panorama.jpg\",\"contentUrl\":\"https:\/\/recordati.ch\/wp-content\/uploads\/2019\/04\/Start-Panorama.jpg\",\"width\":2314,\"height\":429,\"caption\":\"Recordati Schweiz\"},{\"@type\":\"BreadcrumbList\",\"@id\":\"https:\/\/recordati.ch\/fr\/home\/pharmacovigilance\/#breadcrumb\",\"itemListElement\":[{\"@type\":\"ListItem\",\"position\":1,\"name\":\"Startseite\",\"item\":\"https:\/\/recordati.ch\/fr\/\"},{\"@type\":\"ListItem\",\"position\":2,\"name\":\"Recordati\",\"item\":\"https:\/\/recordati.ch\/fr\/\"},{\"@type\":\"ListItem\",\"position\":3,\"name\":\"Pharmacovigilance\"}]},{\"@type\":\"WebSite\",\"@id\":\"https:\/\/recordati.ch\/de\/#website\",\"url\":\"https:\/\/recordati.ch\/de\/\",\"name\":\"Recordati\",\"description\":\"\",\"publisher\":{\"@id\":\"https:\/\/recordati.ch\/de\/#organization\"},\"potentialAction\":[{\"@type\":\"SearchAction\",\"target\":{\"@type\":\"EntryPoint\",\"urlTemplate\":\"https:\/\/recordati.ch\/de\/?s={search_term_string}\"},\"query-input\":{\"@type\":\"PropertyValueSpecification\",\"valueRequired\":true,\"valueName\":\"search_term_string\"}}],\"inLanguage\":\"fr-FR\"},{\"@type\":\"Organization\",\"@id\":\"https:\/\/recordati.ch\/de\/#organization\",\"name\":\"Recordati AG\",\"url\":\"https:\/\/recordati.ch\/de\/\",\"logo\":{\"@type\":\"ImageObject\",\"inLanguage\":\"fr-FR\",\"@id\":\"https:\/\/recordati.ch\/de\/#\/schema\/logo\/image\/\",\"url\":\"https:\/\/recordati.ch\/wp-content\/uploads\/2018\/07\/favicon.png\",\"contentUrl\":\"https:\/\/recordati.ch\/wp-content\/uploads\/2018\/07\/favicon.png\",\"width\":512,\"height\":512,\"caption\":\"Recordati AG\"},\"image\":{\"@id\":\"https:\/\/recordati.ch\/de\/#\/schema\/logo\/image\/\"}}]}<\/script>\n<!-- \/ Yoast SEO plugin. -->","yoast_head_json":{"title":"Pharmacovigilance - Recordati","description":"Pour signaler un effet ind\u00e9sirable, une information relevant de la s\u00e9curit\u00e9 au sujet de m\u00e9dicaments contacter: +41 41 769 10 0","robots":{"index":"index","follow":"follow","max-snippet":"max-snippet:-1","max-image-preview":"max-image-preview:large","max-video-preview":"max-video-preview:-1"},"canonical":"https:\/\/recordati.ch\/fr\/home\/pharmacovigilance\/","og_locale":"fr_FR","og_type":"article","og_title":"Pharmacovigilance - Recordati","og_description":"Pour signaler un effet ind\u00e9sirable, une information relevant de la s\u00e9curit\u00e9 au sujet de m\u00e9dicaments contacter: +41 41 769 10 0","og_url":"https:\/\/recordati.ch\/fr\/home\/pharmacovigilance\/","og_site_name":"Recordati","article_modified_time":"2025-08-31T13:06:13+00:00","og_image":[{"width":2314,"height":429,"url":"https:\/\/recordati.ch\/wp-content\/uploads\/2019\/04\/Start-Panorama.jpg","type":"image\/jpeg"}],"twitter_card":"summary_large_image","twitter_misc":{"Dur\u00e9e de lecture estim\u00e9e":"1 minute"},"schema":{"@context":"https:\/\/schema.org","@graph":[{"@type":"WebPage","@id":"https:\/\/recordati.ch\/fr\/home\/pharmacovigilance\/","url":"https:\/\/recordati.ch\/fr\/home\/pharmacovigilance\/","name":"Pharmacovigilance - Recordati","isPartOf":{"@id":"https:\/\/recordati.ch\/de\/#website"},"primaryImageOfPage":{"@id":"https:\/\/recordati.ch\/fr\/home\/pharmacovigilance\/#primaryimage"},"image":{"@id":"https:\/\/recordati.ch\/fr\/home\/pharmacovigilance\/#primaryimage"},"thumbnailUrl":"https:\/\/recordati.ch\/wp-content\/uploads\/2019\/04\/Start-Panorama.jpg","datePublished":"2020-04-17T11:54:28+00:00","dateModified":"2025-08-31T13:06:13+00:00","description":"Pour signaler un effet ind\u00e9sirable, une information relevant de la s\u00e9curit\u00e9 au sujet de m\u00e9dicaments contacter: +41 41 769 10 0","breadcrumb":{"@id":"https:\/\/recordati.ch\/fr\/home\/pharmacovigilance\/#breadcrumb"},"inLanguage":"fr-FR","potentialAction":[{"@type":"ReadAction","target":["https:\/\/recordati.ch\/fr\/home\/pharmacovigilance\/"]}]},{"@type":"ImageObject","inLanguage":"fr-FR","@id":"https:\/\/recordati.ch\/fr\/home\/pharmacovigilance\/#primaryimage","url":"https:\/\/recordati.ch\/wp-content\/uploads\/2019\/04\/Start-Panorama.jpg","contentUrl":"https:\/\/recordati.ch\/wp-content\/uploads\/2019\/04\/Start-Panorama.jpg","width":2314,"height":429,"caption":"Recordati Schweiz"},{"@type":"BreadcrumbList","@id":"https:\/\/recordati.ch\/fr\/home\/pharmacovigilance\/#breadcrumb","itemListElement":[{"@type":"ListItem","position":1,"name":"Startseite","item":"https:\/\/recordati.ch\/fr\/"},{"@type":"ListItem","position":2,"name":"Recordati","item":"https:\/\/recordati.ch\/fr\/"},{"@type":"ListItem","position":3,"name":"Pharmacovigilance"}]},{"@type":"WebSite","@id":"https:\/\/recordati.ch\/de\/#website","url":"https:\/\/recordati.ch\/de\/","name":"Recordati","description":"","publisher":{"@id":"https:\/\/recordati.ch\/de\/#organization"},"potentialAction":[{"@type":"SearchAction","target":{"@type":"EntryPoint","urlTemplate":"https:\/\/recordati.ch\/de\/?s={search_term_string}"},"query-input":{"@type":"PropertyValueSpecification","valueRequired":true,"valueName":"search_term_string"}}],"inLanguage":"fr-FR"},{"@type":"Organization","@id":"https:\/\/recordati.ch\/de\/#organization","name":"Recordati AG","url":"https:\/\/recordati.ch\/de\/","logo":{"@type":"ImageObject","inLanguage":"fr-FR","@id":"https:\/\/recordati.ch\/de\/#\/schema\/logo\/image\/","url":"https:\/\/recordati.ch\/wp-content\/uploads\/2018\/07\/favicon.png","contentUrl":"https:\/\/recordati.ch\/wp-content\/uploads\/2018\/07\/favicon.png","width":512,"height":512,"caption":"Recordati AG"},"image":{"@id":"https:\/\/recordati.ch\/de\/#\/schema\/logo\/image\/"}}]}},"_links":{"self":[{"href":"https:\/\/recordati.ch\/fr\/wp-json\/wp\/v2\/pages\/5520","targetHints":{"allow":["GET"]}}],"collection":[{"href":"https:\/\/recordati.ch\/fr\/wp-json\/wp\/v2\/pages"}],"about":[{"href":"https:\/\/recordati.ch\/fr\/wp-json\/wp\/v2\/types\/page"}],"author":[{"embeddable":true,"href":"https:\/\/recordati.ch\/fr\/wp-json\/wp\/v2\/users\/1"}],"replies":[{"embeddable":true,"href":"https:\/\/recordati.ch\/fr\/wp-json\/wp\/v2\/comments?post=5520"}],"version-history":[{"count":9,"href":"https:\/\/recordati.ch\/fr\/wp-json\/wp\/v2\/pages\/5520\/revisions"}],"predecessor-version":[{"id":10409,"href":"https:\/\/recordati.ch\/fr\/wp-json\/wp\/v2\/pages\/5520\/revisions\/10409"}],"up":[{"embeddable":true,"href":"https:\/\/recordati.ch\/fr\/wp-json\/wp\/v2\/pages\/3498"}],"wp:featuredmedia":[{"embeddable":true,"href":"https:\/\/recordati.ch\/fr\/wp-json\/wp\/v2\/media\/5295"}],"wp:attachment":[{"href":"https:\/\/recordati.ch\/fr\/wp-json\/wp\/v2\/media?parent=5520"}],"curies":[{"name":"wp","href":"https:\/\/api.w.org\/{rel}","templated":true}]}}