{"id":5528,"date":"2020-04-17T14:10:57","date_gmt":"2020-04-17T12:10:57","guid":{"rendered":"https:\/\/recordati.ch\/?page_id=5528"},"modified":"2021-07-02T10:11:21","modified_gmt":"2021-07-02T08:11:21","slug":"transparence-code-de-cooperation-pharmaceutique","status":"publish","type":"page","link":"https:\/\/recordati.ch\/fr\/home\/transparence-code-de-cooperation-pharmaceutique\/","title":{"rendered":"Transparence\/Code de coop\u00e9ration pharmaceutique"},"content":{"rendered":"<p>En signant le Code de coop\u00e9ration pharmaceutique (CCP) en 2018, Recordati SA s&#8217;est engag\u00e9 \u00e0 publier en toute transparence les prestations p\u00e9cuniaires fournies aux cercles m\u00e9dicaux et pharmaceutiques sp\u00e9cialis\u00e9s, ainsi qu&#8217;aux organisations de sant\u00e9 publique. Le CCP, qui s&#8217;inspire du Code de publication adopt\u00e9 en 2013 par la F\u00e9d\u00e9ration Europ\u00e9enne des Industries et Associations Pharmaceutiques (EFPIA), a \u00e9t\u00e9 \u00e9labor\u00e9 par sciencesindustries, avant d&#8217;entrer en vigueur en janvier 2014.<\/p>\n<p>La publication est annuelle.<\/p>\n<p>&nbsp;<\/p>\n<ul>\n<li><a style=\"background-color: #ffffff;\" href=\"https:\/\/recordati.ch\/de\/home\/recordati-schweiz-pharma-kooperations-kodex\/transparenz-pharma-kooperations-kodex-offenlegung-schweiz\/\">Publications Suisse<\/a><\/li>\n<li><a href=\"https:\/\/recordati.ch\/de\/home\/recordati-schweiz-pharma-kooperations-kodex\/offenlegung-oesterreich\/\">Publications Autriche<\/a><\/li>\n<\/ul>\n","protected":false},"excerpt":{"rendered":"<p>En signant le Code de coop\u00e9ration pharmaceutique (CCP) en 2018, Recordati SA s&#8217;est engag\u00e9 \u00e0  &#8230; <a class=\"moretag\" href=\"https:\/\/recordati.ch\/fr\/home\/transparence-code-de-cooperation-pharmaceutique\/\"><span class=\"icon-arrow-read_more\"><\/span><\/a><\/p>\n","protected":false},"author":1,"featured_media":5295,"parent":3498,"menu_order":22,"comment_status":"closed","ping_status":"closed","template":"","meta":{"_acf_changed":false,"footnotes":""},"class_list":["post-5528","page","type-page","status-publish","has-post-thumbnail","hentry"],"acf":[],"yoast_head":"<!-- This site is optimized with the Yoast SEO plugin v27.2 - https:\/\/yoast.com\/product\/yoast-seo-wordpress\/ -->\n<title>Transparence\/Code de coop\u00e9ration pharmaceutique - Recordati<\/title>\n<meta name=\"description\" content=\"Recordati SA s&#039;engage \u00e0 publier les prestations p\u00e9cuniaires fournies aux cercles m\u00e9dicaux, pharmaceutiques sp\u00e9cialis\u00e9s, organisations de sant\u00e9 publique.\" \/>\n<meta name=\"robots\" content=\"index, follow, max-snippet:-1, max-image-preview:large, max-video-preview:-1\" \/>\n<link rel=\"canonical\" href=\"https:\/\/recordati.ch\/fr\/home\/transparence-code-de-cooperation-pharmaceutique\/\" \/>\n<meta property=\"og:locale\" content=\"fr_FR\" \/>\n<meta property=\"og:type\" content=\"article\" \/>\n<meta property=\"og:title\" content=\"Transparence\/Code de coop\u00e9ration pharmaceutique - Recordati\" \/>\n<meta property=\"og:description\" content=\"Recordati SA s&#039;engage \u00e0 publier les prestations p\u00e9cuniaires fournies aux cercles m\u00e9dicaux, pharmaceutiques sp\u00e9cialis\u00e9s, organisations de sant\u00e9 publique.\" \/>\n<meta property=\"og:url\" content=\"https:\/\/recordati.ch\/fr\/home\/transparence-code-de-cooperation-pharmaceutique\/\" \/>\n<meta property=\"og:site_name\" content=\"Recordati\" \/>\n<meta property=\"article:modified_time\" content=\"2021-07-02T08:11:21+00:00\" \/>\n<meta property=\"og:image\" content=\"https:\/\/recordati.ch\/wp-content\/uploads\/2019\/04\/Start-Panorama.jpg\" \/>\n\t<meta property=\"og:image:width\" content=\"2314\" \/>\n\t<meta property=\"og:image:height\" content=\"429\" \/>\n\t<meta property=\"og:image:type\" content=\"image\/jpeg\" \/>\n<meta name=\"twitter:card\" content=\"summary_large_image\" \/>\n<meta name=\"twitter:label1\" content=\"Dur\u00e9e de lecture estim\u00e9e\" \/>\n\t<meta name=\"twitter:data1\" content=\"1 minute\" \/>\n<script type=\"application\/ld+json\" class=\"yoast-schema-graph\">{\"@context\":\"https:\/\/schema.org\",\"@graph\":[{\"@type\":\"WebPage\",\"@id\":\"https:\/\/recordati.ch\/fr\/home\/transparence-code-de-cooperation-pharmaceutique\/\",\"url\":\"https:\/\/recordati.ch\/fr\/home\/transparence-code-de-cooperation-pharmaceutique\/\",\"name\":\"Transparence\/Code de coop\u00e9ration pharmaceutique - Recordati\",\"isPartOf\":{\"@id\":\"https:\/\/recordati.ch\/de\/#website\"},\"primaryImageOfPage\":{\"@id\":\"https:\/\/recordati.ch\/fr\/home\/transparence-code-de-cooperation-pharmaceutique\/#primaryimage\"},\"image\":{\"@id\":\"https:\/\/recordati.ch\/fr\/home\/transparence-code-de-cooperation-pharmaceutique\/#primaryimage\"},\"thumbnailUrl\":\"https:\/\/recordati.ch\/wp-content\/uploads\/2019\/04\/Start-Panorama.jpg\",\"datePublished\":\"2020-04-17T12:10:57+00:00\",\"dateModified\":\"2021-07-02T08:11:21+00:00\",\"description\":\"Recordati SA s'engage \u00e0 publier les prestations p\u00e9cuniaires fournies aux cercles m\u00e9dicaux, pharmaceutiques sp\u00e9cialis\u00e9s, organisations de sant\u00e9 publique.\",\"breadcrumb\":{\"@id\":\"https:\/\/recordati.ch\/fr\/home\/transparence-code-de-cooperation-pharmaceutique\/#breadcrumb\"},\"inLanguage\":\"fr-FR\",\"potentialAction\":[{\"@type\":\"ReadAction\",\"target\":[\"https:\/\/recordati.ch\/fr\/home\/transparence-code-de-cooperation-pharmaceutique\/\"]}]},{\"@type\":\"ImageObject\",\"inLanguage\":\"fr-FR\",\"@id\":\"https:\/\/recordati.ch\/fr\/home\/transparence-code-de-cooperation-pharmaceutique\/#primaryimage\",\"url\":\"https:\/\/recordati.ch\/wp-content\/uploads\/2019\/04\/Start-Panorama.jpg\",\"contentUrl\":\"https:\/\/recordati.ch\/wp-content\/uploads\/2019\/04\/Start-Panorama.jpg\",\"width\":2314,\"height\":429,\"caption\":\"Recordati Schweiz\"},{\"@type\":\"BreadcrumbList\",\"@id\":\"https:\/\/recordati.ch\/fr\/home\/transparence-code-de-cooperation-pharmaceutique\/#breadcrumb\",\"itemListElement\":[{\"@type\":\"ListItem\",\"position\":1,\"name\":\"Startseite\",\"item\":\"https:\/\/recordati.ch\/fr\/\"},{\"@type\":\"ListItem\",\"position\":2,\"name\":\"Recordati\",\"item\":\"https:\/\/recordati.ch\/fr\/\"},{\"@type\":\"ListItem\",\"position\":3,\"name\":\"Transparence\/Code de coop\u00e9ration pharmaceutique\"}]},{\"@type\":\"WebSite\",\"@id\":\"https:\/\/recordati.ch\/de\/#website\",\"url\":\"https:\/\/recordati.ch\/de\/\",\"name\":\"Recordati\",\"description\":\"\",\"publisher\":{\"@id\":\"https:\/\/recordati.ch\/de\/#organization\"},\"potentialAction\":[{\"@type\":\"SearchAction\",\"target\":{\"@type\":\"EntryPoint\",\"urlTemplate\":\"https:\/\/recordati.ch\/de\/?s={search_term_string}\"},\"query-input\":{\"@type\":\"PropertyValueSpecification\",\"valueRequired\":true,\"valueName\":\"search_term_string\"}}],\"inLanguage\":\"fr-FR\"},{\"@type\":\"Organization\",\"@id\":\"https:\/\/recordati.ch\/de\/#organization\",\"name\":\"Recordati AG\",\"url\":\"https:\/\/recordati.ch\/de\/\",\"logo\":{\"@type\":\"ImageObject\",\"inLanguage\":\"fr-FR\",\"@id\":\"https:\/\/recordati.ch\/de\/#\/schema\/logo\/image\/\",\"url\":\"https:\/\/recordati.ch\/wp-content\/uploads\/2018\/07\/favicon.png\",\"contentUrl\":\"https:\/\/recordati.ch\/wp-content\/uploads\/2018\/07\/favicon.png\",\"width\":512,\"height\":512,\"caption\":\"Recordati AG\"},\"image\":{\"@id\":\"https:\/\/recordati.ch\/de\/#\/schema\/logo\/image\/\"}}]}<\/script>\n<!-- \/ Yoast SEO plugin. -->","yoast_head_json":{"title":"Transparence\/Code de coop\u00e9ration pharmaceutique - Recordati","description":"Recordati SA s'engage \u00e0 publier les prestations p\u00e9cuniaires fournies aux cercles m\u00e9dicaux, pharmaceutiques sp\u00e9cialis\u00e9s, organisations de sant\u00e9 publique.","robots":{"index":"index","follow":"follow","max-snippet":"max-snippet:-1","max-image-preview":"max-image-preview:large","max-video-preview":"max-video-preview:-1"},"canonical":"https:\/\/recordati.ch\/fr\/home\/transparence-code-de-cooperation-pharmaceutique\/","og_locale":"fr_FR","og_type":"article","og_title":"Transparence\/Code de coop\u00e9ration pharmaceutique - Recordati","og_description":"Recordati SA s'engage \u00e0 publier les prestations p\u00e9cuniaires fournies aux cercles m\u00e9dicaux, pharmaceutiques sp\u00e9cialis\u00e9s, organisations de sant\u00e9 publique.","og_url":"https:\/\/recordati.ch\/fr\/home\/transparence-code-de-cooperation-pharmaceutique\/","og_site_name":"Recordati","article_modified_time":"2021-07-02T08:11:21+00:00","og_image":[{"width":2314,"height":429,"url":"https:\/\/recordati.ch\/wp-content\/uploads\/2019\/04\/Start-Panorama.jpg","type":"image\/jpeg"}],"twitter_card":"summary_large_image","twitter_misc":{"Dur\u00e9e de lecture estim\u00e9e":"1 minute"},"schema":{"@context":"https:\/\/schema.org","@graph":[{"@type":"WebPage","@id":"https:\/\/recordati.ch\/fr\/home\/transparence-code-de-cooperation-pharmaceutique\/","url":"https:\/\/recordati.ch\/fr\/home\/transparence-code-de-cooperation-pharmaceutique\/","name":"Transparence\/Code de coop\u00e9ration pharmaceutique - Recordati","isPartOf":{"@id":"https:\/\/recordati.ch\/de\/#website"},"primaryImageOfPage":{"@id":"https:\/\/recordati.ch\/fr\/home\/transparence-code-de-cooperation-pharmaceutique\/#primaryimage"},"image":{"@id":"https:\/\/recordati.ch\/fr\/home\/transparence-code-de-cooperation-pharmaceutique\/#primaryimage"},"thumbnailUrl":"https:\/\/recordati.ch\/wp-content\/uploads\/2019\/04\/Start-Panorama.jpg","datePublished":"2020-04-17T12:10:57+00:00","dateModified":"2021-07-02T08:11:21+00:00","description":"Recordati SA s'engage \u00e0 publier les prestations p\u00e9cuniaires fournies aux cercles m\u00e9dicaux, pharmaceutiques sp\u00e9cialis\u00e9s, organisations de sant\u00e9 publique.","breadcrumb":{"@id":"https:\/\/recordati.ch\/fr\/home\/transparence-code-de-cooperation-pharmaceutique\/#breadcrumb"},"inLanguage":"fr-FR","potentialAction":[{"@type":"ReadAction","target":["https:\/\/recordati.ch\/fr\/home\/transparence-code-de-cooperation-pharmaceutique\/"]}]},{"@type":"ImageObject","inLanguage":"fr-FR","@id":"https:\/\/recordati.ch\/fr\/home\/transparence-code-de-cooperation-pharmaceutique\/#primaryimage","url":"https:\/\/recordati.ch\/wp-content\/uploads\/2019\/04\/Start-Panorama.jpg","contentUrl":"https:\/\/recordati.ch\/wp-content\/uploads\/2019\/04\/Start-Panorama.jpg","width":2314,"height":429,"caption":"Recordati Schweiz"},{"@type":"BreadcrumbList","@id":"https:\/\/recordati.ch\/fr\/home\/transparence-code-de-cooperation-pharmaceutique\/#breadcrumb","itemListElement":[{"@type":"ListItem","position":1,"name":"Startseite","item":"https:\/\/recordati.ch\/fr\/"},{"@type":"ListItem","position":2,"name":"Recordati","item":"https:\/\/recordati.ch\/fr\/"},{"@type":"ListItem","position":3,"name":"Transparence\/Code de coop\u00e9ration pharmaceutique"}]},{"@type":"WebSite","@id":"https:\/\/recordati.ch\/de\/#website","url":"https:\/\/recordati.ch\/de\/","name":"Recordati","description":"","publisher":{"@id":"https:\/\/recordati.ch\/de\/#organization"},"potentialAction":[{"@type":"SearchAction","target":{"@type":"EntryPoint","urlTemplate":"https:\/\/recordati.ch\/de\/?s={search_term_string}"},"query-input":{"@type":"PropertyValueSpecification","valueRequired":true,"valueName":"search_term_string"}}],"inLanguage":"fr-FR"},{"@type":"Organization","@id":"https:\/\/recordati.ch\/de\/#organization","name":"Recordati AG","url":"https:\/\/recordati.ch\/de\/","logo":{"@type":"ImageObject","inLanguage":"fr-FR","@id":"https:\/\/recordati.ch\/de\/#\/schema\/logo\/image\/","url":"https:\/\/recordati.ch\/wp-content\/uploads\/2018\/07\/favicon.png","contentUrl":"https:\/\/recordati.ch\/wp-content\/uploads\/2018\/07\/favicon.png","width":512,"height":512,"caption":"Recordati AG"},"image":{"@id":"https:\/\/recordati.ch\/de\/#\/schema\/logo\/image\/"}}]}},"_links":{"self":[{"href":"https:\/\/recordati.ch\/fr\/wp-json\/wp\/v2\/pages\/5528","targetHints":{"allow":["GET"]}}],"collection":[{"href":"https:\/\/recordati.ch\/fr\/wp-json\/wp\/v2\/pages"}],"about":[{"href":"https:\/\/recordati.ch\/fr\/wp-json\/wp\/v2\/types\/page"}],"author":[{"embeddable":true,"href":"https:\/\/recordati.ch\/fr\/wp-json\/wp\/v2\/users\/1"}],"replies":[{"embeddable":true,"href":"https:\/\/recordati.ch\/fr\/wp-json\/wp\/v2\/comments?post=5528"}],"version-history":[{"count":10,"href":"https:\/\/recordati.ch\/fr\/wp-json\/wp\/v2\/pages\/5528\/revisions"}],"predecessor-version":[{"id":8790,"href":"https:\/\/recordati.ch\/fr\/wp-json\/wp\/v2\/pages\/5528\/revisions\/8790"}],"up":[{"embeddable":true,"href":"https:\/\/recordati.ch\/fr\/wp-json\/wp\/v2\/pages\/3498"}],"wp:featuredmedia":[{"embeddable":true,"href":"https:\/\/recordati.ch\/fr\/wp-json\/wp\/v2\/media\/5295"}],"wp:attachment":[{"href":"https:\/\/recordati.ch\/fr\/wp-json\/wp\/v2\/media?parent=5528"}],"curies":[{"name":"wp","href":"https:\/\/api.w.org\/{rel}","templated":true}]}}