{"id":5555,"date":"2018-06-20T08:09:20","date_gmt":"2018-06-20T06:09:20","guid":{"rendered":"https:\/\/recordati.ch\/erhoehte-blutfettwerte\/"},"modified":"2020-06-23T15:03:55","modified_gmt":"2020-06-23T13:03:55","slug":"hyperlidpidemie","status":"publish","type":"page","link":"https:\/\/recordati.ch\/fr\/domaines-therapeutiques\/cardiologie\/hyperlidpidemie\/","title":{"rendered":"Hyperlipid\u00e9mie"},"content":{"rendered":"","protected":false},"excerpt":{"rendered":"","protected":false},"author":22,"featured_media":5308,"parent":5562,"menu_order":71,"comment_status":"closed","ping_status":"closed","template":"","meta":{"_acf_changed":false,"footnotes":""},"class_list":["post-5555","page","type-page","status-publish","has-post-thumbnail","hentry"],"acf":[],"yoast_head":"<!-- This site is optimized with the Yoast SEO plugin v27.2 - https:\/\/yoast.com\/product\/yoast-seo-wordpress\/ -->\n<title>Hyperlipid\u00e9mie - Recordati<\/title>\n<meta name=\"description\" content=\"Hyperlipid\u00e9mie. Recordati Suisse aide grace \u00e0 Livazo avec la substance active Pitavastatin.\" \/>\n<meta name=\"robots\" content=\"index, follow, max-snippet:-1, max-image-preview:large, max-video-preview:-1\" \/>\n<link rel=\"canonical\" href=\"https:\/\/recordati.ch\/fr\/domaines-therapeutiques\/cardiologie\/hyperlidpidemie\/\" \/>\n<meta property=\"og:locale\" content=\"fr_FR\" \/>\n<meta property=\"og:type\" content=\"article\" \/>\n<meta property=\"og:title\" content=\"Hyperlipid\u00e9mie - Recordati\" \/>\n<meta property=\"og:description\" content=\"Hyperlipid\u00e9mie. Recordati Suisse aide grace \u00e0 Livazo avec la substance active Pitavastatin.\" \/>\n<meta property=\"og:url\" content=\"https:\/\/recordati.ch\/fr\/domaines-therapeutiques\/cardiologie\/hyperlidpidemie\/\" \/>\n<meta property=\"og:site_name\" content=\"Recordati\" \/>\n<meta property=\"article:modified_time\" content=\"2020-06-23T13:03:55+00:00\" \/>\n<meta property=\"og:image\" content=\"https:\/\/recordati.ch\/wp-content\/uploads\/2019\/04\/20181220_162108-1.jpg\" \/>\n\t<meta property=\"og:image:width\" content=\"1719\" \/>\n\t<meta property=\"og:image:height\" content=\"392\" \/>\n\t<meta property=\"og:image:type\" content=\"image\/jpeg\" \/>\n<meta name=\"twitter:card\" content=\"summary_large_image\" \/>\n<script type=\"application\/ld+json\" class=\"yoast-schema-graph\">{\"@context\":\"https:\/\/schema.org\",\"@graph\":[{\"@type\":\"WebPage\",\"@id\":\"https:\/\/recordati.ch\/fr\/domaines-therapeutiques\/cardiologie\/hyperlidpidemie\/\",\"url\":\"https:\/\/recordati.ch\/fr\/domaines-therapeutiques\/cardiologie\/hyperlidpidemie\/\",\"name\":\"Hyperlipid\u00e9mie - Recordati\",\"isPartOf\":{\"@id\":\"https:\/\/recordati.ch\/de\/#website\"},\"primaryImageOfPage\":{\"@id\":\"https:\/\/recordati.ch\/fr\/domaines-therapeutiques\/cardiologie\/hyperlidpidemie\/#primaryimage\"},\"image\":{\"@id\":\"https:\/\/recordati.ch\/fr\/domaines-therapeutiques\/cardiologie\/hyperlidpidemie\/#primaryimage\"},\"thumbnailUrl\":\"https:\/\/recordati.ch\/wp-content\/uploads\/2019\/04\/20181220_162108-1.jpg\",\"datePublished\":\"2018-06-20T06:09:20+00:00\",\"dateModified\":\"2020-06-23T13:03:55+00:00\",\"description\":\"Hyperlipid\u00e9mie. Recordati Suisse aide grace \u00e0 Livazo avec la substance active Pitavastatin.\",\"breadcrumb\":{\"@id\":\"https:\/\/recordati.ch\/fr\/domaines-therapeutiques\/cardiologie\/hyperlidpidemie\/#breadcrumb\"},\"inLanguage\":\"fr-FR\",\"potentialAction\":[{\"@type\":\"ReadAction\",\"target\":[\"https:\/\/recordati.ch\/fr\/domaines-therapeutiques\/cardiologie\/hyperlidpidemie\/\"]}]},{\"@type\":\"ImageObject\",\"inLanguage\":\"fr-FR\",\"@id\":\"https:\/\/recordati.ch\/fr\/domaines-therapeutiques\/cardiologie\/hyperlidpidemie\/#primaryimage\",\"url\":\"https:\/\/recordati.ch\/wp-content\/uploads\/2019\/04\/20181220_162108-1.jpg\",\"contentUrl\":\"https:\/\/recordati.ch\/wp-content\/uploads\/2019\/04\/20181220_162108-1.jpg\",\"width\":1719,\"height\":392},{\"@type\":\"BreadcrumbList\",\"@id\":\"https:\/\/recordati.ch\/fr\/domaines-therapeutiques\/cardiologie\/hyperlidpidemie\/#breadcrumb\",\"itemListElement\":[{\"@type\":\"ListItem\",\"position\":1,\"name\":\"Startseite\",\"item\":\"https:\/\/recordati.ch\/fr\/\"},{\"@type\":\"ListItem\",\"position\":2,\"name\":\"Domaines th\u00e9rapeutiques\",\"item\":\"https:\/\/recordati.ch\/fr\/domaines-therapeutiques\/\"},{\"@type\":\"ListItem\",\"position\":3,\"name\":\"Cardiologie\",\"item\":\"https:\/\/recordati.ch\/fr\/domaines-therapeutiques\/cardiologie\/\"},{\"@type\":\"ListItem\",\"position\":4,\"name\":\"Hyperlipid\u00e9mie\"}]},{\"@type\":\"WebSite\",\"@id\":\"https:\/\/recordati.ch\/de\/#website\",\"url\":\"https:\/\/recordati.ch\/de\/\",\"name\":\"Recordati\",\"description\":\"\",\"publisher\":{\"@id\":\"https:\/\/recordati.ch\/de\/#organization\"},\"potentialAction\":[{\"@type\":\"SearchAction\",\"target\":{\"@type\":\"EntryPoint\",\"urlTemplate\":\"https:\/\/recordati.ch\/de\/?s={search_term_string}\"},\"query-input\":{\"@type\":\"PropertyValueSpecification\",\"valueRequired\":true,\"valueName\":\"search_term_string\"}}],\"inLanguage\":\"fr-FR\"},{\"@type\":\"Organization\",\"@id\":\"https:\/\/recordati.ch\/de\/#organization\",\"name\":\"Recordati AG\",\"url\":\"https:\/\/recordati.ch\/de\/\",\"logo\":{\"@type\":\"ImageObject\",\"inLanguage\":\"fr-FR\",\"@id\":\"https:\/\/recordati.ch\/de\/#\/schema\/logo\/image\/\",\"url\":\"https:\/\/recordati.ch\/wp-content\/uploads\/2018\/07\/favicon.png\",\"contentUrl\":\"https:\/\/recordati.ch\/wp-content\/uploads\/2018\/07\/favicon.png\",\"width\":512,\"height\":512,\"caption\":\"Recordati AG\"},\"image\":{\"@id\":\"https:\/\/recordati.ch\/de\/#\/schema\/logo\/image\/\"}}]}<\/script>\n<!-- \/ Yoast SEO plugin. -->","yoast_head_json":{"title":"Hyperlipid\u00e9mie - Recordati","description":"Hyperlipid\u00e9mie. Recordati Suisse aide grace \u00e0 Livazo avec la substance active Pitavastatin.","robots":{"index":"index","follow":"follow","max-snippet":"max-snippet:-1","max-image-preview":"max-image-preview:large","max-video-preview":"max-video-preview:-1"},"canonical":"https:\/\/recordati.ch\/fr\/domaines-therapeutiques\/cardiologie\/hyperlidpidemie\/","og_locale":"fr_FR","og_type":"article","og_title":"Hyperlipid\u00e9mie - Recordati","og_description":"Hyperlipid\u00e9mie. Recordati Suisse aide grace \u00e0 Livazo avec la substance active Pitavastatin.","og_url":"https:\/\/recordati.ch\/fr\/domaines-therapeutiques\/cardiologie\/hyperlidpidemie\/","og_site_name":"Recordati","article_modified_time":"2020-06-23T13:03:55+00:00","og_image":[{"width":1719,"height":392,"url":"https:\/\/recordati.ch\/wp-content\/uploads\/2019\/04\/20181220_162108-1.jpg","type":"image\/jpeg"}],"twitter_card":"summary_large_image","schema":{"@context":"https:\/\/schema.org","@graph":[{"@type":"WebPage","@id":"https:\/\/recordati.ch\/fr\/domaines-therapeutiques\/cardiologie\/hyperlidpidemie\/","url":"https:\/\/recordati.ch\/fr\/domaines-therapeutiques\/cardiologie\/hyperlidpidemie\/","name":"Hyperlipid\u00e9mie - Recordati","isPartOf":{"@id":"https:\/\/recordati.ch\/de\/#website"},"primaryImageOfPage":{"@id":"https:\/\/recordati.ch\/fr\/domaines-therapeutiques\/cardiologie\/hyperlidpidemie\/#primaryimage"},"image":{"@id":"https:\/\/recordati.ch\/fr\/domaines-therapeutiques\/cardiologie\/hyperlidpidemie\/#primaryimage"},"thumbnailUrl":"https:\/\/recordati.ch\/wp-content\/uploads\/2019\/04\/20181220_162108-1.jpg","datePublished":"2018-06-20T06:09:20+00:00","dateModified":"2020-06-23T13:03:55+00:00","description":"Hyperlipid\u00e9mie. Recordati Suisse aide grace \u00e0 Livazo avec la substance active Pitavastatin.","breadcrumb":{"@id":"https:\/\/recordati.ch\/fr\/domaines-therapeutiques\/cardiologie\/hyperlidpidemie\/#breadcrumb"},"inLanguage":"fr-FR","potentialAction":[{"@type":"ReadAction","target":["https:\/\/recordati.ch\/fr\/domaines-therapeutiques\/cardiologie\/hyperlidpidemie\/"]}]},{"@type":"ImageObject","inLanguage":"fr-FR","@id":"https:\/\/recordati.ch\/fr\/domaines-therapeutiques\/cardiologie\/hyperlidpidemie\/#primaryimage","url":"https:\/\/recordati.ch\/wp-content\/uploads\/2019\/04\/20181220_162108-1.jpg","contentUrl":"https:\/\/recordati.ch\/wp-content\/uploads\/2019\/04\/20181220_162108-1.jpg","width":1719,"height":392},{"@type":"BreadcrumbList","@id":"https:\/\/recordati.ch\/fr\/domaines-therapeutiques\/cardiologie\/hyperlidpidemie\/#breadcrumb","itemListElement":[{"@type":"ListItem","position":1,"name":"Startseite","item":"https:\/\/recordati.ch\/fr\/"},{"@type":"ListItem","position":2,"name":"Domaines th\u00e9rapeutiques","item":"https:\/\/recordati.ch\/fr\/domaines-therapeutiques\/"},{"@type":"ListItem","position":3,"name":"Cardiologie","item":"https:\/\/recordati.ch\/fr\/domaines-therapeutiques\/cardiologie\/"},{"@type":"ListItem","position":4,"name":"Hyperlipid\u00e9mie"}]},{"@type":"WebSite","@id":"https:\/\/recordati.ch\/de\/#website","url":"https:\/\/recordati.ch\/de\/","name":"Recordati","description":"","publisher":{"@id":"https:\/\/recordati.ch\/de\/#organization"},"potentialAction":[{"@type":"SearchAction","target":{"@type":"EntryPoint","urlTemplate":"https:\/\/recordati.ch\/de\/?s={search_term_string}"},"query-input":{"@type":"PropertyValueSpecification","valueRequired":true,"valueName":"search_term_string"}}],"inLanguage":"fr-FR"},{"@type":"Organization","@id":"https:\/\/recordati.ch\/de\/#organization","name":"Recordati AG","url":"https:\/\/recordati.ch\/de\/","logo":{"@type":"ImageObject","inLanguage":"fr-FR","@id":"https:\/\/recordati.ch\/de\/#\/schema\/logo\/image\/","url":"https:\/\/recordati.ch\/wp-content\/uploads\/2018\/07\/favicon.png","contentUrl":"https:\/\/recordati.ch\/wp-content\/uploads\/2018\/07\/favicon.png","width":512,"height":512,"caption":"Recordati AG"},"image":{"@id":"https:\/\/recordati.ch\/de\/#\/schema\/logo\/image\/"}}]}},"_links":{"self":[{"href":"https:\/\/recordati.ch\/fr\/wp-json\/wp\/v2\/pages\/5555","targetHints":{"allow":["GET"]}}],"collection":[{"href":"https:\/\/recordati.ch\/fr\/wp-json\/wp\/v2\/pages"}],"about":[{"href":"https:\/\/recordati.ch\/fr\/wp-json\/wp\/v2\/types\/page"}],"author":[{"embeddable":true,"href":"https:\/\/recordati.ch\/fr\/wp-json\/wp\/v2\/users\/22"}],"replies":[{"embeddable":true,"href":"https:\/\/recordati.ch\/fr\/wp-json\/wp\/v2\/comments?post=5555"}],"version-history":[{"count":7,"href":"https:\/\/recordati.ch\/fr\/wp-json\/wp\/v2\/pages\/5555\/revisions"}],"predecessor-version":[{"id":5877,"href":"https:\/\/recordati.ch\/fr\/wp-json\/wp\/v2\/pages\/5555\/revisions\/5877"}],"up":[{"embeddable":true,"href":"https:\/\/recordati.ch\/fr\/wp-json\/wp\/v2\/pages\/5562"}],"wp:featuredmedia":[{"embeddable":true,"href":"https:\/\/recordati.ch\/fr\/wp-json\/wp\/v2\/media\/5308"}],"wp:attachment":[{"href":"https:\/\/recordati.ch\/fr\/wp-json\/wp\/v2\/media?parent=5555"}],"curies":[{"name":"wp","href":"https:\/\/api.w.org\/{rel}","templated":true}]}}