{"id":5600,"date":"2015-02-19T15:31:06","date_gmt":"2015-02-19T14:31:06","guid":{"rendered":"https:\/\/recordati.ch\/domaines-therapeutiques\/urologie\/nierensteine\/"},"modified":"2020-06-23T15:33:29","modified_gmt":"2020-06-23T13:33:29","slug":"calculs-renaux","status":"publish","type":"page","link":"https:\/\/recordati.ch\/fr\/domaines-therapeutiques\/urologie\/calculs-renaux\/","title":{"rendered":"Calculs r\u00e9naux"},"content":{"rendered":"","protected":false},"excerpt":{"rendered":"","protected":false},"author":1,"featured_media":5308,"parent":5586,"menu_order":63,"comment_status":"closed","ping_status":"closed","template":"","meta":{"_acf_changed":false,"footnotes":""},"class_list":["post-5600","page","type-page","status-publish","has-post-thumbnail","hentry"],"acf":[],"yoast_head":"<!-- This site is optimized with the Yoast SEO plugin v27.2 - https:\/\/yoast.com\/product\/yoast-seo-wordpress\/ -->\n<title>Calculs r\u00e9naux - Recordati<\/title>\n<meta name=\"description\" content=\"Calculs r\u00e9naux. Recordati Suisse aide avec le m\u00e9dicament Urocit avec la substance Kalium citrag\" \/>\n<meta name=\"robots\" content=\"index, follow, max-snippet:-1, max-image-preview:large, max-video-preview:-1\" \/>\n<link rel=\"canonical\" href=\"https:\/\/recordati.ch\/fr\/domaines-therapeutiques\/urologie\/calculs-renaux\/\" \/>\n<meta property=\"og:locale\" content=\"fr_FR\" \/>\n<meta property=\"og:type\" content=\"article\" \/>\n<meta property=\"og:title\" content=\"Calculs r\u00e9naux - Recordati\" \/>\n<meta property=\"og:description\" content=\"Calculs r\u00e9naux. Recordati Suisse aide avec le m\u00e9dicament Urocit avec la substance Kalium citrag\" \/>\n<meta property=\"og:url\" content=\"https:\/\/recordati.ch\/fr\/domaines-therapeutiques\/urologie\/calculs-renaux\/\" \/>\n<meta property=\"og:site_name\" content=\"Recordati\" \/>\n<meta property=\"article:modified_time\" content=\"2020-06-23T13:33:29+00:00\" \/>\n<meta property=\"og:image\" content=\"https:\/\/recordati.ch\/wp-content\/uploads\/2019\/04\/20181220_162108-1.jpg\" \/>\n\t<meta property=\"og:image:width\" content=\"1719\" \/>\n\t<meta property=\"og:image:height\" content=\"392\" \/>\n\t<meta property=\"og:image:type\" content=\"image\/jpeg\" \/>\n<meta name=\"twitter:card\" content=\"summary_large_image\" \/>\n<script type=\"application\/ld+json\" class=\"yoast-schema-graph\">{\"@context\":\"https:\/\/schema.org\",\"@graph\":[{\"@type\":\"WebPage\",\"@id\":\"https:\/\/recordati.ch\/fr\/domaines-therapeutiques\/urologie\/calculs-renaux\/\",\"url\":\"https:\/\/recordati.ch\/fr\/domaines-therapeutiques\/urologie\/calculs-renaux\/\",\"name\":\"Calculs r\u00e9naux - Recordati\",\"isPartOf\":{\"@id\":\"https:\/\/recordati.ch\/de\/#website\"},\"primaryImageOfPage\":{\"@id\":\"https:\/\/recordati.ch\/fr\/domaines-therapeutiques\/urologie\/calculs-renaux\/#primaryimage\"},\"image\":{\"@id\":\"https:\/\/recordati.ch\/fr\/domaines-therapeutiques\/urologie\/calculs-renaux\/#primaryimage\"},\"thumbnailUrl\":\"https:\/\/recordati.ch\/wp-content\/uploads\/2019\/04\/20181220_162108-1.jpg\",\"datePublished\":\"2015-02-19T14:31:06+00:00\",\"dateModified\":\"2020-06-23T13:33:29+00:00\",\"description\":\"Calculs r\u00e9naux. Recordati Suisse aide avec le m\u00e9dicament Urocit avec la substance Kalium citrag\",\"breadcrumb\":{\"@id\":\"https:\/\/recordati.ch\/fr\/domaines-therapeutiques\/urologie\/calculs-renaux\/#breadcrumb\"},\"inLanguage\":\"fr-FR\",\"potentialAction\":[{\"@type\":\"ReadAction\",\"target\":[\"https:\/\/recordati.ch\/fr\/domaines-therapeutiques\/urologie\/calculs-renaux\/\"]}]},{\"@type\":\"ImageObject\",\"inLanguage\":\"fr-FR\",\"@id\":\"https:\/\/recordati.ch\/fr\/domaines-therapeutiques\/urologie\/calculs-renaux\/#primaryimage\",\"url\":\"https:\/\/recordati.ch\/wp-content\/uploads\/2019\/04\/20181220_162108-1.jpg\",\"contentUrl\":\"https:\/\/recordati.ch\/wp-content\/uploads\/2019\/04\/20181220_162108-1.jpg\",\"width\":1719,\"height\":392},{\"@type\":\"BreadcrumbList\",\"@id\":\"https:\/\/recordati.ch\/fr\/domaines-therapeutiques\/urologie\/calculs-renaux\/#breadcrumb\",\"itemListElement\":[{\"@type\":\"ListItem\",\"position\":1,\"name\":\"Startseite\",\"item\":\"https:\/\/recordati.ch\/fr\/\"},{\"@type\":\"ListItem\",\"position\":2,\"name\":\"Domaines th\u00e9rapeutiques\",\"item\":\"https:\/\/recordati.ch\/fr\/domaines-therapeutiques\/\"},{\"@type\":\"ListItem\",\"position\":3,\"name\":\"Urologie\",\"item\":\"https:\/\/recordati.ch\/fr\/domaines-therapeutiques\/urologie\/\"},{\"@type\":\"ListItem\",\"position\":4,\"name\":\"Calculs r\u00e9naux\"}]},{\"@type\":\"WebSite\",\"@id\":\"https:\/\/recordati.ch\/de\/#website\",\"url\":\"https:\/\/recordati.ch\/de\/\",\"name\":\"Recordati\",\"description\":\"\",\"publisher\":{\"@id\":\"https:\/\/recordati.ch\/de\/#organization\"},\"potentialAction\":[{\"@type\":\"SearchAction\",\"target\":{\"@type\":\"EntryPoint\",\"urlTemplate\":\"https:\/\/recordati.ch\/de\/?s={search_term_string}\"},\"query-input\":{\"@type\":\"PropertyValueSpecification\",\"valueRequired\":true,\"valueName\":\"search_term_string\"}}],\"inLanguage\":\"fr-FR\"},{\"@type\":\"Organization\",\"@id\":\"https:\/\/recordati.ch\/de\/#organization\",\"name\":\"Recordati AG\",\"url\":\"https:\/\/recordati.ch\/de\/\",\"logo\":{\"@type\":\"ImageObject\",\"inLanguage\":\"fr-FR\",\"@id\":\"https:\/\/recordati.ch\/de\/#\/schema\/logo\/image\/\",\"url\":\"https:\/\/recordati.ch\/wp-content\/uploads\/2018\/07\/favicon.png\",\"contentUrl\":\"https:\/\/recordati.ch\/wp-content\/uploads\/2018\/07\/favicon.png\",\"width\":512,\"height\":512,\"caption\":\"Recordati AG\"},\"image\":{\"@id\":\"https:\/\/recordati.ch\/de\/#\/schema\/logo\/image\/\"}}]}<\/script>\n<!-- \/ Yoast SEO plugin. -->","yoast_head_json":{"title":"Calculs r\u00e9naux - Recordati","description":"Calculs r\u00e9naux. Recordati Suisse aide avec le m\u00e9dicament Urocit avec la substance Kalium citrag","robots":{"index":"index","follow":"follow","max-snippet":"max-snippet:-1","max-image-preview":"max-image-preview:large","max-video-preview":"max-video-preview:-1"},"canonical":"https:\/\/recordati.ch\/fr\/domaines-therapeutiques\/urologie\/calculs-renaux\/","og_locale":"fr_FR","og_type":"article","og_title":"Calculs r\u00e9naux - Recordati","og_description":"Calculs r\u00e9naux. Recordati Suisse aide avec le m\u00e9dicament Urocit avec la substance Kalium citrag","og_url":"https:\/\/recordati.ch\/fr\/domaines-therapeutiques\/urologie\/calculs-renaux\/","og_site_name":"Recordati","article_modified_time":"2020-06-23T13:33:29+00:00","og_image":[{"width":1719,"height":392,"url":"https:\/\/recordati.ch\/wp-content\/uploads\/2019\/04\/20181220_162108-1.jpg","type":"image\/jpeg"}],"twitter_card":"summary_large_image","schema":{"@context":"https:\/\/schema.org","@graph":[{"@type":"WebPage","@id":"https:\/\/recordati.ch\/fr\/domaines-therapeutiques\/urologie\/calculs-renaux\/","url":"https:\/\/recordati.ch\/fr\/domaines-therapeutiques\/urologie\/calculs-renaux\/","name":"Calculs r\u00e9naux - Recordati","isPartOf":{"@id":"https:\/\/recordati.ch\/de\/#website"},"primaryImageOfPage":{"@id":"https:\/\/recordati.ch\/fr\/domaines-therapeutiques\/urologie\/calculs-renaux\/#primaryimage"},"image":{"@id":"https:\/\/recordati.ch\/fr\/domaines-therapeutiques\/urologie\/calculs-renaux\/#primaryimage"},"thumbnailUrl":"https:\/\/recordati.ch\/wp-content\/uploads\/2019\/04\/20181220_162108-1.jpg","datePublished":"2015-02-19T14:31:06+00:00","dateModified":"2020-06-23T13:33:29+00:00","description":"Calculs r\u00e9naux. Recordati Suisse aide avec le m\u00e9dicament Urocit avec la substance Kalium citrag","breadcrumb":{"@id":"https:\/\/recordati.ch\/fr\/domaines-therapeutiques\/urologie\/calculs-renaux\/#breadcrumb"},"inLanguage":"fr-FR","potentialAction":[{"@type":"ReadAction","target":["https:\/\/recordati.ch\/fr\/domaines-therapeutiques\/urologie\/calculs-renaux\/"]}]},{"@type":"ImageObject","inLanguage":"fr-FR","@id":"https:\/\/recordati.ch\/fr\/domaines-therapeutiques\/urologie\/calculs-renaux\/#primaryimage","url":"https:\/\/recordati.ch\/wp-content\/uploads\/2019\/04\/20181220_162108-1.jpg","contentUrl":"https:\/\/recordati.ch\/wp-content\/uploads\/2019\/04\/20181220_162108-1.jpg","width":1719,"height":392},{"@type":"BreadcrumbList","@id":"https:\/\/recordati.ch\/fr\/domaines-therapeutiques\/urologie\/calculs-renaux\/#breadcrumb","itemListElement":[{"@type":"ListItem","position":1,"name":"Startseite","item":"https:\/\/recordati.ch\/fr\/"},{"@type":"ListItem","position":2,"name":"Domaines th\u00e9rapeutiques","item":"https:\/\/recordati.ch\/fr\/domaines-therapeutiques\/"},{"@type":"ListItem","position":3,"name":"Urologie","item":"https:\/\/recordati.ch\/fr\/domaines-therapeutiques\/urologie\/"},{"@type":"ListItem","position":4,"name":"Calculs r\u00e9naux"}]},{"@type":"WebSite","@id":"https:\/\/recordati.ch\/de\/#website","url":"https:\/\/recordati.ch\/de\/","name":"Recordati","description":"","publisher":{"@id":"https:\/\/recordati.ch\/de\/#organization"},"potentialAction":[{"@type":"SearchAction","target":{"@type":"EntryPoint","urlTemplate":"https:\/\/recordati.ch\/de\/?s={search_term_string}"},"query-input":{"@type":"PropertyValueSpecification","valueRequired":true,"valueName":"search_term_string"}}],"inLanguage":"fr-FR"},{"@type":"Organization","@id":"https:\/\/recordati.ch\/de\/#organization","name":"Recordati AG","url":"https:\/\/recordati.ch\/de\/","logo":{"@type":"ImageObject","inLanguage":"fr-FR","@id":"https:\/\/recordati.ch\/de\/#\/schema\/logo\/image\/","url":"https:\/\/recordati.ch\/wp-content\/uploads\/2018\/07\/favicon.png","contentUrl":"https:\/\/recordati.ch\/wp-content\/uploads\/2018\/07\/favicon.png","width":512,"height":512,"caption":"Recordati AG"},"image":{"@id":"https:\/\/recordati.ch\/de\/#\/schema\/logo\/image\/"}}]}},"_links":{"self":[{"href":"https:\/\/recordati.ch\/fr\/wp-json\/wp\/v2\/pages\/5600","targetHints":{"allow":["GET"]}}],"collection":[{"href":"https:\/\/recordati.ch\/fr\/wp-json\/wp\/v2\/pages"}],"about":[{"href":"https:\/\/recordati.ch\/fr\/wp-json\/wp\/v2\/types\/page"}],"author":[{"embeddable":true,"href":"https:\/\/recordati.ch\/fr\/wp-json\/wp\/v2\/users\/1"}],"replies":[{"embeddable":true,"href":"https:\/\/recordati.ch\/fr\/wp-json\/wp\/v2\/comments?post=5600"}],"version-history":[{"count":4,"href":"https:\/\/recordati.ch\/fr\/wp-json\/wp\/v2\/pages\/5600\/revisions"}],"predecessor-version":[{"id":5820,"href":"https:\/\/recordati.ch\/fr\/wp-json\/wp\/v2\/pages\/5600\/revisions\/5820"}],"up":[{"embeddable":true,"href":"https:\/\/recordati.ch\/fr\/wp-json\/wp\/v2\/pages\/5586"}],"wp:featuredmedia":[{"embeddable":true,"href":"https:\/\/recordati.ch\/fr\/wp-json\/wp\/v2\/media\/5308"}],"wp:attachment":[{"href":"https:\/\/recordati.ch\/fr\/wp-json\/wp\/v2\/media?parent=5600"}],"curies":[{"name":"wp","href":"https:\/\/api.w.org\/{rel}","templated":true}]}}