{"id":6159,"date":"2020-06-05T10:34:22","date_gmt":"2020-06-05T08:34:22","guid":{"rendered":"https:\/\/recordati.ch\/?page_id=6159"},"modified":"2021-01-07T14:25:11","modified_gmt":"2021-01-07T13:25:11","slug":"zanidip","status":"publish","type":"page","link":"https:\/\/recordati.ch\/fr\/services-pour-medecins\/herz-kreislauf\/zanidip\/","title":{"rendered":"Zanidip<sup>\u00ae<\/sup>"},"content":{"rendered":"<p><span style=\"color: #808080; font-size: 14pt;\">Lercanidipine<\/span><\/p>\n<p>&nbsp;<\/p>\n<p><span style=\"color: #808080;\"><strong>Effet hypotenseur convaincant, particuli\u00e8rement bien tol\u00e9r\u00e9.<sup>1-3<\/sup><\/strong><\/span><\/p>\n","protected":false},"excerpt":{"rendered":"<p>Lercanidipine &nbsp; Effet hypotenseur convaincant, particuli\u00e8rement bien tol\u00e9r\u00e9.1-3<\/p>\n","protected":false},"author":158,"featured_media":0,"parent":5780,"menu_order":111,"comment_status":"closed","ping_status":"closed","template":"templates\/page-produkt-fach.php","meta":{"_acf_changed":false,"footnotes":""},"class_list":["post-6159","page","type-page","status-publish","hentry"],"acf":[],"yoast_head":"<!-- This site is optimized with the Yoast SEO plugin v27.4 - https:\/\/yoast.com\/product\/yoast-seo-wordpress\/ -->\n<title>Zanidip\u00ae - Recordati<\/title>\n<meta name=\"robots\" content=\"noindex, nofollow\" \/>\n<meta property=\"og:locale\" content=\"fr_FR\" \/>\n<meta property=\"og:type\" content=\"article\" \/>\n<meta property=\"og:title\" content=\"Zanidip\u00ae - Recordati\" \/>\n<meta property=\"og:description\" content=\"Lercanidipine &nbsp; Effet hypotenseur convaincant, particuli\u00e8rement bien tol\u00e9r\u00e9.1-3\" \/>\n<meta property=\"og:url\" content=\"https:\/\/recordati.ch\/fr\/services-pour-medecins\/herz-kreislauf\/zanidip\/\" \/>\n<meta property=\"og:site_name\" content=\"Recordati\" \/>\n<meta property=\"article:modified_time\" content=\"2021-01-07T13:25:11+00:00\" \/>\n<meta name=\"twitter:card\" content=\"summary_large_image\" \/>\n<script type=\"application\/ld+json\" class=\"yoast-schema-graph\">{\"@context\":\"https:\\\/\\\/schema.org\",\"@graph\":[{\"@type\":\"WebPage\",\"@id\":\"https:\\\/\\\/recordati.ch\\\/fr\\\/services-pour-medecins\\\/herz-kreislauf\\\/zanidip\\\/\",\"url\":\"https:\\\/\\\/recordati.ch\\\/fr\\\/services-pour-medecins\\\/herz-kreislauf\\\/zanidip\\\/\",\"name\":\"Zanidip\u00ae - Recordati\",\"isPartOf\":{\"@id\":\"https:\\\/\\\/recordati.ch\\\/de\\\/#website\"},\"datePublished\":\"2020-06-05T08:34:22+00:00\",\"dateModified\":\"2021-01-07T13:25:11+00:00\",\"breadcrumb\":{\"@id\":\"https:\\\/\\\/recordati.ch\\\/fr\\\/services-pour-medecins\\\/herz-kreislauf\\\/zanidip\\\/#breadcrumb\"},\"inLanguage\":\"fr-FR\",\"potentialAction\":[{\"@type\":\"ReadAction\",\"target\":[\"https:\\\/\\\/recordati.ch\\\/fr\\\/services-pour-medecins\\\/herz-kreislauf\\\/zanidip\\\/\"]}]},{\"@type\":\"BreadcrumbList\",\"@id\":\"https:\\\/\\\/recordati.ch\\\/fr\\\/services-pour-medecins\\\/herz-kreislauf\\\/zanidip\\\/#breadcrumb\",\"itemListElement\":[{\"@type\":\"ListItem\",\"position\":1,\"name\":\"Startseite\",\"item\":\"https:\\\/\\\/recordati.ch\\\/fr\\\/\"},{\"@type\":\"ListItem\",\"position\":2,\"name\":\"Services pour m\u00e9decins\",\"item\":\"https:\\\/\\\/recordati.ch\\\/fr\\\/services-pour-medecins\\\/\"},{\"@type\":\"ListItem\",\"position\":3,\"name\":\"Cardiologie\",\"item\":\"https:\\\/\\\/recordati.ch\\\/fr\\\/services-pour-medecins\\\/herz-kreislauf\\\/\"},{\"@type\":\"ListItem\",\"position\":4,\"name\":\"Zanidip\u00ae\"}]},{\"@type\":\"WebSite\",\"@id\":\"https:\\\/\\\/recordati.ch\\\/de\\\/#website\",\"url\":\"https:\\\/\\\/recordati.ch\\\/de\\\/\",\"name\":\"Recordati\",\"description\":\"\",\"publisher\":{\"@id\":\"https:\\\/\\\/recordati.ch\\\/de\\\/#organization\"},\"potentialAction\":[{\"@type\":\"SearchAction\",\"target\":{\"@type\":\"EntryPoint\",\"urlTemplate\":\"https:\\\/\\\/recordati.ch\\\/de\\\/?s={search_term_string}\"},\"query-input\":{\"@type\":\"PropertyValueSpecification\",\"valueRequired\":true,\"valueName\":\"search_term_string\"}}],\"inLanguage\":\"fr-FR\"},{\"@type\":\"Organization\",\"@id\":\"https:\\\/\\\/recordati.ch\\\/de\\\/#organization\",\"name\":\"Recordati AG\",\"url\":\"https:\\\/\\\/recordati.ch\\\/de\\\/\",\"logo\":{\"@type\":\"ImageObject\",\"inLanguage\":\"fr-FR\",\"@id\":\"https:\\\/\\\/recordati.ch\\\/de\\\/#\\\/schema\\\/logo\\\/image\\\/\",\"url\":\"https:\\\/\\\/recordati.ch\\\/wp-content\\\/uploads\\\/2018\\\/07\\\/favicon.png\",\"contentUrl\":\"https:\\\/\\\/recordati.ch\\\/wp-content\\\/uploads\\\/2018\\\/07\\\/favicon.png\",\"width\":512,\"height\":512,\"caption\":\"Recordati AG\"},\"image\":{\"@id\":\"https:\\\/\\\/recordati.ch\\\/de\\\/#\\\/schema\\\/logo\\\/image\\\/\"}}]}<\/script>\n<!-- \/ Yoast SEO plugin. -->","yoast_head_json":{"title":"Zanidip\u00ae - Recordati","robots":{"index":"noindex","follow":"nofollow"},"og_locale":"fr_FR","og_type":"article","og_title":"Zanidip\u00ae - Recordati","og_description":"Lercanidipine &nbsp; Effet hypotenseur convaincant, particuli\u00e8rement bien tol\u00e9r\u00e9.1-3","og_url":"https:\/\/recordati.ch\/fr\/services-pour-medecins\/herz-kreislauf\/zanidip\/","og_site_name":"Recordati","article_modified_time":"2021-01-07T13:25:11+00:00","twitter_card":"summary_large_image","schema":{"@context":"https:\/\/schema.org","@graph":[{"@type":"WebPage","@id":"https:\/\/recordati.ch\/fr\/services-pour-medecins\/herz-kreislauf\/zanidip\/","url":"https:\/\/recordati.ch\/fr\/services-pour-medecins\/herz-kreislauf\/zanidip\/","name":"Zanidip\u00ae - Recordati","isPartOf":{"@id":"https:\/\/recordati.ch\/de\/#website"},"datePublished":"2020-06-05T08:34:22+00:00","dateModified":"2021-01-07T13:25:11+00:00","breadcrumb":{"@id":"https:\/\/recordati.ch\/fr\/services-pour-medecins\/herz-kreislauf\/zanidip\/#breadcrumb"},"inLanguage":"fr-FR","potentialAction":[{"@type":"ReadAction","target":["https:\/\/recordati.ch\/fr\/services-pour-medecins\/herz-kreislauf\/zanidip\/"]}]},{"@type":"BreadcrumbList","@id":"https:\/\/recordati.ch\/fr\/services-pour-medecins\/herz-kreislauf\/zanidip\/#breadcrumb","itemListElement":[{"@type":"ListItem","position":1,"name":"Startseite","item":"https:\/\/recordati.ch\/fr\/"},{"@type":"ListItem","position":2,"name":"Services pour m\u00e9decins","item":"https:\/\/recordati.ch\/fr\/services-pour-medecins\/"},{"@type":"ListItem","position":3,"name":"Cardiologie","item":"https:\/\/recordati.ch\/fr\/services-pour-medecins\/herz-kreislauf\/"},{"@type":"ListItem","position":4,"name":"Zanidip\u00ae"}]},{"@type":"WebSite","@id":"https:\/\/recordati.ch\/de\/#website","url":"https:\/\/recordati.ch\/de\/","name":"Recordati","description":"","publisher":{"@id":"https:\/\/recordati.ch\/de\/#organization"},"potentialAction":[{"@type":"SearchAction","target":{"@type":"EntryPoint","urlTemplate":"https:\/\/recordati.ch\/de\/?s={search_term_string}"},"query-input":{"@type":"PropertyValueSpecification","valueRequired":true,"valueName":"search_term_string"}}],"inLanguage":"fr-FR"},{"@type":"Organization","@id":"https:\/\/recordati.ch\/de\/#organization","name":"Recordati AG","url":"https:\/\/recordati.ch\/de\/","logo":{"@type":"ImageObject","inLanguage":"fr-FR","@id":"https:\/\/recordati.ch\/de\/#\/schema\/logo\/image\/","url":"https:\/\/recordati.ch\/wp-content\/uploads\/2018\/07\/favicon.png","contentUrl":"https:\/\/recordati.ch\/wp-content\/uploads\/2018\/07\/favicon.png","width":512,"height":512,"caption":"Recordati AG"},"image":{"@id":"https:\/\/recordati.ch\/de\/#\/schema\/logo\/image\/"}}]}},"_links":{"self":[{"href":"https:\/\/recordati.ch\/fr\/wp-json\/wp\/v2\/pages\/6159","targetHints":{"allow":["GET"]}}],"collection":[{"href":"https:\/\/recordati.ch\/fr\/wp-json\/wp\/v2\/pages"}],"about":[{"href":"https:\/\/recordati.ch\/fr\/wp-json\/wp\/v2\/types\/page"}],"author":[{"embeddable":true,"href":"https:\/\/recordati.ch\/fr\/wp-json\/wp\/v2\/users\/158"}],"replies":[{"embeddable":true,"href":"https:\/\/recordati.ch\/fr\/wp-json\/wp\/v2\/comments?post=6159"}],"version-history":[{"count":4,"href":"https:\/\/recordati.ch\/fr\/wp-json\/wp\/v2\/pages\/6159\/revisions"}],"predecessor-version":[{"id":7295,"href":"https:\/\/recordati.ch\/fr\/wp-json\/wp\/v2\/pages\/6159\/revisions\/7295"}],"up":[{"embeddable":true,"href":"https:\/\/recordati.ch\/fr\/wp-json\/wp\/v2\/pages\/5780"}],"wp:attachment":[{"href":"https:\/\/recordati.ch\/fr\/wp-json\/wp\/v2\/media?parent=6159"}],"curies":[{"name":"wp","href":"https:\/\/api.w.org\/{rel}","templated":true}]}}