{"id":6174,"date":"2020-06-05T10:58:38","date_gmt":"2020-06-05T08:58:38","guid":{"rendered":"https:\/\/recordati.ch\/?page_id=6174"},"modified":"2024-11-08T12:46:44","modified_gmt":"2024-11-08T11:46:44","slug":"beloc-i-v-2","status":"publish","type":"page","link":"https:\/\/recordati.ch\/fr\/services-pour-medecins\/herz-kreislauf\/beloc-i-v-2\/","title":{"rendered":"Beloc<sup>\u00ae<\/sup> i.v."},"content":{"rendered":"<p><span style=\"color: #808080; font-size: 14pt;\">M\u00e9toprolol<\/span><\/p>\n<p>&nbsp;<\/p>\n<p class=\"s5\"><span style=\"color: #808080;\"><strong><span class=\"s8\">Troubles du rythme cardiaque, en particulier tachyarythmies supraventriculaires.<\/span><span class=\"s8\">Infarctus du myocarde av\u00e9r\u00e9 ou pr\u00e9sum\u00e9.<\/span><\/strong><\/span><\/p>\n","protected":false},"excerpt":{"rendered":"<p>M\u00e9toprolol &nbsp; Troubles du rythme cardiaque, en particulier tachyarythmies supraventriculaires.Infarctus du myocarde av\u00e9r\u00e9 ou pr\u00e9sum\u00e9.<\/p>\n","protected":false},"author":158,"featured_media":0,"parent":5780,"menu_order":114,"comment_status":"closed","ping_status":"closed","template":"templates\/page-produkt-fach.php","meta":{"_acf_changed":false,"footnotes":""},"class_list":["post-6174","page","type-page","status-publish","hentry"],"acf":[],"yoast_head":"<!-- This site is optimized with the Yoast SEO plugin v27.2 - https:\/\/yoast.com\/product\/yoast-seo-wordpress\/ -->\n<title>Beloc\u00ae i.v. - Recordati<\/title>\n<meta name=\"robots\" content=\"noindex, nofollow\" \/>\n<meta property=\"og:locale\" content=\"fr_FR\" \/>\n<meta property=\"og:type\" content=\"article\" \/>\n<meta property=\"og:title\" content=\"Beloc\u00ae i.v. - Recordati\" \/>\n<meta property=\"og:description\" content=\"M\u00e9toprolol &nbsp; Troubles du rythme cardiaque, en particulier tachyarythmies supraventriculaires.Infarctus du myocarde av\u00e9r\u00e9 ou pr\u00e9sum\u00e9.\" \/>\n<meta property=\"og:url\" content=\"https:\/\/recordati.ch\/fr\/services-pour-medecins\/herz-kreislauf\/beloc-i-v-2\/\" \/>\n<meta property=\"og:site_name\" content=\"Recordati\" \/>\n<meta property=\"article:modified_time\" content=\"2024-11-08T11:46:44+00:00\" \/>\n<meta name=\"twitter:card\" content=\"summary_large_image\" \/>\n<meta name=\"twitter:label1\" content=\"Dur\u00e9e de lecture estim\u00e9e\" \/>\n\t<meta name=\"twitter:data1\" content=\"1 minute\" \/>\n<script type=\"application\/ld+json\" class=\"yoast-schema-graph\">{\"@context\":\"https:\/\/schema.org\",\"@graph\":[{\"@type\":\"WebPage\",\"@id\":\"https:\/\/recordati.ch\/fr\/services-pour-medecins\/herz-kreislauf\/beloc-i-v-2\/\",\"url\":\"https:\/\/recordati.ch\/fr\/services-pour-medecins\/herz-kreislauf\/beloc-i-v-2\/\",\"name\":\"Beloc\u00ae i.v. - Recordati\",\"isPartOf\":{\"@id\":\"https:\/\/recordati.ch\/de\/#website\"},\"datePublished\":\"2020-06-05T08:58:38+00:00\",\"dateModified\":\"2024-11-08T11:46:44+00:00\",\"breadcrumb\":{\"@id\":\"https:\/\/recordati.ch\/fr\/services-pour-medecins\/herz-kreislauf\/beloc-i-v-2\/#breadcrumb\"},\"inLanguage\":\"fr-FR\",\"potentialAction\":[{\"@type\":\"ReadAction\",\"target\":[\"https:\/\/recordati.ch\/fr\/services-pour-medecins\/herz-kreislauf\/beloc-i-v-2\/\"]}]},{\"@type\":\"BreadcrumbList\",\"@id\":\"https:\/\/recordati.ch\/fr\/services-pour-medecins\/herz-kreislauf\/beloc-i-v-2\/#breadcrumb\",\"itemListElement\":[{\"@type\":\"ListItem\",\"position\":1,\"name\":\"Startseite\",\"item\":\"https:\/\/recordati.ch\/fr\/\"},{\"@type\":\"ListItem\",\"position\":2,\"name\":\"Services pour m\u00e9decins\",\"item\":\"https:\/\/recordati.ch\/fr\/services-pour-medecins\/\"},{\"@type\":\"ListItem\",\"position\":3,\"name\":\"Cardiologie\",\"item\":\"https:\/\/recordati.ch\/fr\/services-pour-medecins\/herz-kreislauf\/\"},{\"@type\":\"ListItem\",\"position\":4,\"name\":\"Beloc\u00ae i.v.\"}]},{\"@type\":\"WebSite\",\"@id\":\"https:\/\/recordati.ch\/de\/#website\",\"url\":\"https:\/\/recordati.ch\/de\/\",\"name\":\"Recordati\",\"description\":\"\",\"publisher\":{\"@id\":\"https:\/\/recordati.ch\/de\/#organization\"},\"potentialAction\":[{\"@type\":\"SearchAction\",\"target\":{\"@type\":\"EntryPoint\",\"urlTemplate\":\"https:\/\/recordati.ch\/de\/?s={search_term_string}\"},\"query-input\":{\"@type\":\"PropertyValueSpecification\",\"valueRequired\":true,\"valueName\":\"search_term_string\"}}],\"inLanguage\":\"fr-FR\"},{\"@type\":\"Organization\",\"@id\":\"https:\/\/recordati.ch\/de\/#organization\",\"name\":\"Recordati AG\",\"url\":\"https:\/\/recordati.ch\/de\/\",\"logo\":{\"@type\":\"ImageObject\",\"inLanguage\":\"fr-FR\",\"@id\":\"https:\/\/recordati.ch\/de\/#\/schema\/logo\/image\/\",\"url\":\"https:\/\/recordati.ch\/wp-content\/uploads\/2018\/07\/favicon.png\",\"contentUrl\":\"https:\/\/recordati.ch\/wp-content\/uploads\/2018\/07\/favicon.png\",\"width\":512,\"height\":512,\"caption\":\"Recordati AG\"},\"image\":{\"@id\":\"https:\/\/recordati.ch\/de\/#\/schema\/logo\/image\/\"}}]}<\/script>\n<!-- \/ Yoast SEO plugin. -->","yoast_head_json":{"title":"Beloc\u00ae i.v. - Recordati","robots":{"index":"noindex","follow":"nofollow"},"og_locale":"fr_FR","og_type":"article","og_title":"Beloc\u00ae i.v. - Recordati","og_description":"M\u00e9toprolol &nbsp; Troubles du rythme cardiaque, en particulier tachyarythmies supraventriculaires.Infarctus du myocarde av\u00e9r\u00e9 ou pr\u00e9sum\u00e9.","og_url":"https:\/\/recordati.ch\/fr\/services-pour-medecins\/herz-kreislauf\/beloc-i-v-2\/","og_site_name":"Recordati","article_modified_time":"2024-11-08T11:46:44+00:00","twitter_card":"summary_large_image","twitter_misc":{"Dur\u00e9e de lecture estim\u00e9e":"1 minute"},"schema":{"@context":"https:\/\/schema.org","@graph":[{"@type":"WebPage","@id":"https:\/\/recordati.ch\/fr\/services-pour-medecins\/herz-kreislauf\/beloc-i-v-2\/","url":"https:\/\/recordati.ch\/fr\/services-pour-medecins\/herz-kreislauf\/beloc-i-v-2\/","name":"Beloc\u00ae i.v. - Recordati","isPartOf":{"@id":"https:\/\/recordati.ch\/de\/#website"},"datePublished":"2020-06-05T08:58:38+00:00","dateModified":"2024-11-08T11:46:44+00:00","breadcrumb":{"@id":"https:\/\/recordati.ch\/fr\/services-pour-medecins\/herz-kreislauf\/beloc-i-v-2\/#breadcrumb"},"inLanguage":"fr-FR","potentialAction":[{"@type":"ReadAction","target":["https:\/\/recordati.ch\/fr\/services-pour-medecins\/herz-kreislauf\/beloc-i-v-2\/"]}]},{"@type":"BreadcrumbList","@id":"https:\/\/recordati.ch\/fr\/services-pour-medecins\/herz-kreislauf\/beloc-i-v-2\/#breadcrumb","itemListElement":[{"@type":"ListItem","position":1,"name":"Startseite","item":"https:\/\/recordati.ch\/fr\/"},{"@type":"ListItem","position":2,"name":"Services pour m\u00e9decins","item":"https:\/\/recordati.ch\/fr\/services-pour-medecins\/"},{"@type":"ListItem","position":3,"name":"Cardiologie","item":"https:\/\/recordati.ch\/fr\/services-pour-medecins\/herz-kreislauf\/"},{"@type":"ListItem","position":4,"name":"Beloc\u00ae i.v."}]},{"@type":"WebSite","@id":"https:\/\/recordati.ch\/de\/#website","url":"https:\/\/recordati.ch\/de\/","name":"Recordati","description":"","publisher":{"@id":"https:\/\/recordati.ch\/de\/#organization"},"potentialAction":[{"@type":"SearchAction","target":{"@type":"EntryPoint","urlTemplate":"https:\/\/recordati.ch\/de\/?s={search_term_string}"},"query-input":{"@type":"PropertyValueSpecification","valueRequired":true,"valueName":"search_term_string"}}],"inLanguage":"fr-FR"},{"@type":"Organization","@id":"https:\/\/recordati.ch\/de\/#organization","name":"Recordati AG","url":"https:\/\/recordati.ch\/de\/","logo":{"@type":"ImageObject","inLanguage":"fr-FR","@id":"https:\/\/recordati.ch\/de\/#\/schema\/logo\/image\/","url":"https:\/\/recordati.ch\/wp-content\/uploads\/2018\/07\/favicon.png","contentUrl":"https:\/\/recordati.ch\/wp-content\/uploads\/2018\/07\/favicon.png","width":512,"height":512,"caption":"Recordati AG"},"image":{"@id":"https:\/\/recordati.ch\/de\/#\/schema\/logo\/image\/"}}]}},"_links":{"self":[{"href":"https:\/\/recordati.ch\/fr\/wp-json\/wp\/v2\/pages\/6174","targetHints":{"allow":["GET"]}}],"collection":[{"href":"https:\/\/recordati.ch\/fr\/wp-json\/wp\/v2\/pages"}],"about":[{"href":"https:\/\/recordati.ch\/fr\/wp-json\/wp\/v2\/types\/page"}],"author":[{"embeddable":true,"href":"https:\/\/recordati.ch\/fr\/wp-json\/wp\/v2\/users\/158"}],"replies":[{"embeddable":true,"href":"https:\/\/recordati.ch\/fr\/wp-json\/wp\/v2\/comments?post=6174"}],"version-history":[{"count":6,"href":"https:\/\/recordati.ch\/fr\/wp-json\/wp\/v2\/pages\/6174\/revisions"}],"predecessor-version":[{"id":10291,"href":"https:\/\/recordati.ch\/fr\/wp-json\/wp\/v2\/pages\/6174\/revisions\/10291"}],"up":[{"embeddable":true,"href":"https:\/\/recordati.ch\/fr\/wp-json\/wp\/v2\/pages\/5780"}],"wp:attachment":[{"href":"https:\/\/recordati.ch\/fr\/wp-json\/wp\/v2\/media?parent=6174"}],"curies":[{"name":"wp","href":"https:\/\/api.w.org\/{rel}","templated":true}]}}