{"id":6234,"date":"2020-06-05T13:31:26","date_gmt":"2020-06-05T11:31:26","guid":{"rendered":"https:\/\/recordati.ch\/?page_id=6234"},"modified":"2021-01-14T13:26:56","modified_gmt":"2021-01-14T12:26:56","slug":"6234-2","status":"publish","type":"page","link":"https:\/\/recordati.ch\/fr\/services-pour-medecins\/rhumatologie\/6234-2\/","title":{"rendered":"Calperos<sup>\u00ae<\/sup>"},"content":{"rendered":"<p><span style=\"color: #808080; font-size: 14pt;\">Calcium &amp; vitamine D3<\/span><\/p>\n<p>&nbsp;<\/p>\n<p><span style=\"color: #808080;\"><strong>Pour le traitement et la pr\u00e9vention des carences en vitamine D\/calcium chez les personnes \u00e2g\u00e9es. En soutien prophylactique et th\u00e9rapeutique de l&#8217;ost\u00e9oporose.<sup>1<\/sup><\/strong><\/span><\/p>\n","protected":false},"excerpt":{"rendered":"<p>Calcium &amp; vitamine D3 &nbsp; Pour le traitement et la pr\u00e9vention des carences en vitamine  &#8230; <a class=\"moretag\" href=\"https:\/\/recordati.ch\/fr\/services-pour-medecins\/rhumatologie\/6234-2\/\"><span class=\"icon-arrow-read_more\"><\/span><\/a><\/p>\n","protected":false},"author":158,"featured_media":0,"parent":6232,"menu_order":137,"comment_status":"closed","ping_status":"closed","template":"templates\/page-produkt-fach.php","meta":{"_acf_changed":false,"footnotes":""},"class_list":["post-6234","page","type-page","status-publish","hentry"],"acf":[],"yoast_head":"<!-- This site is optimized with the Yoast SEO plugin v27.2 - https:\/\/yoast.com\/product\/yoast-seo-wordpress\/ -->\n<title>Calperos\u00ae - Recordati<\/title>\n<meta name=\"robots\" content=\"noindex, nofollow\" \/>\n<meta property=\"og:locale\" content=\"fr_FR\" \/>\n<meta property=\"og:type\" content=\"article\" \/>\n<meta property=\"og:title\" content=\"Calperos\u00ae - Recordati\" \/>\n<meta property=\"og:description\" content=\"Calcium &amp; vitamine D3 &nbsp; Pour le traitement et la pr\u00e9vention des carences en vitamine ...\" \/>\n<meta property=\"og:url\" content=\"https:\/\/recordati.ch\/fr\/services-pour-medecins\/rhumatologie\/6234-2\/\" \/>\n<meta property=\"og:site_name\" content=\"Recordati\" \/>\n<meta property=\"article:modified_time\" content=\"2021-01-14T12:26:56+00:00\" \/>\n<meta name=\"twitter:card\" content=\"summary_large_image\" \/>\n<script type=\"application\/ld+json\" class=\"yoast-schema-graph\">{\"@context\":\"https:\/\/schema.org\",\"@graph\":[{\"@type\":\"WebPage\",\"@id\":\"https:\/\/recordati.ch\/fr\/services-pour-medecins\/rhumatologie\/6234-2\/\",\"url\":\"https:\/\/recordati.ch\/fr\/services-pour-medecins\/rhumatologie\/6234-2\/\",\"name\":\"Calperos\u00ae - Recordati\",\"isPartOf\":{\"@id\":\"https:\/\/recordati.ch\/de\/#website\"},\"datePublished\":\"2020-06-05T11:31:26+00:00\",\"dateModified\":\"2021-01-14T12:26:56+00:00\",\"breadcrumb\":{\"@id\":\"https:\/\/recordati.ch\/fr\/services-pour-medecins\/rhumatologie\/6234-2\/#breadcrumb\"},\"inLanguage\":\"fr-FR\",\"potentialAction\":[{\"@type\":\"ReadAction\",\"target\":[\"https:\/\/recordati.ch\/fr\/services-pour-medecins\/rhumatologie\/6234-2\/\"]}]},{\"@type\":\"BreadcrumbList\",\"@id\":\"https:\/\/recordati.ch\/fr\/services-pour-medecins\/rhumatologie\/6234-2\/#breadcrumb\",\"itemListElement\":[{\"@type\":\"ListItem\",\"position\":1,\"name\":\"Startseite\",\"item\":\"https:\/\/recordati.ch\/fr\/\"},{\"@type\":\"ListItem\",\"position\":2,\"name\":\"Services pour m\u00e9decins\",\"item\":\"https:\/\/recordati.ch\/fr\/services-pour-medecins\/\"},{\"@type\":\"ListItem\",\"position\":3,\"name\":\"Rhumatologie\",\"item\":\"https:\/\/recordati.ch\/fr\/services-pour-medecins\/rhumatologie\/\"},{\"@type\":\"ListItem\",\"position\":4,\"name\":\"Calperos\u00ae\"}]},{\"@type\":\"WebSite\",\"@id\":\"https:\/\/recordati.ch\/de\/#website\",\"url\":\"https:\/\/recordati.ch\/de\/\",\"name\":\"Recordati\",\"description\":\"\",\"publisher\":{\"@id\":\"https:\/\/recordati.ch\/de\/#organization\"},\"potentialAction\":[{\"@type\":\"SearchAction\",\"target\":{\"@type\":\"EntryPoint\",\"urlTemplate\":\"https:\/\/recordati.ch\/de\/?s={search_term_string}\"},\"query-input\":{\"@type\":\"PropertyValueSpecification\",\"valueRequired\":true,\"valueName\":\"search_term_string\"}}],\"inLanguage\":\"fr-FR\"},{\"@type\":\"Organization\",\"@id\":\"https:\/\/recordati.ch\/de\/#organization\",\"name\":\"Recordati AG\",\"url\":\"https:\/\/recordati.ch\/de\/\",\"logo\":{\"@type\":\"ImageObject\",\"inLanguage\":\"fr-FR\",\"@id\":\"https:\/\/recordati.ch\/de\/#\/schema\/logo\/image\/\",\"url\":\"https:\/\/recordati.ch\/wp-content\/uploads\/2018\/07\/favicon.png\",\"contentUrl\":\"https:\/\/recordati.ch\/wp-content\/uploads\/2018\/07\/favicon.png\",\"width\":512,\"height\":512,\"caption\":\"Recordati AG\"},\"image\":{\"@id\":\"https:\/\/recordati.ch\/de\/#\/schema\/logo\/image\/\"}}]}<\/script>\n<!-- \/ Yoast SEO plugin. -->","yoast_head_json":{"title":"Calperos\u00ae - Recordati","robots":{"index":"noindex","follow":"nofollow"},"og_locale":"fr_FR","og_type":"article","og_title":"Calperos\u00ae - Recordati","og_description":"Calcium &amp; vitamine D3 &nbsp; Pour le traitement et la pr\u00e9vention des carences en vitamine ...","og_url":"https:\/\/recordati.ch\/fr\/services-pour-medecins\/rhumatologie\/6234-2\/","og_site_name":"Recordati","article_modified_time":"2021-01-14T12:26:56+00:00","twitter_card":"summary_large_image","schema":{"@context":"https:\/\/schema.org","@graph":[{"@type":"WebPage","@id":"https:\/\/recordati.ch\/fr\/services-pour-medecins\/rhumatologie\/6234-2\/","url":"https:\/\/recordati.ch\/fr\/services-pour-medecins\/rhumatologie\/6234-2\/","name":"Calperos\u00ae - Recordati","isPartOf":{"@id":"https:\/\/recordati.ch\/de\/#website"},"datePublished":"2020-06-05T11:31:26+00:00","dateModified":"2021-01-14T12:26:56+00:00","breadcrumb":{"@id":"https:\/\/recordati.ch\/fr\/services-pour-medecins\/rhumatologie\/6234-2\/#breadcrumb"},"inLanguage":"fr-FR","potentialAction":[{"@type":"ReadAction","target":["https:\/\/recordati.ch\/fr\/services-pour-medecins\/rhumatologie\/6234-2\/"]}]},{"@type":"BreadcrumbList","@id":"https:\/\/recordati.ch\/fr\/services-pour-medecins\/rhumatologie\/6234-2\/#breadcrumb","itemListElement":[{"@type":"ListItem","position":1,"name":"Startseite","item":"https:\/\/recordati.ch\/fr\/"},{"@type":"ListItem","position":2,"name":"Services pour m\u00e9decins","item":"https:\/\/recordati.ch\/fr\/services-pour-medecins\/"},{"@type":"ListItem","position":3,"name":"Rhumatologie","item":"https:\/\/recordati.ch\/fr\/services-pour-medecins\/rhumatologie\/"},{"@type":"ListItem","position":4,"name":"Calperos\u00ae"}]},{"@type":"WebSite","@id":"https:\/\/recordati.ch\/de\/#website","url":"https:\/\/recordati.ch\/de\/","name":"Recordati","description":"","publisher":{"@id":"https:\/\/recordati.ch\/de\/#organization"},"potentialAction":[{"@type":"SearchAction","target":{"@type":"EntryPoint","urlTemplate":"https:\/\/recordati.ch\/de\/?s={search_term_string}"},"query-input":{"@type":"PropertyValueSpecification","valueRequired":true,"valueName":"search_term_string"}}],"inLanguage":"fr-FR"},{"@type":"Organization","@id":"https:\/\/recordati.ch\/de\/#organization","name":"Recordati AG","url":"https:\/\/recordati.ch\/de\/","logo":{"@type":"ImageObject","inLanguage":"fr-FR","@id":"https:\/\/recordati.ch\/de\/#\/schema\/logo\/image\/","url":"https:\/\/recordati.ch\/wp-content\/uploads\/2018\/07\/favicon.png","contentUrl":"https:\/\/recordati.ch\/wp-content\/uploads\/2018\/07\/favicon.png","width":512,"height":512,"caption":"Recordati AG"},"image":{"@id":"https:\/\/recordati.ch\/de\/#\/schema\/logo\/image\/"}}]}},"_links":{"self":[{"href":"https:\/\/recordati.ch\/fr\/wp-json\/wp\/v2\/pages\/6234","targetHints":{"allow":["GET"]}}],"collection":[{"href":"https:\/\/recordati.ch\/fr\/wp-json\/wp\/v2\/pages"}],"about":[{"href":"https:\/\/recordati.ch\/fr\/wp-json\/wp\/v2\/types\/page"}],"author":[{"embeddable":true,"href":"https:\/\/recordati.ch\/fr\/wp-json\/wp\/v2\/users\/158"}],"replies":[{"embeddable":true,"href":"https:\/\/recordati.ch\/fr\/wp-json\/wp\/v2\/comments?post=6234"}],"version-history":[{"count":4,"href":"https:\/\/recordati.ch\/fr\/wp-json\/wp\/v2\/pages\/6234\/revisions"}],"predecessor-version":[{"id":7382,"href":"https:\/\/recordati.ch\/fr\/wp-json\/wp\/v2\/pages\/6234\/revisions\/7382"}],"up":[{"embeddable":true,"href":"https:\/\/recordati.ch\/fr\/wp-json\/wp\/v2\/pages\/6232"}],"wp:attachment":[{"href":"https:\/\/recordati.ch\/fr\/wp-json\/wp\/v2\/media?parent=6234"}],"curies":[{"name":"wp","href":"https:\/\/api.w.org\/{rel}","templated":true}]}}