{"id":7484,"date":"2021-01-14T15:30:26","date_gmt":"2021-01-14T14:30:26","guid":{"rendered":"https:\/\/recordati.ch\/?page_id=7484"},"modified":"2021-01-14T15:34:53","modified_gmt":"2021-01-14T14:34:53","slug":"pharmacovigilance","status":"publish","type":"page","link":"https:\/\/recordati.ch\/fr\/services-pour-medecins\/pharmacovigilance\/","title":{"rendered":"Pharmacovigilance"},"content":{"rendered":"<p><span lang=\"fr\">Pour signaler un effet ind\u00e9sirable ou une information relevant de la s\u00e9curit\u00e9 au sujet de m\u00e9dicaments de Recordati SA, veuillez nous contacter \u00e0 l\u2019adresse mail suivante, ou nous appeler au num\u00e9ro suivant:<\/span><\/p>\n<p>&nbsp;<\/p>\n<p>Email: <a href=\"mailto:pharmakovigilanz@recordati.com\">pharmakovigilanz@recordati.com<\/a><\/p>\n<p>T\u00e9l.: +41 41 769 10 00<\/p>\n","protected":false},"excerpt":{"rendered":"<p>Pour signaler un effet ind\u00e9sirable ou une information relevant de la s\u00e9curit\u00e9 au sujet de  &#8230; <a class=\"moretag\" href=\"https:\/\/recordati.ch\/fr\/services-pour-medecins\/pharmacovigilance\/\"><span class=\"icon-arrow-read_more\"><\/span><\/a><\/p>\n","protected":false},"author":158,"featured_media":0,"parent":1426,"menu_order":144,"comment_status":"closed","ping_status":"closed","template":"templates\/page-fachinformationen-standard.php","meta":{"_acf_changed":false,"footnotes":""},"class_list":["post-7484","page","type-page","status-publish","hentry"],"acf":[],"yoast_head":"<!-- This site is optimized with the Yoast SEO plugin v27.2 - https:\/\/yoast.com\/product\/yoast-seo-wordpress\/ -->\n<title>Pharmacovigilance - Recordati<\/title>\n<meta name=\"robots\" content=\"noindex, nofollow\" \/>\n<meta property=\"og:locale\" content=\"fr_FR\" \/>\n<meta property=\"og:type\" content=\"article\" \/>\n<meta property=\"og:title\" content=\"Pharmacovigilance - Recordati\" \/>\n<meta property=\"og:description\" content=\"Pour signaler un effet ind\u00e9sirable ou une information relevant de la s\u00e9curit\u00e9 au sujet de ...\" \/>\n<meta property=\"og:url\" content=\"https:\/\/recordati.ch\/fr\/services-pour-medecins\/pharmacovigilance\/\" \/>\n<meta property=\"og:site_name\" content=\"Recordati\" \/>\n<meta property=\"article:modified_time\" content=\"2021-01-14T14:34:53+00:00\" \/>\n<meta name=\"twitter:card\" content=\"summary_large_image\" \/>\n<script type=\"application\/ld+json\" class=\"yoast-schema-graph\">{\"@context\":\"https:\/\/schema.org\",\"@graph\":[{\"@type\":\"WebPage\",\"@id\":\"https:\/\/recordati.ch\/fr\/services-pour-medecins\/pharmacovigilance\/\",\"url\":\"https:\/\/recordati.ch\/fr\/services-pour-medecins\/pharmacovigilance\/\",\"name\":\"Pharmacovigilance - Recordati\",\"isPartOf\":{\"@id\":\"https:\/\/recordati.ch\/de\/#website\"},\"datePublished\":\"2021-01-14T14:30:26+00:00\",\"dateModified\":\"2021-01-14T14:34:53+00:00\",\"breadcrumb\":{\"@id\":\"https:\/\/recordati.ch\/fr\/services-pour-medecins\/pharmacovigilance\/#breadcrumb\"},\"inLanguage\":\"fr-FR\",\"potentialAction\":[{\"@type\":\"ReadAction\",\"target\":[\"https:\/\/recordati.ch\/fr\/services-pour-medecins\/pharmacovigilance\/\"]}]},{\"@type\":\"BreadcrumbList\",\"@id\":\"https:\/\/recordati.ch\/fr\/services-pour-medecins\/pharmacovigilance\/#breadcrumb\",\"itemListElement\":[{\"@type\":\"ListItem\",\"position\":1,\"name\":\"Startseite\",\"item\":\"https:\/\/recordati.ch\/fr\/\"},{\"@type\":\"ListItem\",\"position\":2,\"name\":\"Services pour m\u00e9decins\",\"item\":\"https:\/\/recordati.ch\/fr\/services-pour-medecins\/\"},{\"@type\":\"ListItem\",\"position\":3,\"name\":\"Pharmacovigilance\"}]},{\"@type\":\"WebSite\",\"@id\":\"https:\/\/recordati.ch\/de\/#website\",\"url\":\"https:\/\/recordati.ch\/de\/\",\"name\":\"Recordati\",\"description\":\"\",\"publisher\":{\"@id\":\"https:\/\/recordati.ch\/de\/#organization\"},\"potentialAction\":[{\"@type\":\"SearchAction\",\"target\":{\"@type\":\"EntryPoint\",\"urlTemplate\":\"https:\/\/recordati.ch\/de\/?s={search_term_string}\"},\"query-input\":{\"@type\":\"PropertyValueSpecification\",\"valueRequired\":true,\"valueName\":\"search_term_string\"}}],\"inLanguage\":\"fr-FR\"},{\"@type\":\"Organization\",\"@id\":\"https:\/\/recordati.ch\/de\/#organization\",\"name\":\"Recordati AG\",\"url\":\"https:\/\/recordati.ch\/de\/\",\"logo\":{\"@type\":\"ImageObject\",\"inLanguage\":\"fr-FR\",\"@id\":\"https:\/\/recordati.ch\/de\/#\/schema\/logo\/image\/\",\"url\":\"https:\/\/recordati.ch\/wp-content\/uploads\/2018\/07\/favicon.png\",\"contentUrl\":\"https:\/\/recordati.ch\/wp-content\/uploads\/2018\/07\/favicon.png\",\"width\":512,\"height\":512,\"caption\":\"Recordati AG\"},\"image\":{\"@id\":\"https:\/\/recordati.ch\/de\/#\/schema\/logo\/image\/\"}}]}<\/script>\n<!-- \/ Yoast SEO plugin. -->","yoast_head_json":{"title":"Pharmacovigilance - Recordati","robots":{"index":"noindex","follow":"nofollow"},"og_locale":"fr_FR","og_type":"article","og_title":"Pharmacovigilance - Recordati","og_description":"Pour signaler un effet ind\u00e9sirable ou une information relevant de la s\u00e9curit\u00e9 au sujet de ...","og_url":"https:\/\/recordati.ch\/fr\/services-pour-medecins\/pharmacovigilance\/","og_site_name":"Recordati","article_modified_time":"2021-01-14T14:34:53+00:00","twitter_card":"summary_large_image","schema":{"@context":"https:\/\/schema.org","@graph":[{"@type":"WebPage","@id":"https:\/\/recordati.ch\/fr\/services-pour-medecins\/pharmacovigilance\/","url":"https:\/\/recordati.ch\/fr\/services-pour-medecins\/pharmacovigilance\/","name":"Pharmacovigilance - Recordati","isPartOf":{"@id":"https:\/\/recordati.ch\/de\/#website"},"datePublished":"2021-01-14T14:30:26+00:00","dateModified":"2021-01-14T14:34:53+00:00","breadcrumb":{"@id":"https:\/\/recordati.ch\/fr\/services-pour-medecins\/pharmacovigilance\/#breadcrumb"},"inLanguage":"fr-FR","potentialAction":[{"@type":"ReadAction","target":["https:\/\/recordati.ch\/fr\/services-pour-medecins\/pharmacovigilance\/"]}]},{"@type":"BreadcrumbList","@id":"https:\/\/recordati.ch\/fr\/services-pour-medecins\/pharmacovigilance\/#breadcrumb","itemListElement":[{"@type":"ListItem","position":1,"name":"Startseite","item":"https:\/\/recordati.ch\/fr\/"},{"@type":"ListItem","position":2,"name":"Services pour m\u00e9decins","item":"https:\/\/recordati.ch\/fr\/services-pour-medecins\/"},{"@type":"ListItem","position":3,"name":"Pharmacovigilance"}]},{"@type":"WebSite","@id":"https:\/\/recordati.ch\/de\/#website","url":"https:\/\/recordati.ch\/de\/","name":"Recordati","description":"","publisher":{"@id":"https:\/\/recordati.ch\/de\/#organization"},"potentialAction":[{"@type":"SearchAction","target":{"@type":"EntryPoint","urlTemplate":"https:\/\/recordati.ch\/de\/?s={search_term_string}"},"query-input":{"@type":"PropertyValueSpecification","valueRequired":true,"valueName":"search_term_string"}}],"inLanguage":"fr-FR"},{"@type":"Organization","@id":"https:\/\/recordati.ch\/de\/#organization","name":"Recordati AG","url":"https:\/\/recordati.ch\/de\/","logo":{"@type":"ImageObject","inLanguage":"fr-FR","@id":"https:\/\/recordati.ch\/de\/#\/schema\/logo\/image\/","url":"https:\/\/recordati.ch\/wp-content\/uploads\/2018\/07\/favicon.png","contentUrl":"https:\/\/recordati.ch\/wp-content\/uploads\/2018\/07\/favicon.png","width":512,"height":512,"caption":"Recordati AG"},"image":{"@id":"https:\/\/recordati.ch\/de\/#\/schema\/logo\/image\/"}}]}},"_links":{"self":[{"href":"https:\/\/recordati.ch\/fr\/wp-json\/wp\/v2\/pages\/7484","targetHints":{"allow":["GET"]}}],"collection":[{"href":"https:\/\/recordati.ch\/fr\/wp-json\/wp\/v2\/pages"}],"about":[{"href":"https:\/\/recordati.ch\/fr\/wp-json\/wp\/v2\/types\/page"}],"author":[{"embeddable":true,"href":"https:\/\/recordati.ch\/fr\/wp-json\/wp\/v2\/users\/158"}],"replies":[{"embeddable":true,"href":"https:\/\/recordati.ch\/fr\/wp-json\/wp\/v2\/comments?post=7484"}],"version-history":[{"count":2,"href":"https:\/\/recordati.ch\/fr\/wp-json\/wp\/v2\/pages\/7484\/revisions"}],"predecessor-version":[{"id":7487,"href":"https:\/\/recordati.ch\/fr\/wp-json\/wp\/v2\/pages\/7484\/revisions\/7487"}],"up":[{"embeddable":true,"href":"https:\/\/recordati.ch\/fr\/wp-json\/wp\/v2\/pages\/1426"}],"wp:attachment":[{"href":"https:\/\/recordati.ch\/fr\/wp-json\/wp\/v2\/media?parent=7484"}],"curies":[{"name":"wp","href":"https:\/\/api.w.org\/{rel}","templated":true}]}}