{"id":7557,"date":"2021-01-15T11:34:01","date_gmt":"2021-01-15T10:34:01","guid":{"rendered":"https:\/\/recordati.ch\/?page_id=7557"},"modified":"2021-01-25T09:07:46","modified_gmt":"2021-01-25T08:07:46","slug":"afiliation","status":"publish","type":"page","link":"https:\/\/recordati.ch\/fr\/home\/afiliation\/","title":{"rendered":"Affiliations"},"content":{"rendered":"<p><a href=\"https:\/\/www.shqa.ch\/fr\/\" target=\"_blank\" rel=\"noopener noreferrer\">shqa<\/a> &#8211; swiss health quality association<\/p>\n<p><a href=\"https:\/\/www.scienceindustries.ch\/fr\/home\" target=\"_blank\" rel=\"noopener noreferrer\">Scienceindustries Switzerland<\/a> &#8211; Association des Industries Chimie Pharma Life Sciences<\/p>\n<p><a href=\"https:\/\/vips.ch\/fr\/\" target=\"_blank\" rel=\"noopener noreferrer\">vips<\/a> &#8211; l&#8217;association des entreprises pharmaceutiques en Suisse<\/p>\n","protected":false},"excerpt":{"rendered":"<p>shqa &#8211; swiss health quality association Scienceindustries Switzerland &#8211; Association des Industries Chimie Pharma Life  &#8230; <a class=\"moretag\" href=\"https:\/\/recordati.ch\/fr\/home\/afiliation\/\"><span class=\"icon-arrow-read_more\"><\/span><\/a><\/p>\n","protected":false},"author":158,"featured_media":5295,"parent":3498,"menu_order":28,"comment_status":"closed","ping_status":"closed","template":"","meta":{"_acf_changed":false,"footnotes":""},"class_list":["post-7557","page","type-page","status-publish","has-post-thumbnail","hentry"],"acf":[],"yoast_head":"<!-- This site is optimized with the Yoast SEO plugin v27.2 - https:\/\/yoast.com\/product\/yoast-seo-wordpress\/ -->\n<title>Affiliations - Recordati<\/title>\n<meta name=\"description\" content=\"Pour signaler un effet ind\u00e9sirable, une information relevant de la s\u00e9curit\u00e9 au sujet de m\u00e9dicaments contacter: +41 41 769 10 0\" \/>\n<meta name=\"robots\" content=\"index, follow, max-snippet:-1, max-image-preview:large, max-video-preview:-1\" \/>\n<link rel=\"canonical\" href=\"https:\/\/recordati.ch\/fr\/home\/afiliation\/\" \/>\n<meta property=\"og:locale\" content=\"fr_FR\" \/>\n<meta property=\"og:type\" content=\"article\" \/>\n<meta property=\"og:title\" content=\"Affiliations - Recordati\" \/>\n<meta property=\"og:description\" content=\"Pour signaler un effet ind\u00e9sirable, une information relevant de la s\u00e9curit\u00e9 au sujet de m\u00e9dicaments contacter: +41 41 769 10 0\" \/>\n<meta property=\"og:url\" content=\"https:\/\/recordati.ch\/fr\/home\/afiliation\/\" \/>\n<meta property=\"og:site_name\" content=\"Recordati\" \/>\n<meta property=\"article:modified_time\" content=\"2021-01-25T08:07:46+00:00\" \/>\n<meta property=\"og:image\" content=\"https:\/\/recordati.ch\/wp-content\/uploads\/2019\/04\/Start-Panorama.jpg\" \/>\n\t<meta property=\"og:image:width\" content=\"2314\" \/>\n\t<meta property=\"og:image:height\" content=\"429\" \/>\n\t<meta property=\"og:image:type\" content=\"image\/jpeg\" \/>\n<meta name=\"twitter:card\" content=\"summary_large_image\" \/>\n<meta name=\"twitter:label1\" content=\"Dur\u00e9e de lecture estim\u00e9e\" \/>\n\t<meta name=\"twitter:data1\" content=\"1 minute\" \/>\n<script type=\"application\/ld+json\" class=\"yoast-schema-graph\">{\"@context\":\"https:\/\/schema.org\",\"@graph\":[{\"@type\":\"WebPage\",\"@id\":\"https:\/\/recordati.ch\/fr\/home\/afiliation\/\",\"url\":\"https:\/\/recordati.ch\/fr\/home\/afiliation\/\",\"name\":\"Affiliations - Recordati\",\"isPartOf\":{\"@id\":\"https:\/\/recordati.ch\/de\/#website\"},\"primaryImageOfPage\":{\"@id\":\"https:\/\/recordati.ch\/fr\/home\/afiliation\/#primaryimage\"},\"image\":{\"@id\":\"https:\/\/recordati.ch\/fr\/home\/afiliation\/#primaryimage\"},\"thumbnailUrl\":\"https:\/\/recordati.ch\/wp-content\/uploads\/2019\/04\/Start-Panorama.jpg\",\"datePublished\":\"2021-01-15T10:34:01+00:00\",\"dateModified\":\"2021-01-25T08:07:46+00:00\",\"description\":\"Pour signaler un effet ind\u00e9sirable, une information relevant de la s\u00e9curit\u00e9 au sujet de m\u00e9dicaments contacter: +41 41 769 10 0\",\"breadcrumb\":{\"@id\":\"https:\/\/recordati.ch\/fr\/home\/afiliation\/#breadcrumb\"},\"inLanguage\":\"fr-FR\",\"potentialAction\":[{\"@type\":\"ReadAction\",\"target\":[\"https:\/\/recordati.ch\/fr\/home\/afiliation\/\"]}]},{\"@type\":\"ImageObject\",\"inLanguage\":\"fr-FR\",\"@id\":\"https:\/\/recordati.ch\/fr\/home\/afiliation\/#primaryimage\",\"url\":\"https:\/\/recordati.ch\/wp-content\/uploads\/2019\/04\/Start-Panorama.jpg\",\"contentUrl\":\"https:\/\/recordati.ch\/wp-content\/uploads\/2019\/04\/Start-Panorama.jpg\",\"width\":2314,\"height\":429,\"caption\":\"Recordati Schweiz\"},{\"@type\":\"BreadcrumbList\",\"@id\":\"https:\/\/recordati.ch\/fr\/home\/afiliation\/#breadcrumb\",\"itemListElement\":[{\"@type\":\"ListItem\",\"position\":1,\"name\":\"Startseite\",\"item\":\"https:\/\/recordati.ch\/fr\/\"},{\"@type\":\"ListItem\",\"position\":2,\"name\":\"Recordati\",\"item\":\"https:\/\/recordati.ch\/fr\/\"},{\"@type\":\"ListItem\",\"position\":3,\"name\":\"Affiliations\"}]},{\"@type\":\"WebSite\",\"@id\":\"https:\/\/recordati.ch\/de\/#website\",\"url\":\"https:\/\/recordati.ch\/de\/\",\"name\":\"Recordati\",\"description\":\"\",\"publisher\":{\"@id\":\"https:\/\/recordati.ch\/de\/#organization\"},\"potentialAction\":[{\"@type\":\"SearchAction\",\"target\":{\"@type\":\"EntryPoint\",\"urlTemplate\":\"https:\/\/recordati.ch\/de\/?s={search_term_string}\"},\"query-input\":{\"@type\":\"PropertyValueSpecification\",\"valueRequired\":true,\"valueName\":\"search_term_string\"}}],\"inLanguage\":\"fr-FR\"},{\"@type\":\"Organization\",\"@id\":\"https:\/\/recordati.ch\/de\/#organization\",\"name\":\"Recordati AG\",\"url\":\"https:\/\/recordati.ch\/de\/\",\"logo\":{\"@type\":\"ImageObject\",\"inLanguage\":\"fr-FR\",\"@id\":\"https:\/\/recordati.ch\/de\/#\/schema\/logo\/image\/\",\"url\":\"https:\/\/recordati.ch\/wp-content\/uploads\/2018\/07\/favicon.png\",\"contentUrl\":\"https:\/\/recordati.ch\/wp-content\/uploads\/2018\/07\/favicon.png\",\"width\":512,\"height\":512,\"caption\":\"Recordati AG\"},\"image\":{\"@id\":\"https:\/\/recordati.ch\/de\/#\/schema\/logo\/image\/\"}}]}<\/script>\n<!-- \/ Yoast SEO plugin. -->","yoast_head_json":{"title":"Affiliations - Recordati","description":"Pour signaler un effet ind\u00e9sirable, une information relevant de la s\u00e9curit\u00e9 au sujet de m\u00e9dicaments contacter: +41 41 769 10 0","robots":{"index":"index","follow":"follow","max-snippet":"max-snippet:-1","max-image-preview":"max-image-preview:large","max-video-preview":"max-video-preview:-1"},"canonical":"https:\/\/recordati.ch\/fr\/home\/afiliation\/","og_locale":"fr_FR","og_type":"article","og_title":"Affiliations - Recordati","og_description":"Pour signaler un effet ind\u00e9sirable, une information relevant de la s\u00e9curit\u00e9 au sujet de m\u00e9dicaments contacter: +41 41 769 10 0","og_url":"https:\/\/recordati.ch\/fr\/home\/afiliation\/","og_site_name":"Recordati","article_modified_time":"2021-01-25T08:07:46+00:00","og_image":[{"width":2314,"height":429,"url":"https:\/\/recordati.ch\/wp-content\/uploads\/2019\/04\/Start-Panorama.jpg","type":"image\/jpeg"}],"twitter_card":"summary_large_image","twitter_misc":{"Dur\u00e9e de lecture estim\u00e9e":"1 minute"},"schema":{"@context":"https:\/\/schema.org","@graph":[{"@type":"WebPage","@id":"https:\/\/recordati.ch\/fr\/home\/afiliation\/","url":"https:\/\/recordati.ch\/fr\/home\/afiliation\/","name":"Affiliations - Recordati","isPartOf":{"@id":"https:\/\/recordati.ch\/de\/#website"},"primaryImageOfPage":{"@id":"https:\/\/recordati.ch\/fr\/home\/afiliation\/#primaryimage"},"image":{"@id":"https:\/\/recordati.ch\/fr\/home\/afiliation\/#primaryimage"},"thumbnailUrl":"https:\/\/recordati.ch\/wp-content\/uploads\/2019\/04\/Start-Panorama.jpg","datePublished":"2021-01-15T10:34:01+00:00","dateModified":"2021-01-25T08:07:46+00:00","description":"Pour signaler un effet ind\u00e9sirable, une information relevant de la s\u00e9curit\u00e9 au sujet de m\u00e9dicaments contacter: +41 41 769 10 0","breadcrumb":{"@id":"https:\/\/recordati.ch\/fr\/home\/afiliation\/#breadcrumb"},"inLanguage":"fr-FR","potentialAction":[{"@type":"ReadAction","target":["https:\/\/recordati.ch\/fr\/home\/afiliation\/"]}]},{"@type":"ImageObject","inLanguage":"fr-FR","@id":"https:\/\/recordati.ch\/fr\/home\/afiliation\/#primaryimage","url":"https:\/\/recordati.ch\/wp-content\/uploads\/2019\/04\/Start-Panorama.jpg","contentUrl":"https:\/\/recordati.ch\/wp-content\/uploads\/2019\/04\/Start-Panorama.jpg","width":2314,"height":429,"caption":"Recordati Schweiz"},{"@type":"BreadcrumbList","@id":"https:\/\/recordati.ch\/fr\/home\/afiliation\/#breadcrumb","itemListElement":[{"@type":"ListItem","position":1,"name":"Startseite","item":"https:\/\/recordati.ch\/fr\/"},{"@type":"ListItem","position":2,"name":"Recordati","item":"https:\/\/recordati.ch\/fr\/"},{"@type":"ListItem","position":3,"name":"Affiliations"}]},{"@type":"WebSite","@id":"https:\/\/recordati.ch\/de\/#website","url":"https:\/\/recordati.ch\/de\/","name":"Recordati","description":"","publisher":{"@id":"https:\/\/recordati.ch\/de\/#organization"},"potentialAction":[{"@type":"SearchAction","target":{"@type":"EntryPoint","urlTemplate":"https:\/\/recordati.ch\/de\/?s={search_term_string}"},"query-input":{"@type":"PropertyValueSpecification","valueRequired":true,"valueName":"search_term_string"}}],"inLanguage":"fr-FR"},{"@type":"Organization","@id":"https:\/\/recordati.ch\/de\/#organization","name":"Recordati AG","url":"https:\/\/recordati.ch\/de\/","logo":{"@type":"ImageObject","inLanguage":"fr-FR","@id":"https:\/\/recordati.ch\/de\/#\/schema\/logo\/image\/","url":"https:\/\/recordati.ch\/wp-content\/uploads\/2018\/07\/favicon.png","contentUrl":"https:\/\/recordati.ch\/wp-content\/uploads\/2018\/07\/favicon.png","width":512,"height":512,"caption":"Recordati AG"},"image":{"@id":"https:\/\/recordati.ch\/de\/#\/schema\/logo\/image\/"}}]}},"_links":{"self":[{"href":"https:\/\/recordati.ch\/fr\/wp-json\/wp\/v2\/pages\/7557","targetHints":{"allow":["GET"]}}],"collection":[{"href":"https:\/\/recordati.ch\/fr\/wp-json\/wp\/v2\/pages"}],"about":[{"href":"https:\/\/recordati.ch\/fr\/wp-json\/wp\/v2\/types\/page"}],"author":[{"embeddable":true,"href":"https:\/\/recordati.ch\/fr\/wp-json\/wp\/v2\/users\/158"}],"replies":[{"embeddable":true,"href":"https:\/\/recordati.ch\/fr\/wp-json\/wp\/v2\/comments?post=7557"}],"version-history":[{"count":4,"href":"https:\/\/recordati.ch\/fr\/wp-json\/wp\/v2\/pages\/7557\/revisions"}],"predecessor-version":[{"id":7649,"href":"https:\/\/recordati.ch\/fr\/wp-json\/wp\/v2\/pages\/7557\/revisions\/7649"}],"up":[{"embeddable":true,"href":"https:\/\/recordati.ch\/fr\/wp-json\/wp\/v2\/pages\/3498"}],"wp:featuredmedia":[{"embeddable":true,"href":"https:\/\/recordati.ch\/fr\/wp-json\/wp\/v2\/media\/5295"}],"wp:attachment":[{"href":"https:\/\/recordati.ch\/fr\/wp-json\/wp\/v2\/media?parent=7557"}],"curies":[{"name":"wp","href":"https:\/\/api.w.org\/{rel}","templated":true}]}}