{"id":7576,"date":"2021-06-14T11:26:10","date_gmt":"2021-06-14T09:26:10","guid":{"rendered":"https:\/\/recordati.ch\/?page_id=7576"},"modified":"2021-06-14T11:43:16","modified_gmt":"2021-06-14T09:43:16","slug":"recordati-international-2","status":"publish","type":"page","link":"https:\/\/recordati.ch\/fr\/home\/recordati-international-2\/","title":{"rendered":"Recordati International"},"content":{"rendered":"<p>Recordati, cr\u00e9\u00e9 en 1926, est un groupe pharmaceutique international cot\u00e9 \u00e0 la bourse italienne (Reuters RECI.MI, Bloomberg REC IM, ISIN IT 0003828271), qui emploie plus de 4300 personnes dans la recherche, le d\u00e9veloppement, la fabrication et la vente de produits pharmaceutiques. <span lang=\"fr\">Recordati a son si\u00e8ge \u00e0 Milan en Italie mais travaille dans toute l&#8217;Europe, en Russie et en autres pays CEI, en Ukraine, en Turquie, en Afrique du Nord, aux Etats-Unis, au Canada, au Mexique, dans certains pays d&#8217;Am\u00e9rique du sud, au Japon et en Australie.\u00a0 <\/span><\/p>\n<p>Une \u00e9quipe efficace de repr\u00e9sentants m\u00e9dicaux assure la promotion d&#8217;une s\u00e9rie de m\u00e9dicaments innovants, fabriqu\u00e9s par l&#8217;entreprise ou sous licence, dans un certain nombre de domaines th\u00e9rapeutiques, avec une partie de l&#8217;activit\u00e9 d\u00e9di\u00e9e au traitement de maladies rares.<\/p>\n<p>Recordati est le partenaire de choix pour toute nouvelle licence sur les territoires qu&#8217;il couvre. Recordati s&#8217;engage dans la recherche et le d\u00e9veloppement de nouvelles sp\u00e9cialit\u00e9s et met sp\u00e9cialement l&#8217;accent sur les maladies rares.\u00a0 Son revenu consolid\u00e9 a \u00e9t\u00e9 de \u20ac 1448.9 millions en 2020, le r\u00e9sultat d&#8217;exploitation de \u20ac 469 millions et le r\u00e9sultat net de \u20ac 355 millions.<\/p>\n<p>&nbsp;<\/p>\n<p><a href=\"http:\/\/www.recordati.com\/en\/about_us\/\" target=\"_blank\" rel=\"noopener noreferrer\">About Us<\/a><\/p>\n","protected":false},"excerpt":{"rendered":"<p>Recordati, cr\u00e9\u00e9 en 1926, est un groupe pharmaceutique international cot\u00e9 \u00e0 la bourse italienne (Reuters  &#8230; <a class=\"moretag\" href=\"https:\/\/recordati.ch\/fr\/home\/recordati-international-2\/\"><span class=\"icon-arrow-read_more\"><\/span><\/a><\/p>\n","protected":false},"author":158,"featured_media":5295,"parent":3498,"menu_order":17,"comment_status":"closed","ping_status":"closed","template":"","meta":{"_acf_changed":false,"footnotes":""},"class_list":["post-7576","page","type-page","status-publish","has-post-thumbnail","hentry"],"acf":[],"yoast_head":"<!-- This site is optimized with the Yoast SEO plugin v27.2 - https:\/\/yoast.com\/product\/yoast-seo-wordpress\/ -->\n<title>Recordati International - Recordati<\/title>\n<meta name=\"robots\" content=\"index, follow, max-snippet:-1, max-image-preview:large, max-video-preview:-1\" \/>\n<link rel=\"canonical\" href=\"https:\/\/recordati.ch\/fr\/home\/recordati-international-2\/\" \/>\n<meta property=\"og:locale\" content=\"fr_FR\" \/>\n<meta property=\"og:type\" content=\"article\" \/>\n<meta property=\"og:title\" content=\"Recordati International - Recordati\" \/>\n<meta property=\"og:description\" content=\"Recordati, cr\u00e9\u00e9 en 1926, est un groupe pharmaceutique international cot\u00e9 \u00e0 la bourse italienne (Reuters ...\" \/>\n<meta property=\"og:url\" content=\"https:\/\/recordati.ch\/fr\/home\/recordati-international-2\/\" \/>\n<meta property=\"og:site_name\" content=\"Recordati\" \/>\n<meta property=\"article:modified_time\" content=\"2021-06-14T09:43:16+00:00\" \/>\n<meta property=\"og:image\" content=\"https:\/\/recordati.ch\/wp-content\/uploads\/2019\/04\/Start-Panorama.jpg\" \/>\n\t<meta property=\"og:image:width\" content=\"2314\" \/>\n\t<meta property=\"og:image:height\" content=\"429\" \/>\n\t<meta property=\"og:image:type\" content=\"image\/jpeg\" \/>\n<meta name=\"twitter:card\" content=\"summary_large_image\" \/>\n<meta name=\"twitter:label1\" content=\"Dur\u00e9e de lecture estim\u00e9e\" \/>\n\t<meta name=\"twitter:data1\" content=\"1 minute\" \/>\n<script type=\"application\/ld+json\" class=\"yoast-schema-graph\">{\"@context\":\"https:\/\/schema.org\",\"@graph\":[{\"@type\":\"WebPage\",\"@id\":\"https:\/\/recordati.ch\/fr\/home\/recordati-international-2\/\",\"url\":\"https:\/\/recordati.ch\/fr\/home\/recordati-international-2\/\",\"name\":\"Recordati International - Recordati\",\"isPartOf\":{\"@id\":\"https:\/\/recordati.ch\/de\/#website\"},\"primaryImageOfPage\":{\"@id\":\"https:\/\/recordati.ch\/fr\/home\/recordati-international-2\/#primaryimage\"},\"image\":{\"@id\":\"https:\/\/recordati.ch\/fr\/home\/recordati-international-2\/#primaryimage\"},\"thumbnailUrl\":\"https:\/\/recordati.ch\/wp-content\/uploads\/2019\/04\/Start-Panorama.jpg\",\"datePublished\":\"2021-06-14T09:26:10+00:00\",\"dateModified\":\"2021-06-14T09:43:16+00:00\",\"breadcrumb\":{\"@id\":\"https:\/\/recordati.ch\/fr\/home\/recordati-international-2\/#breadcrumb\"},\"inLanguage\":\"fr-FR\",\"potentialAction\":[{\"@type\":\"ReadAction\",\"target\":[\"https:\/\/recordati.ch\/fr\/home\/recordati-international-2\/\"]}]},{\"@type\":\"ImageObject\",\"inLanguage\":\"fr-FR\",\"@id\":\"https:\/\/recordati.ch\/fr\/home\/recordati-international-2\/#primaryimage\",\"url\":\"https:\/\/recordati.ch\/wp-content\/uploads\/2019\/04\/Start-Panorama.jpg\",\"contentUrl\":\"https:\/\/recordati.ch\/wp-content\/uploads\/2019\/04\/Start-Panorama.jpg\",\"width\":2314,\"height\":429,\"caption\":\"Recordati Schweiz\"},{\"@type\":\"BreadcrumbList\",\"@id\":\"https:\/\/recordati.ch\/fr\/home\/recordati-international-2\/#breadcrumb\",\"itemListElement\":[{\"@type\":\"ListItem\",\"position\":1,\"name\":\"Startseite\",\"item\":\"https:\/\/recordati.ch\/fr\/\"},{\"@type\":\"ListItem\",\"position\":2,\"name\":\"Recordati\",\"item\":\"https:\/\/recordati.ch\/fr\/\"},{\"@type\":\"ListItem\",\"position\":3,\"name\":\"Recordati International\"}]},{\"@type\":\"WebSite\",\"@id\":\"https:\/\/recordati.ch\/de\/#website\",\"url\":\"https:\/\/recordati.ch\/de\/\",\"name\":\"Recordati\",\"description\":\"\",\"publisher\":{\"@id\":\"https:\/\/recordati.ch\/de\/#organization\"},\"potentialAction\":[{\"@type\":\"SearchAction\",\"target\":{\"@type\":\"EntryPoint\",\"urlTemplate\":\"https:\/\/recordati.ch\/de\/?s={search_term_string}\"},\"query-input\":{\"@type\":\"PropertyValueSpecification\",\"valueRequired\":true,\"valueName\":\"search_term_string\"}}],\"inLanguage\":\"fr-FR\"},{\"@type\":\"Organization\",\"@id\":\"https:\/\/recordati.ch\/de\/#organization\",\"name\":\"Recordati AG\",\"url\":\"https:\/\/recordati.ch\/de\/\",\"logo\":{\"@type\":\"ImageObject\",\"inLanguage\":\"fr-FR\",\"@id\":\"https:\/\/recordati.ch\/de\/#\/schema\/logo\/image\/\",\"url\":\"https:\/\/recordati.ch\/wp-content\/uploads\/2018\/07\/favicon.png\",\"contentUrl\":\"https:\/\/recordati.ch\/wp-content\/uploads\/2018\/07\/favicon.png\",\"width\":512,\"height\":512,\"caption\":\"Recordati AG\"},\"image\":{\"@id\":\"https:\/\/recordati.ch\/de\/#\/schema\/logo\/image\/\"}}]}<\/script>\n<!-- \/ Yoast SEO plugin. -->","yoast_head_json":{"title":"Recordati International - Recordati","robots":{"index":"index","follow":"follow","max-snippet":"max-snippet:-1","max-image-preview":"max-image-preview:large","max-video-preview":"max-video-preview:-1"},"canonical":"https:\/\/recordati.ch\/fr\/home\/recordati-international-2\/","og_locale":"fr_FR","og_type":"article","og_title":"Recordati International - Recordati","og_description":"Recordati, cr\u00e9\u00e9 en 1926, est un groupe pharmaceutique international cot\u00e9 \u00e0 la bourse italienne (Reuters ...","og_url":"https:\/\/recordati.ch\/fr\/home\/recordati-international-2\/","og_site_name":"Recordati","article_modified_time":"2021-06-14T09:43:16+00:00","og_image":[{"width":2314,"height":429,"url":"https:\/\/recordati.ch\/wp-content\/uploads\/2019\/04\/Start-Panorama.jpg","type":"image\/jpeg"}],"twitter_card":"summary_large_image","twitter_misc":{"Dur\u00e9e de lecture estim\u00e9e":"1 minute"},"schema":{"@context":"https:\/\/schema.org","@graph":[{"@type":"WebPage","@id":"https:\/\/recordati.ch\/fr\/home\/recordati-international-2\/","url":"https:\/\/recordati.ch\/fr\/home\/recordati-international-2\/","name":"Recordati International - Recordati","isPartOf":{"@id":"https:\/\/recordati.ch\/de\/#website"},"primaryImageOfPage":{"@id":"https:\/\/recordati.ch\/fr\/home\/recordati-international-2\/#primaryimage"},"image":{"@id":"https:\/\/recordati.ch\/fr\/home\/recordati-international-2\/#primaryimage"},"thumbnailUrl":"https:\/\/recordati.ch\/wp-content\/uploads\/2019\/04\/Start-Panorama.jpg","datePublished":"2021-06-14T09:26:10+00:00","dateModified":"2021-06-14T09:43:16+00:00","breadcrumb":{"@id":"https:\/\/recordati.ch\/fr\/home\/recordati-international-2\/#breadcrumb"},"inLanguage":"fr-FR","potentialAction":[{"@type":"ReadAction","target":["https:\/\/recordati.ch\/fr\/home\/recordati-international-2\/"]}]},{"@type":"ImageObject","inLanguage":"fr-FR","@id":"https:\/\/recordati.ch\/fr\/home\/recordati-international-2\/#primaryimage","url":"https:\/\/recordati.ch\/wp-content\/uploads\/2019\/04\/Start-Panorama.jpg","contentUrl":"https:\/\/recordati.ch\/wp-content\/uploads\/2019\/04\/Start-Panorama.jpg","width":2314,"height":429,"caption":"Recordati Schweiz"},{"@type":"BreadcrumbList","@id":"https:\/\/recordati.ch\/fr\/home\/recordati-international-2\/#breadcrumb","itemListElement":[{"@type":"ListItem","position":1,"name":"Startseite","item":"https:\/\/recordati.ch\/fr\/"},{"@type":"ListItem","position":2,"name":"Recordati","item":"https:\/\/recordati.ch\/fr\/"},{"@type":"ListItem","position":3,"name":"Recordati International"}]},{"@type":"WebSite","@id":"https:\/\/recordati.ch\/de\/#website","url":"https:\/\/recordati.ch\/de\/","name":"Recordati","description":"","publisher":{"@id":"https:\/\/recordati.ch\/de\/#organization"},"potentialAction":[{"@type":"SearchAction","target":{"@type":"EntryPoint","urlTemplate":"https:\/\/recordati.ch\/de\/?s={search_term_string}"},"query-input":{"@type":"PropertyValueSpecification","valueRequired":true,"valueName":"search_term_string"}}],"inLanguage":"fr-FR"},{"@type":"Organization","@id":"https:\/\/recordati.ch\/de\/#organization","name":"Recordati AG","url":"https:\/\/recordati.ch\/de\/","logo":{"@type":"ImageObject","inLanguage":"fr-FR","@id":"https:\/\/recordati.ch\/de\/#\/schema\/logo\/image\/","url":"https:\/\/recordati.ch\/wp-content\/uploads\/2018\/07\/favicon.png","contentUrl":"https:\/\/recordati.ch\/wp-content\/uploads\/2018\/07\/favicon.png","width":512,"height":512,"caption":"Recordati AG"},"image":{"@id":"https:\/\/recordati.ch\/de\/#\/schema\/logo\/image\/"}}]}},"_links":{"self":[{"href":"https:\/\/recordati.ch\/fr\/wp-json\/wp\/v2\/pages\/7576","targetHints":{"allow":["GET"]}}],"collection":[{"href":"https:\/\/recordati.ch\/fr\/wp-json\/wp\/v2\/pages"}],"about":[{"href":"https:\/\/recordati.ch\/fr\/wp-json\/wp\/v2\/types\/page"}],"author":[{"embeddable":true,"href":"https:\/\/recordati.ch\/fr\/wp-json\/wp\/v2\/users\/158"}],"replies":[{"embeddable":true,"href":"https:\/\/recordati.ch\/fr\/wp-json\/wp\/v2\/comments?post=7576"}],"version-history":[{"count":10,"href":"https:\/\/recordati.ch\/fr\/wp-json\/wp\/v2\/pages\/7576\/revisions"}],"predecessor-version":[{"id":8658,"href":"https:\/\/recordati.ch\/fr\/wp-json\/wp\/v2\/pages\/7576\/revisions\/8658"}],"up":[{"embeddable":true,"href":"https:\/\/recordati.ch\/fr\/wp-json\/wp\/v2\/pages\/3498"}],"wp:featuredmedia":[{"embeddable":true,"href":"https:\/\/recordati.ch\/fr\/wp-json\/wp\/v2\/media\/5295"}],"wp:attachment":[{"href":"https:\/\/recordati.ch\/fr\/wp-json\/wp\/v2\/media?parent=7576"}],"curies":[{"name":"wp","href":"https:\/\/api.w.org\/{rel}","templated":true}]}}